{"id":13,"date":"2024-12-22T21:31:18","date_gmt":"2024-12-22T21:31:18","guid":{"rendered":"https:\/\/promociondeeventos.sld.cu\/bioqholg2025\/?page_id=13"},"modified":"2024-12-22T21:44:41","modified_gmt":"2024-12-22T21:44:41","slug":"tematicas","status":"publish","type":"page","link":"https:\/\/promociondeeventos.sld.cu\/bioqholg2025\/tematicas\/","title":{"rendered":"Tem\u00e1ticas"},"content":{"rendered":"<p>1-Historia de la Bioqu\u00edmica<br \/>\n2-Biolog\u00eda Celular y Molecular<br \/>\n3-Metabolismo Intermediario<br \/>\n4-Bases moleculares de la Nutrici\u00f3n humana<br \/>\n5-Proceso ense\u00f1anza aprendizaje en la Bioqu\u00edmica M\u00e9dica<br \/>\n6-Recursos educativos digitales para la ense\u00f1anza de la Bioqu\u00edmica<\/p>\n","protected":false},"excerpt":{"rendered":"<p>1-Historia de la Bioqu\u00edmica 2-Biolog\u00eda Celular y Molecular 3-Metabolismo Intermediario 4-Bases moleculares de la Nutrici\u00f3n humana 5-Proceso ense\u00f1anza aprendizaje en la Bioqu\u00edmica M\u00e9dica 6-Recursos educativos digitales para la ense\u00f1anza de la Bioqu\u00edmica<\/p>\n","protected":false},"author":3262,"featured_media":0,"parent":0,"menu_order":0,"comment_status":"closed","ping_status":"closed","template":"","meta":[],"_links":{"self":[{"href":"https:\/\/promociondeeventos.sld.cu\/bioqholg2025\/wp-json\/wp\/v2\/pages\/13"}],"collection":[{"href":"https:\/\/promociondeeventos.sld.cu\/bioqholg2025\/wp-json\/wp\/v2\/pages"}],"about":[{"href":"https:\/\/promociondeeventos.sld.cu\/bioqholg2025\/wp-json\/wp\/v2\/types\/page"}],"author":[{"embeddable":true,"href":"https:\/\/promociondeeventos.sld.cu\/bioqholg2025\/wp-json\/wp\/v2\/users\/3262"}],"replies":[{"embeddable":true,"href":"https:\/\/promociondeeventos.sld.cu\/bioqholg2025\/wp-json\/wp\/v2\/comments?post=13"}],"version-history":[{"count":2,"href":"https:\/\/promociondeeventos.sld.cu\/bioqholg2025\/wp-json\/wp\/v2\/pages\/13\/revisions"}],"predecessor-version":[{"id":34,"href":"https:\/\/promociondeeventos.sld.cu\/bioqholg2025\/wp-json\/wp\/v2\/pages\/13\/revisions\/34"}],"wp:attachment":[{"href":"https:\/\/promociondeeventos.sld.cu\/bioqholg2025\/wp-json\/wp\/v2\/media?parent=13"}],"curies":[{"name":"wp","href":"https:\/\/api.w.org\/{rel}","templated":true}]}}