{"id":7,"date":"2024-09-07T05:09:55","date_gmt":"2024-09-07T05:09:55","guid":{"rendered":"https:\/\/promociondeeventos.sld.cu\/bioecologia2024\/?page_id=7"},"modified":"2024-09-09T14:26:04","modified_gmt":"2024-09-09T14:26:04","slug":"comite-organizador","status":"publish","type":"page","link":"https:\/\/promociondeeventos.sld.cu\/bioecologia2024\/comite-organizador\/","title":{"rendered":"Comit\u00e9 organizador"},"content":{"rendered":"<p><strong>PRESIDENTES:<\/strong><\/p>\n<p>Prof. Mar\u00eda del Carmen Marquetti Fern\u00e1ndez DrC<\/p>\n<p>Investigadora y Profesora\u00a0 Titular. Profesora Consultante. Instituto Medicina Tropical Pedro Kour\u00ed <a href=\"mailto:marquetti@ipk.sld.cu\" target=\"_blank\" rel=\"noopener\">marquetti@ipk.sld.cu<\/a><\/p>\n<p>Prof. Ariamys Companioni Iba\u00f1ez MSc<\/p>\n<p>Investigadora y Profesora Auxiliar Instituto Medicina Tropical Pedro Kour\u00ed<\/p>\n<p><a href=\"mailto:ariamys@ipk.sld.cu\" target=\"_blank\" rel=\"noopener\">ariamys@ipk.sld.cu<\/a><\/p>\n<p><strong>MIEMBROS<\/strong><\/p>\n<p>Prof. Maureen Leyva DraC. Investigadora Auxiliar, Prof. Auxiliar. Instituto Medicina Tropical Pedro Kour\u00ed <a href=\"mailto:maureen@ipk.sld.cu\">maureen@ipk.sld.cu<\/a><\/p>\n<p>Prof. Luis Piedra MSc. Investigador Auxiliar. IPK <a href=\"mailto:piedra@ipk.sld.cu\" target=\"_blank\" rel=\"noopener\">piedra@ipk.sld.cu<\/a><br \/>\nProf. Jorge Fraga Nodarse, DrC. Investigador Titular, Profesor Titular. Instituto Medicina Tropical Pedro Kour\u00ed <a href=\"mailto:fraga@ipk.sld.cu\" target=\"_blank\" rel=\"noopener\">fraga@ipk.sld.cu<\/a><br \/>\nTec. Jorge Campos. Instituto Medicina Tropical Pedro Kour\u00ed. <a href=\"mailto:jcampos@ipk.sld.cu\" target=\"_blank\" rel=\"noopener\">jcampos@ipk.sld.cu<\/a><br \/>\nProf. Marta Castro Peraza Dr C Profesor Titular. Instituto Medicina Tropical Pedro Kour\u00ed <a href=\"mailto:martac@ipk.sld.cu\">martac@ipk.sld.cu<\/a><\/p>\n","protected":false},"excerpt":{"rendered":"<p>PRESIDENTES: Prof. Mar\u00eda del Carmen Marquetti Fern\u00e1ndez DrC Investigadora y Profesora\u00a0 Titular. Profesora Consultante. Instituto Medicina Tropical Pedro Kour\u00ed marquetti@ipk.sld.cu Prof. Ariamys Companioni Iba\u00f1ez MSc Investigadora y Profesora Auxiliar Instituto Medicina Tropical Pedro Kour\u00ed ariamys@ipk.sld.cu MIEMBROS Prof. Maureen Leyva DraC. Investigadora Auxiliar, Prof. Auxiliar. Instituto Medicina Tropical Pedro Kour\u00ed maureen@ipk.sld.cu Prof. Luis Piedra MSc. Investigador [&hellip;]<\/p>\n","protected":false},"author":3262,"featured_media":0,"parent":0,"menu_order":0,"comment_status":"closed","ping_status":"closed","template":"","meta":[],"_links":{"self":[{"href":"https:\/\/promociondeeventos.sld.cu\/bioecologia2024\/wp-json\/wp\/v2\/pages\/7"}],"collection":[{"href":"https:\/\/promociondeeventos.sld.cu\/bioecologia2024\/wp-json\/wp\/v2\/pages"}],"about":[{"href":"https:\/\/promociondeeventos.sld.cu\/bioecologia2024\/wp-json\/wp\/v2\/types\/page"}],"author":[{"embeddable":true,"href":"https:\/\/promociondeeventos.sld.cu\/bioecologia2024\/wp-json\/wp\/v2\/users\/3262"}],"replies":[{"embeddable":true,"href":"https:\/\/promociondeeventos.sld.cu\/bioecologia2024\/wp-json\/wp\/v2\/comments?post=7"}],"version-history":[{"count":3,"href":"https:\/\/promociondeeventos.sld.cu\/bioecologia2024\/wp-json\/wp\/v2\/pages\/7\/revisions"}],"predecessor-version":[{"id":46,"href":"https:\/\/promociondeeventos.sld.cu\/bioecologia2024\/wp-json\/wp\/v2\/pages\/7\/revisions\/46"}],"wp:attachment":[{"href":"https:\/\/promociondeeventos.sld.cu\/bioecologia2024\/wp-json\/wp\/v2\/media?parent=7"}],"curies":[{"name":"wp","href":"https:\/\/api.w.org\/{rel}","templated":true}]}}