{"id":3,"date":"2024-09-07T05:09:23","date_gmt":"2024-09-07T05:09:23","guid":{"rendered":"https:\/\/promociondeeventos.sld.cu\/bioecologia2024\/?page_id=3"},"modified":"2024-09-10T15:10:27","modified_gmt":"2024-09-10T15:10:27","slug":"convocatoria","status":"publish","type":"page","link":"https:\/\/promociondeeventos.sld.cu\/bioecologia2024\/","title":{"rendered":"Convocatoria"},"content":{"rendered":"<p style=\"text-align: justify;\">En las \u00faltimas d\u00e9cadas varios arbovirus han emergido y\/o reemergido en el Nuevo Mundo. Los virus Zika y chikungunya, anteriormente restringidos a \u00c1frica, invadieron el continente americano, conjuntamente con aumentos de casos de dengue en casi todos los pa\u00edses. El virus del Nilo Occidental tambi\u00e9n invadi\u00f3 r\u00e1pidamente Am\u00e9rica del Norte, registr\u00e1ndose casos tambi\u00e9n en Am\u00e9rica Central y del Sur. Otros arbovirus, como Mayaro y el virus de la Encefalitis Equina del Este y Oeste han aumentado su actividad y se han encontrado en nuevas \u00e1reas. Recientemente se detect\u00f3 en Cuba el virus Oropouche complicando la situaci\u00f3n de la transmisi\u00f3n de arbovirus por mosquitos en la isla. Esta problem\u00e1tica en ascenso en el continente americano y el \u00e1rea del Caribe justifica la realizaci\u00f3n de este curso.<\/p>\n","protected":false},"excerpt":{"rendered":"<p>En las \u00faltimas d\u00e9cadas varios arbovirus han emergido y\/o reemergido en el Nuevo Mundo. Los virus Zika y chikungunya, anteriormente restringidos a \u00c1frica, invadieron el continente americano, conjuntamente con aumentos de casos de dengue en casi todos los pa\u00edses. El virus del Nilo Occidental tambi\u00e9n invadi\u00f3 r\u00e1pidamente Am\u00e9rica del Norte, registr\u00e1ndose casos tambi\u00e9n en Am\u00e9rica [&hellip;]<\/p>\n","protected":false},"author":3262,"featured_media":0,"parent":0,"menu_order":0,"comment_status":"closed","ping_status":"closed","template":"","meta":[],"_links":{"self":[{"href":"https:\/\/promociondeeventos.sld.cu\/bioecologia2024\/wp-json\/wp\/v2\/pages\/3"}],"collection":[{"href":"https:\/\/promociondeeventos.sld.cu\/bioecologia2024\/wp-json\/wp\/v2\/pages"}],"about":[{"href":"https:\/\/promociondeeventos.sld.cu\/bioecologia2024\/wp-json\/wp\/v2\/types\/page"}],"author":[{"embeddable":true,"href":"https:\/\/promociondeeventos.sld.cu\/bioecologia2024\/wp-json\/wp\/v2\/users\/3262"}],"replies":[{"embeddable":true,"href":"https:\/\/promociondeeventos.sld.cu\/bioecologia2024\/wp-json\/wp\/v2\/comments?post=3"}],"version-history":[{"count":4,"href":"https:\/\/promociondeeventos.sld.cu\/bioecologia2024\/wp-json\/wp\/v2\/pages\/3\/revisions"}],"predecessor-version":[{"id":63,"href":"https:\/\/promociondeeventos.sld.cu\/bioecologia2024\/wp-json\/wp\/v2\/pages\/3\/revisions\/63"}],"wp:attachment":[{"href":"https:\/\/promociondeeventos.sld.cu\/bioecologia2024\/wp-json\/wp\/v2\/media?parent=3"}],"curies":[{"name":"wp","href":"https:\/\/api.w.org\/{rel}","templated":true}]}}