{"id":3,"date":"2023-07-28T13:19:56","date_gmt":"2023-07-28T13:19:56","guid":{"rendered":"https:\/\/promociondeeventos.sld.cu\/aprendizajenred2023\/?page_id=3"},"modified":"2023-08-23T17:23:01","modified_gmt":"2023-08-23T17:23:01","slug":"convocatoria","status":"publish","type":"page","link":"https:\/\/promociondeeventos.sld.cu\/aprendizajenred2023\/convocatoria\/","title":{"rendered":"Convocatoria"},"content":{"rendered":"<p>La Universidad Virtual de Salud de Cuba (UVS) convoca a las instituciones acad\u00e9micas, docentes-asistenciales e investigativas que la conforman a la XVI Jornada de Aprendizaje en Red. Nuevamente se propiciar\u00e1 un espacio de permanente intercambio, con el objetivo de compartir experiencias sobre la educaci\u00f3n en red en momentos en que se sistematiza la virtualizaci\u00f3n de la educaci\u00f3n en el pa\u00eds, en medio del proceso de transformaci\u00f3n digital que experimenta la educaci\u00f3n m\u00e9dica superior, como continuidad de la informatizaci\u00f3n de la sociedad cubana.<\/p>\n<p>La pandemia de COVID-19 aceler\u00f3 la adopci\u00f3n de la tecnolog\u00eda para prosperar en un mundo cambiante y cada vez m\u00e1s digital, en que la inteligencia artificial y la realidad virtual se proyectan en el presente y el futuro de la educaci\u00f3n. En este contexto la sede central de la UVS propone como tema principal del evento los desaf\u00edos de la Educaci\u00f3n en Red en un mundo pospand\u00e9mico, con la intenci\u00f3n de reflexionar colectivamente sobre las estrategias educativas y las herramientas tecnol\u00f3gicas que estamos adoptando para lograr la flexibilidad, personalizaci\u00f3n, comunicaci\u00f3n y colaboraci\u00f3n en los entornos virtuales, que nos prepare para el presente y el futuro.<\/p>\n<p>Intercambiar ideas, compartir ejemplos de buenas pr\u00e1cticas, promover estrategias institucionales e individuales en modalidades virtuales, semipresenciales y presenciales, potenciar el uso de las herramientas tecnol\u00f3gicas, analizar las experiencias y resultados de la virtualizaci\u00f3n de la ense\u00f1anza, divulgar los resultados de investigaciones educativa, son algunos de los prop\u00f3sitos que pretendemos alcanzar en torno a este tema.<\/p>\n<p>Desde sus inicios, este evento ha propiciado un espacio de participaci\u00f3n activa y creadora sobre temas inherentes a la educaci\u00f3n m\u00e9dica con el empleo de las tecnolog\u00edas de la informaci\u00f3n y la comunicaci\u00f3n, en un contexto en que la educaci\u00f3n a distancia, la generaci\u00f3n de contenidos y la informatizaci\u00f3n de la sociedad son prioridad para el pa\u00eds.<\/p>\n","protected":false},"excerpt":{"rendered":"<p>La Universidad Virtual de Salud de Cuba (UVS) convoca a las instituciones acad\u00e9micas, docentes-asistenciales e investigativas que la conforman a la XVI Jornada de Aprendizaje en Red. Nuevamente se propiciar\u00e1 un espacio de permanente intercambio, con el objetivo de compartir experiencias sobre la educaci\u00f3n en red en momentos en que se sistematiza la virtualizaci\u00f3n de [&hellip;]<\/p>\n","protected":false},"author":3262,"featured_media":0,"parent":0,"menu_order":0,"comment_status":"closed","ping_status":"closed","template":"","meta":[],"_links":{"self":[{"href":"https:\/\/promociondeeventos.sld.cu\/aprendizajenred2023\/wp-json\/wp\/v2\/pages\/3"}],"collection":[{"href":"https:\/\/promociondeeventos.sld.cu\/aprendizajenred2023\/wp-json\/wp\/v2\/pages"}],"about":[{"href":"https:\/\/promociondeeventos.sld.cu\/aprendizajenred2023\/wp-json\/wp\/v2\/types\/page"}],"author":[{"embeddable":true,"href":"https:\/\/promociondeeventos.sld.cu\/aprendizajenred2023\/wp-json\/wp\/v2\/users\/3262"}],"replies":[{"embeddable":true,"href":"https:\/\/promociondeeventos.sld.cu\/aprendizajenred2023\/wp-json\/wp\/v2\/comments?post=3"}],"version-history":[{"count":4,"href":"https:\/\/promociondeeventos.sld.cu\/aprendizajenred2023\/wp-json\/wp\/v2\/pages\/3\/revisions"}],"predecessor-version":[{"id":73,"href":"https:\/\/promociondeeventos.sld.cu\/aprendizajenred2023\/wp-json\/wp\/v2\/pages\/3\/revisions\/73"}],"wp:attachment":[{"href":"https:\/\/promociondeeventos.sld.cu\/aprendizajenred2023\/wp-json\/wp\/v2\/media?parent=3"}],"curies":[{"name":"wp","href":"https:\/\/api.w.org\/{rel}","templated":true}]}}