{"id":21,"date":"2023-07-28T13:24:07","date_gmt":"2023-07-28T13:24:07","guid":{"rendered":"https:\/\/promociondeeventos.sld.cu\/aprendizajenred2023\/?page_id=21"},"modified":"2023-08-23T17:27:07","modified_gmt":"2023-08-23T17:27:07","slug":"estructura-general-del-evento","status":"publish","type":"page","link":"https:\/\/promociondeeventos.sld.cu\/aprendizajenred2023\/estructura-general-del-evento\/","title":{"rendered":"Modalidades"},"content":{"rendered":"<h2><span style=\"font-size: 12pt;\">Presentaci\u00f3n de Ponencias y discusi\u00f3n en Foros<\/span><\/h2>\n<p><span style=\"font-size: 12pt;\">El evento tendr\u00e1 como modalidades de trabajo la presentaci\u00f3n de ponencias, las teleconferencias y el intercambio en foros de discusi\u00f3n en el <a href=\"http:\/\/aulavirtual.sld.cu\/\">Aula Virtual de<\/a> <a href=\"http:\/\/aulavirtual.sld.cu\/\">Salud<\/a> en las siguientes \u00e1reas tem\u00e1ticas:<\/span><\/p>\n<ul>\n<li><span style=\"font-size: 12pt;\">Aprendizaje en Red a trav\u00e9s de las aulas virtuales de salud y otros entornos de aprendizaje: efectividad del uso de entornos virtuales de ense\u00f1anza aprendizaje en modalidades mixtas y virtuales, estrategias educativas, funciones del profesor-tutor, evaluaci\u00f3n de la calidad educativa, experiencias pedag\u00f3gicas y metodol\u00f3gicas, enfoque por competencias, formaci\u00f3n de valores en entornos virtuales, cursos masivos abiertos en l\u00ednea (MOOC), entre otros.<\/span><\/li>\n<li><span style=\"font-size: 12pt;\">Educaci\u00f3n Abierta: Recursos Educativos Abiertos (REA) y Pr\u00e1cticas Educativas Abiertas para la docencia universitaria en salud, c\u00e1psulas educativas, presentaciones interactivas objetos de aprendizaje, p\u00e1ginas web en la docencia universitaria, cl\u00ednica virtual, entre otros.<\/span><\/li>\n<li><span style=\"font-size: 12pt;\">Otras formas de utilizaci\u00f3n de las tecnolog\u00edas de la informaci\u00f3n y las comunicaciones en la docencia y su contribuci\u00f3n a la transformaci\u00f3n digital.<\/span><\/li>\n<\/ul>\n<p><span style=\"font-size: 12pt;\">Tambi\u00e9n sesionar\u00e1 un espacio para el debate asincr\u00f3nico en torno a cada ponencia.<\/span><\/p>\n<h2><span style=\"font-size: 12pt;\">Presentaci\u00f3n de casos cl\u00ednicos<\/span><\/h2>\n<p><span style=\"font-size: 12pt;\">Los participantes podr\u00e1n presentar casos para publicar y discutir en la Cl\u00ednica virtual. Tambi\u00e9n se pueden compartir preguntas, im\u00e1genes y ejercicios interactivos que tributen a desarrollar habilidades en el m\u00e9todo cl\u00ednico. Las modalidades son:<\/span><\/p>\n<ul>\n<li><span style=\"font-size: 12pt;\">Estudio de casos (presentaci\u00f3n de casos)<\/span><\/li>\n<li><span style=\"font-size: 12pt;\">Discusi\u00f3n diagn\u00f3stica<\/span><\/li>\n<li><span style=\"font-size: 12pt;\">Cl\u00ednica patol\u00f3gica<\/span><\/li>\n<li><span style=\"font-size: 12pt;\">Preguntas al experto<\/span><\/li>\n<li><span style=\"font-size: 12pt;\">Haga su diagn\u00f3stico<\/span><\/li>\n<li><span style=\"font-size: 12pt;\">Ejercicios interactivos<\/span><\/li>\n<\/ul>\n<p><span style=\"font-size: 12pt;\">En el marco de la jornada se realizar\u00e1 la Reuni\u00f3n Nacional Virtual de las C\u00e1tedras de la UVS, a trav\u00e9s de un foro para debatir sobre el trabajo desarrollado en el curso acad\u00e9mico 2022-2023.<\/span><\/p>\n<p><span style=\"font-size: 12pt;\">Se impartir\u00e1n teleconferencias sobre temas relacionados con el aprendizaje en encuentros sincr\u00f3nicos. La clausura se realizar\u00e1 en una sesi\u00f3n sincr\u00f3nica el viernes 20 de octubre de las 10.00 a.m. a 12:00 m.<\/span><\/p>\n","protected":false},"excerpt":{"rendered":"<p>Presentaci\u00f3n de Ponencias y discusi\u00f3n en Foros El evento tendr\u00e1 como modalidades de trabajo la presentaci\u00f3n de ponencias, las teleconferencias y el intercambio en foros de discusi\u00f3n en el Aula Virtual de Salud en las siguientes \u00e1reas tem\u00e1ticas: Aprendizaje en Red a trav\u00e9s de las aulas virtuales de salud y otros entornos de aprendizaje: efectividad [&hellip;]<\/p>\n","protected":false},"author":3262,"featured_media":0,"parent":0,"menu_order":0,"comment_status":"closed","ping_status":"closed","template":"","meta":[],"_links":{"self":[{"href":"https:\/\/promociondeeventos.sld.cu\/aprendizajenred2023\/wp-json\/wp\/v2\/pages\/21"}],"collection":[{"href":"https:\/\/promociondeeventos.sld.cu\/aprendizajenred2023\/wp-json\/wp\/v2\/pages"}],"about":[{"href":"https:\/\/promociondeeventos.sld.cu\/aprendizajenred2023\/wp-json\/wp\/v2\/types\/page"}],"author":[{"embeddable":true,"href":"https:\/\/promociondeeventos.sld.cu\/aprendizajenred2023\/wp-json\/wp\/v2\/users\/3262"}],"replies":[{"embeddable":true,"href":"https:\/\/promociondeeventos.sld.cu\/aprendizajenred2023\/wp-json\/wp\/v2\/comments?post=21"}],"version-history":[{"count":7,"href":"https:\/\/promociondeeventos.sld.cu\/aprendizajenred2023\/wp-json\/wp\/v2\/pages\/21\/revisions"}],"predecessor-version":[{"id":74,"href":"https:\/\/promociondeeventos.sld.cu\/aprendizajenred2023\/wp-json\/wp\/v2\/pages\/21\/revisions\/74"}],"wp:attachment":[{"href":"https:\/\/promociondeeventos.sld.cu\/aprendizajenred2023\/wp-json\/wp\/v2\/media?parent=21"}],"curies":[{"name":"wp","href":"https:\/\/api.w.org\/{rel}","templated":true}]}}