{"id":17,"date":"2023-07-28T13:22:34","date_gmt":"2023-07-28T13:22:34","guid":{"rendered":"https:\/\/promociondeeventos.sld.cu\/aprendizajenred2023\/?page_id=17"},"modified":"2023-08-23T17:23:45","modified_gmt":"2023-08-23T17:23:45","slug":"normas-de-presentacion","status":"publish","type":"page","link":"https:\/\/promociondeeventos.sld.cu\/aprendizajenred2023\/normas-de-presentacion\/","title":{"rendered":"Normas de presentaci\u00f3n"},"content":{"rendered":"<p>Ponencias y casos cl\u00ednicos:<\/p>\n<p>Ponencias<br \/>\nLos trabajos deber\u00e1n presentarse en documentos Word. Se recomienda que se lleven a formato pdf.<br \/>\nPara los textos se utilizar\u00e1 la tipograf\u00eda Arial, a 11 puntos, a un espacio de interlineado, tama\u00f1o carta (8\u00bd x 11 \u00f3 21.59 cm. x 27.94 cm.) y m\u00e1rgenes de 2 cm. por cada lado. La extensi\u00f3n de los trabajos no debe exceder las 10 p\u00e1ginas.<\/p>\n<p>Formato de los trabajos:<br \/>\n\u2022 T\u00edtulo (en may\u00fascula).<br \/>\n\u2022 Autor y coautores, con sus direcciones electr\u00f3nicas.<br \/>\n\u2022 Instituci\u00f3n y pa\u00eds de autores y coautores.<br \/>\n\u2022 Resumen del trabajo y palabras clave (m\u00e1ximo 250 palabras).<br \/>\n\u2022 Texto del trabajo (estructurado en introducci\u00f3n, metodolog\u00eda, resultados, discusi\u00f3n, conclusiones y referencias bibliogr\u00e1ficas).<br \/>\nCasos Cl\u00ednicos<br \/>\nNombre de los autores, t\u00edtulos o categor\u00edas, instituci\u00f3n laboral y correo electr\u00f3nico.<br \/>\nLa descripci\u00f3n de los casos cl\u00ednicos incluir\u00e1:<br \/>\n\u2022 Tipo de caso cl\u00ednico (discusi\u00f3n diagn\u00f3stica, cl\u00ednico patol\u00f3gica o estudio de caso)<br \/>\n\u2022 Motivo de Ingreso<br \/>\n\u2022 Datos Generales del Paciente<br \/>\n\u2022 Edad<br \/>\n\u2022 Sexo<br \/>\n\u2022 Color de la piel<br \/>\n\u2022 Ocupaci\u00f3n<br \/>\n\u2022 Antecedentes Patol\u00f3gicos Personales<br \/>\n\u2022 Antecedentes Patol\u00f3gicos Familiares<br \/>\n\u2022 H\u00e1bitos T\u00f3xicos<br \/>\n\u2022 Descripci\u00f3n del Caso<br \/>\n\u2022 Laboratorio<br \/>\n\u2022 Imagenolog\u00eda<br \/>\n\u2022 Patolog\u00eda<br \/>\n\u2022 Otros<br \/>\n\u2022 Im\u00e1genes<br \/>\n\u2022 Comentarios del especialista<br \/>\nLas im\u00e1genes se enviar\u00e1n en ficheros independientes. Es requisito que sean in\u00e9ditas.<br \/>\nHaga su diagn\u00f3stico<br \/>\nEstructura propuesta<br \/>\n\u2022 Exposici\u00f3n del caso<br \/>\n\u2022 Pregunta tipo selecci\u00f3n o Verdadero\/Falso y sus respuestas<br \/>\n\u2022 Revisi\u00f3n bibliogr\u00e1fica del tema<br \/>\n\u2022 Galer\u00eda de im\u00e1genes relacionadas con el tema<\/p>\n<p>Nota. Ver ejemplos en: http:\/\/aulavirtual.sld.cu\/course\/index.php?categoryid=47<\/p>\n<p>&nbsp;<\/p>\n","protected":false},"excerpt":{"rendered":"<p>Ponencias y casos cl\u00ednicos: Ponencias Los trabajos deber\u00e1n presentarse en documentos Word. Se recomienda que se lleven a formato pdf. Para los textos se utilizar\u00e1 la tipograf\u00eda Arial, a 11 puntos, a un espacio de interlineado, tama\u00f1o carta (8\u00bd x 11 \u00f3 21.59 cm. x 27.94 cm.) y m\u00e1rgenes de 2 cm. por cada lado. [&hellip;]<\/p>\n","protected":false},"author":3262,"featured_media":0,"parent":0,"menu_order":0,"comment_status":"closed","ping_status":"closed","template":"","meta":[],"_links":{"self":[{"href":"https:\/\/promociondeeventos.sld.cu\/aprendizajenred2023\/wp-json\/wp\/v2\/pages\/17"}],"collection":[{"href":"https:\/\/promociondeeventos.sld.cu\/aprendizajenred2023\/wp-json\/wp\/v2\/pages"}],"about":[{"href":"https:\/\/promociondeeventos.sld.cu\/aprendizajenred2023\/wp-json\/wp\/v2\/types\/page"}],"author":[{"embeddable":true,"href":"https:\/\/promociondeeventos.sld.cu\/aprendizajenred2023\/wp-json\/wp\/v2\/users\/3262"}],"replies":[{"embeddable":true,"href":"https:\/\/promociondeeventos.sld.cu\/aprendizajenred2023\/wp-json\/wp\/v2\/comments?post=17"}],"version-history":[{"count":5,"href":"https:\/\/promociondeeventos.sld.cu\/aprendizajenred2023\/wp-json\/wp\/v2\/pages\/17\/revisions"}],"predecessor-version":[{"id":75,"href":"https:\/\/promociondeeventos.sld.cu\/aprendizajenred2023\/wp-json\/wp\/v2\/pages\/17\/revisions\/75"}],"wp:attachment":[{"href":"https:\/\/promociondeeventos.sld.cu\/aprendizajenred2023\/wp-json\/wp\/v2\/media?parent=17"}],"curies":[{"name":"wp","href":"https:\/\/api.w.org\/{rel}","templated":true}]}}