{"id":12,"date":"2023-07-28T13:21:47","date_gmt":"2023-07-28T13:21:47","guid":{"rendered":"https:\/\/promociondeeventos.sld.cu\/aprendizajenred2023\/?page_id=12"},"modified":"2023-08-23T17:24:25","modified_gmt":"2023-08-23T17:24:25","slug":"tematicas","status":"publish","type":"page","link":"https:\/\/promociondeeventos.sld.cu\/aprendizajenred2023\/tematicas\/","title":{"rendered":"Tem\u00e1ticas"},"content":{"rendered":"<p>\u2022 Aprendizaje en Red a trav\u00e9s de las aulas virtuales de salud y otros entornos de aprendizaje<br \/>\n\u2022 Educaci\u00f3n Abierta<br \/>\n\u2022 Otras formas de utilizaci\u00f3n de las tecnolog\u00edas de la informaci\u00f3n y las comunicaciones en la docencia.<\/p>\n","protected":false},"excerpt":{"rendered":"<p>\u2022 Aprendizaje en Red a trav\u00e9s de las aulas virtuales de salud y otros entornos de aprendizaje \u2022 Educaci\u00f3n Abierta \u2022 Otras formas de utilizaci\u00f3n de las tecnolog\u00edas de la informaci\u00f3n y las comunicaciones en la docencia.<\/p>\n","protected":false},"author":3262,"featured_media":0,"parent":0,"menu_order":0,"comment_status":"closed","ping_status":"closed","template":"","meta":[],"_links":{"self":[{"href":"https:\/\/promociondeeventos.sld.cu\/aprendizajenred2023\/wp-json\/wp\/v2\/pages\/12"}],"collection":[{"href":"https:\/\/promociondeeventos.sld.cu\/aprendizajenred2023\/wp-json\/wp\/v2\/pages"}],"about":[{"href":"https:\/\/promociondeeventos.sld.cu\/aprendizajenred2023\/wp-json\/wp\/v2\/types\/page"}],"author":[{"embeddable":true,"href":"https:\/\/promociondeeventos.sld.cu\/aprendizajenred2023\/wp-json\/wp\/v2\/users\/3262"}],"replies":[{"embeddable":true,"href":"https:\/\/promociondeeventos.sld.cu\/aprendizajenred2023\/wp-json\/wp\/v2\/comments?post=12"}],"version-history":[{"count":5,"href":"https:\/\/promociondeeventos.sld.cu\/aprendizajenred2023\/wp-json\/wp\/v2\/pages\/12\/revisions"}],"predecessor-version":[{"id":76,"href":"https:\/\/promociondeeventos.sld.cu\/aprendizajenred2023\/wp-json\/wp\/v2\/pages\/12\/revisions\/76"}],"wp:attachment":[{"href":"https:\/\/promociondeeventos.sld.cu\/aprendizajenred2023\/wp-json\/wp\/v2\/media?parent=12"}],"curies":[{"name":"wp","href":"https:\/\/api.w.org\/{rel}","templated":true}]}}