{"id":2,"date":"2025-07-07T15:41:28","date_gmt":"2025-07-07T15:41:28","guid":{"rendered":"https:\/\/promociondeeventos.sld.cu\/anti-infecciosos2025\/?page_id=2"},"modified":"2025-07-16T12:31:29","modified_gmt":"2025-07-16T12:31:29","slug":"pagina-ejemplo","status":"publish","type":"page","link":"https:\/\/promociondeeventos.sld.cu\/anti-infecciosos2025\/","title":{"rendered":"Convocatoria"},"content":{"rendered":"<p>El presente Taller se realizar\u00e1 como parte de la discusi\u00f3n de los avances de los resultados del proyecto Cyted . En el mismo,\u00a0 participan 9 pa\u00edses , y tiene el objetivo de actualizar acerca de los m\u00e9todos y estrategias para la evaluaci\u00f3n y desarrollo de nuevos productos con actividad antibacteriana, antif\u00fangica, antiparasitaria y antiviral.<\/p>\r\n<p style=\"text-align: center\"><a href=\"http:\/\/promociondeeventos.sld.cu\/anti-infecciosos2025\/files\/2025\/07\/PROGRAMA-CIENTIFICO-GENERAL-II-Taller-antiinfecciosos-2025.pdf\" target=\"_blank\" rel=\"noopener\">PROGRAMA CIENT\u00cdFICO GENERAL<\/a><\/p>\r\n<p><img decoding=\"async\" loading=\"lazy\" class=\"aligncenter  wp-image-43\" src=\"http:\/\/promociondeeventos.sld.cu\/anti-infecciosos2025\/files\/2025\/07\/Im-300x116.jpg\" alt=\"\" width=\"522\" height=\"202\" srcset=\"https:\/\/promociondeeventos.sld.cu\/anti-infecciosos2025\/files\/2025\/07\/Im-300x116.jpg 300w, https:\/\/promociondeeventos.sld.cu\/anti-infecciosos2025\/files\/2025\/07\/Im-1024x395.jpg 1024w, https:\/\/promociondeeventos.sld.cu\/anti-infecciosos2025\/files\/2025\/07\/Im-768x297.jpg 768w, https:\/\/promociondeeventos.sld.cu\/anti-infecciosos2025\/files\/2025\/07\/Im-250x97.jpg 250w, https:\/\/promociondeeventos.sld.cu\/anti-infecciosos2025\/files\/2025\/07\/Im.jpg 1150w\" sizes=\"(max-width: 522px) 100vw, 522px\" \/><\/p>\r\n<p>&nbsp;<\/p>\r\n<p>&nbsp;<\/p>\r\n<p>&nbsp;<\/p>\r\n<p>&nbsp;<\/p>\r\n","protected":false},"excerpt":{"rendered":"<p>El presente Taller se realizar\u00e1 como parte de la discusi\u00f3n de los avances de los resultados del proyecto Cyted . En el mismo,\u00a0 participan 9 pa\u00edses , y tiene el objetivo de actualizar acerca de los m\u00e9todos y estrategias para la evaluaci\u00f3n y desarrollo de nuevos productos con actividad antibacteriana, antif\u00fangica, antiparasitaria y antiviral. PROGRAMA [&hellip;]<\/p>\n","protected":false},"author":3257,"featured_media":0,"parent":0,"menu_order":0,"comment_status":"closed","ping_status":"open","template":"","meta":[],"_links":{"self":[{"href":"https:\/\/promociondeeventos.sld.cu\/anti-infecciosos2025\/wp-json\/wp\/v2\/pages\/2"}],"collection":[{"href":"https:\/\/promociondeeventos.sld.cu\/anti-infecciosos2025\/wp-json\/wp\/v2\/pages"}],"about":[{"href":"https:\/\/promociondeeventos.sld.cu\/anti-infecciosos2025\/wp-json\/wp\/v2\/types\/page"}],"author":[{"embeddable":true,"href":"https:\/\/promociondeeventos.sld.cu\/anti-infecciosos2025\/wp-json\/wp\/v2\/users\/3257"}],"replies":[{"embeddable":true,"href":"https:\/\/promociondeeventos.sld.cu\/anti-infecciosos2025\/wp-json\/wp\/v2\/comments?post=2"}],"version-history":[{"count":12,"href":"https:\/\/promociondeeventos.sld.cu\/anti-infecciosos2025\/wp-json\/wp\/v2\/pages\/2\/revisions"}],"predecessor-version":[{"id":46,"href":"https:\/\/promociondeeventos.sld.cu\/anti-infecciosos2025\/wp-json\/wp\/v2\/pages\/2\/revisions\/46"}],"wp:attachment":[{"href":"https:\/\/promociondeeventos.sld.cu\/anti-infecciosos2025\/wp-json\/wp\/v2\/media?parent=2"}],"curies":[{"name":"wp","href":"https:\/\/api.w.org\/{rel}","templated":true}]}}