{"id":14,"date":"2024-06-25T22:27:11","date_gmt":"2024-06-25T22:27:11","guid":{"rendered":"https:\/\/promociondeeventos.sld.cu\/anti-infecciosos2024\/?page_id=14"},"modified":"2024-06-27T13:52:57","modified_gmt":"2024-06-27T13:52:57","slug":"normas-de-participacion","status":"publish","type":"page","link":"https:\/\/promociondeeventos.sld.cu\/anti-infecciosos2024\/normas-de-participacion\/","title":{"rendered":"Normas de presentaci\u00f3n"},"content":{"rendered":"<p>Modalidades de presentaci\u00f3n:<\/p>\n<ul>\n<li>conferencias<\/li>\n<li>mag\u00edstrales,<\/li>\n<li>presentaci\u00f3n oral<\/li>\n<li>p\u00f3ster electr\u00f3nico.<\/li>\n<\/ul>\n<p>Instrucciones para la elaboraci\u00f3n de la presentaci\u00f3n oral:<br \/>\n&#8211; Formato Power Point. Realizar la presentaci\u00f3n en 20 minutos.<br \/>\n&#8211; Instrucciones para la elaboraci\u00f3n del poster\/cartel:<br \/>\n&#8211; Dimensiones: Elaborados en un formato que no exceda un espacio \u00fatil de 80 cm de ancho por 100 cm de alto<br \/>\n&#8211; Conformaci\u00f3n:en la parte superior del cartel coloque el t\u00edtulo de su trabajo,los autores y la(s) instituci\u00f3n(es)a que pertenece(n). En el cuerpo del cartel debe incluir las secciones siguientes: introducci\u00f3n,\u00a0 objetivos,materiales y m\u00e9todos, resultados, y conclusi\u00f3n.<\/p>\n","protected":false},"excerpt":{"rendered":"<p>Modalidades de presentaci\u00f3n: conferencias mag\u00edstrales, presentaci\u00f3n oral p\u00f3ster electr\u00f3nico. Instrucciones para la elaboraci\u00f3n de la presentaci\u00f3n oral: &#8211; Formato Power Point. Realizar la presentaci\u00f3n en 20 minutos. &#8211; Instrucciones para la elaboraci\u00f3n del poster\/cartel: &#8211; Dimensiones: Elaborados en un formato que no exceda un espacio \u00fatil de 80 cm de ancho por 100 cm de [&hellip;]<\/p>\n","protected":false},"author":4,"featured_media":0,"parent":0,"menu_order":0,"comment_status":"closed","ping_status":"closed","template":"","meta":[],"_links":{"self":[{"href":"https:\/\/promociondeeventos.sld.cu\/anti-infecciosos2024\/wp-json\/wp\/v2\/pages\/14"}],"collection":[{"href":"https:\/\/promociondeeventos.sld.cu\/anti-infecciosos2024\/wp-json\/wp\/v2\/pages"}],"about":[{"href":"https:\/\/promociondeeventos.sld.cu\/anti-infecciosos2024\/wp-json\/wp\/v2\/types\/page"}],"author":[{"embeddable":true,"href":"https:\/\/promociondeeventos.sld.cu\/anti-infecciosos2024\/wp-json\/wp\/v2\/users\/4"}],"replies":[{"embeddable":true,"href":"https:\/\/promociondeeventos.sld.cu\/anti-infecciosos2024\/wp-json\/wp\/v2\/comments?post=14"}],"version-history":[{"count":3,"href":"https:\/\/promociondeeventos.sld.cu\/anti-infecciosos2024\/wp-json\/wp\/v2\/pages\/14\/revisions"}],"predecessor-version":[{"id":30,"href":"https:\/\/promociondeeventos.sld.cu\/anti-infecciosos2024\/wp-json\/wp\/v2\/pages\/14\/revisions\/30"}],"wp:attachment":[{"href":"https:\/\/promociondeeventos.sld.cu\/anti-infecciosos2024\/wp-json\/wp\/v2\/media?parent=14"}],"curies":[{"name":"wp","href":"https:\/\/api.w.org\/{rel}","templated":true}]}}