{"id":6,"date":"2024-03-17T20:03:00","date_gmt":"2024-03-17T20:03:00","guid":{"rendered":"https:\/\/promociondeeventos.sld.cu\/algoritmosira2024\/?page_id=6"},"modified":"2024-03-18T15:22:20","modified_gmt":"2024-03-18T15:22:20","slug":"comite-cientifico","status":"publish","type":"page","link":"https:\/\/promociondeeventos.sld.cu\/algoritmosira2024\/comite-cientifico\/","title":{"rendered":"Comit\u00e9 cient\u00edfico"},"content":{"rendered":"<p>Dra. Mar\u00eda T. Illnait Zaragoz\u00ed, Dr. C. J\u00b4 Dpto de Bacteriolog\u00eda-Micolog\u00eda, CIDR-IPK (mtilnait@ipk.sld.cu)<br \/>\nDra. Vivian Kour\u00ed Cardell\u00e1, Dr. Cs. Directora del IPK (vkour\u00ed@ipk.sld.cu)<br \/>\nDra. Mar\u00eda G. Guzm\u00e1n Tirado, Dr. Cs. J\u00b4 Centro de Investigaci\u00f3n Diagn\u00f3stico y Referencia, IPK (lupe@ipk.sld.cu)<br \/>\nDra. Sonia Resik Aguirre, Dr. Cs. J\u00b4 Dpto Virolog\u00eda, CIDR-IPK (sresik@ipk.sld.cu)<br \/>\nDra. Mar\u00eda de los \u00c1ngeles Le\u00f3n, M. Sc. J\u00b4 Programa de Prevenci\u00f3n y Control de IRA, Minsap (mleonv@infomed.sld.cu)<\/p>\n","protected":false},"excerpt":{"rendered":"<p>Dra. Mar\u00eda T. Illnait Zaragoz\u00ed, Dr. C. J\u00b4 Dpto de Bacteriolog\u00eda-Micolog\u00eda, CIDR-IPK (mtilnait@ipk.sld.cu) Dra. Vivian Kour\u00ed Cardell\u00e1, Dr. Cs. Directora del IPK (vkour\u00ed@ipk.sld.cu) Dra. Mar\u00eda G. Guzm\u00e1n Tirado, Dr. Cs. J\u00b4 Centro de Investigaci\u00f3n Diagn\u00f3stico y Referencia, IPK (lupe@ipk.sld.cu) Dra. Sonia Resik Aguirre, Dr. Cs. J\u00b4 Dpto Virolog\u00eda, CIDR-IPK (sresik@ipk.sld.cu) Dra. Mar\u00eda de los \u00c1ngeles [&hellip;]<\/p>\n","protected":false},"author":3262,"featured_media":0,"parent":0,"menu_order":0,"comment_status":"closed","ping_status":"closed","template":"","meta":[],"_links":{"self":[{"href":"https:\/\/promociondeeventos.sld.cu\/algoritmosira2024\/wp-json\/wp\/v2\/pages\/6"}],"collection":[{"href":"https:\/\/promociondeeventos.sld.cu\/algoritmosira2024\/wp-json\/wp\/v2\/pages"}],"about":[{"href":"https:\/\/promociondeeventos.sld.cu\/algoritmosira2024\/wp-json\/wp\/v2\/types\/page"}],"author":[{"embeddable":true,"href":"https:\/\/promociondeeventos.sld.cu\/algoritmosira2024\/wp-json\/wp\/v2\/users\/3262"}],"replies":[{"embeddable":true,"href":"https:\/\/promociondeeventos.sld.cu\/algoritmosira2024\/wp-json\/wp\/v2\/comments?post=6"}],"version-history":[{"count":2,"href":"https:\/\/promociondeeventos.sld.cu\/algoritmosira2024\/wp-json\/wp\/v2\/pages\/6\/revisions"}],"predecessor-version":[{"id":29,"href":"https:\/\/promociondeeventos.sld.cu\/algoritmosira2024\/wp-json\/wp\/v2\/pages\/6\/revisions\/29"}],"wp:attachment":[{"href":"https:\/\/promociondeeventos.sld.cu\/algoritmosira2024\/wp-json\/wp\/v2\/media?parent=6"}],"curies":[{"name":"wp","href":"https:\/\/api.w.org\/{rel}","templated":true}]}}