{"id":57,"date":"2024-03-26T17:14:00","date_gmt":"2024-03-26T17:14:00","guid":{"rendered":"https:\/\/promociondeeventos.sld.cu\/60cnicm\/?page_id=57"},"modified":"2024-03-27T16:09:01","modified_gmt":"2024-03-27T16:09:01","slug":"cnicm-en-la-prensa","status":"publish","type":"page","link":"https:\/\/promociondeeventos.sld.cu\/60cnicm\/cnicm-en-la-prensa\/","title":{"rendered":"CNICM en la prensa"},"content":{"rendered":"<p>Noticias:<\/p>\n<ol>\n<li><a href=\"https:\/\/actualidad.sld.cu\/blog\/noticia\/infomed-de-frente-al-futuro\/\">Infomed de frente al futuro: <\/a><span class=\"dmbs-post-fuente text-muted text-uppercase\">Fuente: <a href=\"https:\/\/www.sld.cu\/\" target=\"_blank\" rel=\"noopener\">CNICM-Infomed<\/a><\/span>| <span class=\"dmbs-post-date text-muted text-uppercase\"> 1 diciembre 2023<\/span> |<\/li>\n<li><a href=\"https:\/\/actualidad.sld.cu\/blog\/noticia\/infomed-abre-sus-puertas-a-estudiantes-de-ciencias-de-la-informacion\/\" rel=\"bookmark\">Infomed abre sus puertas a estudiantes de Ciencias de la Informaci\u00f3n:\u00a0<\/a> <span class=\"dmbs-post-fuente text-muted text-uppercase\">Fuente: <a href=\"http:\/\/www.sld.cu\/\" target=\"_blank\" rel=\"noopener\">CNICM-Infomed<\/a><\/span>| <span class=\"dmbs-post-date text-muted text-uppercase\"> 22 marzo 2024<\/span><\/li>\n<li><a href=\"https:\/\/actualidad.sld.cu\/blog\/noticia\/mas-de-80-titulos-vendidos-por-la-editorial-ciencias-medicas-en-la-feria-del-libro-de-la-habana\/\" rel=\"bookmark\">M\u00e1s de 80 t\u00edtulos vendidos por la Editorial Ciencias M\u00e9dicas en la Feria del Libro de La Habana:<span class=\"dmbs-post-fuente text-muted text-uppercase\"> Fuente: <\/span><\/a><a href=\"https:\/\/www.sld.cu\/\" target=\"_blank\" rel=\"noopener\">CNICM-Infomed<\/a>| <span class=\"dmbs-post-date text-muted text-uppercase\"> 1 marzo 2024<\/span> |<\/li>\n<li><a href=\"https:\/\/actualidad.sld.cu\/blog\/noticia\/culmino-programa-de-presentaciones-de-ecimed-en-la-filh-2024\/\" rel=\"bookmark\">\u00a0Culmin\u00f3 programa de presentaciones de ECIMED en la FILH 2024:\u00a0<\/a> <span class=\"dmbs-post-fuente text-muted text-uppercase\">Fuente: <a href=\"http:\/\/www.ecimed.sld.cu\/2024\/02\/27\/culmino-el-programa-de-presentaciones-de-ecimed-en-la-filh-2024\/\" target=\"_blank\" rel=\"noopener\">Editorial Ciencias M\u00e9dicas, ECIMED<\/a><\/span>| <span class=\"dmbs-post-date text-muted text-uppercase\"> 29 febrero 2024<\/span> |<\/li>\n<li><a href=\"https:\/\/actualidad.sld.cu\/blog\/noticia\/ratifican-en-el-centro-nacional-de-informacion-de-ciencias-medicas-nueva-actualizacion-del-codigo-de-etica\/\" rel=\"bookmark\">Ratifican en el Centro Nacional de Informaci\u00f3n de Ciencias M\u00e9dicas, nueva actualizaci\u00f3n del C\u00f3digo de \u00c9tica:\u00a0 F<\/a><span class=\"dmbs-post-fuente text-muted text-uppercase\">uente: <a href=\"https:\/\/www.sld.cu\/\" target=\"_blank\" rel=\"noopener\">CNICM-Infomed<\/a><\/span>| <span class=\"dmbs-post-date text-muted text-uppercase\"> 24 febrero 2024<\/span> |<\/li>\n<li><a href=\"https:\/\/actualidad.sld.cu\/blog\/noticia\/ecimed-presenta-la-coleccion-de-obras-dedicadas-al-primer-nivel-de-atencion\/\" rel=\"bookmark\">Ecimed presenta la colecci\u00f3n de obras dedicadas al primer nivel de atenci\u00f3n<\/a> <span class=\"dmbs-post-fuente text-muted text-uppercase\">Fuente: <a href=\"http:\/\/www.ecimed.sld.cu\/\" target=\"_blank\" rel=\"noopener\">Ecimed<\/a><\/span>| <span class=\"dmbs-post-date text-muted text-uppercase\"> 23 febrero 2024<\/span> |<\/li>\n<li><a href=\"https:\/\/actualidad.sld.cu\/blog\/noticia\/regalos-de-infomed-para-la-docencia-y-la-investigacion-en-cuba\/\" rel=\"bookmark\">Regalos de Infomed para la docencia y la investigaci\u00f3n en Cuba: <\/a><span class=\"dmbs-post-fuente text-muted text-uppercase\">Fuente: <a href=\"https:\/\/www.sld.cu\/\" target=\"_blank\" rel=\"noopener\">CNICM-Infomed<\/a><\/span>| <span class=\"dmbs-post-date text-muted text-uppercase\"> 25 enero 2024<\/span> |<\/li>\n<li><a href=\"https:\/\/actualidad.sld.cu\/blog\/noticia\/investigadores-e-instituciones-cubanas-del-sector-de-la-salud-en-el-ranking-mundial-de-cientificos-2024\/\" rel=\"bookmark\">Investigadores e instituciones cubanas del sector de la salud en el Ranking Mundial de Cient\u00edficos 2024 <\/a><span class=\"dmbs-post-fuente text-muted text-uppercase\">Fuente: <a href=\"https:\/\/www.prensa-latina.cu\/2024\/01\/09\/instituciones-de-cuba-en-ranking-mundial-de-cientificos\" target=\"_blank\" rel=\"noopener\">Prensa Latina<\/a><\/span>| <span class=\"dmbs-post-date text-muted text-uppercase\"> 15 enero 2024<\/span> |<\/li>\n<li><a href=\"https:\/\/actualidad.sld.cu\/blog\/anuncio\/el-primer-congreso-virtual-en-la-memoria-de-infomed\/\" rel=\"bookmark\">El primer congreso virtual en la memoria de Infomed <\/a><span class=\"dmbs-post-fuente text-muted text-uppercase\">Fuente: <a href=\"https:\/\/actualidad.sld.cu\/\" target=\"_blank\" rel=\"noopener\">CNICM-Infomed<\/a><\/span>| <span class=\"dmbs-post-date text-muted text-uppercase\"> 6 marzo 2024<\/span> |<\/li>\n<li class=\"dmbs-post-title\"><a href=\"https:\/\/actualidad.sld.cu\/blog\/anuncio\/infomed-arriba-a-su-31-aniversario-y-presenta-nuevo-portal-web\/\" rel=\"bookmark\">\u00a1Infomed arriba a su 31 aniversario y presenta nuevo portal web! <\/a><span class=\"dmbs-post-fuente text-muted text-uppercase\">Fuente: <a href=\"https:\/\/portalinfomed.sld.cu\/\" target=\"_blank\" rel=\"noopener\">CNICM-Infomed<\/a><\/span>| <span class=\"dmbs-post-date text-muted text-uppercase\"> 18 diciembre 2023<\/span>|<\/li>\n<li class=\"dmbs-post-title\"><a href=\"https:\/\/actualidad.sld.cu\/blog\/anuncio\/asumir-alfa-y-omega-del-portal-de-infomed\/\" rel=\"bookmark\">De viaje a Guant\u00e1namo\u00a0<\/a><span class=\"dmbs-post-fuente text-muted text-uppercase\">Fuente: <a href=\"https:\/\/www.sld.cu\/\" target=\"_blank\" rel=\"noopener\">CNICM-Infomed<\/a><\/span>| <span class=\"dmbs-post-date text-muted text-uppercase\"> 11 diciembre 2023<\/span> |<\/li>\n<li class=\"card-header dmbs-post-header\"><a href=\"https:\/\/actualidad.sld.cu\/blog\/anuncio\/pedro-urra-un-compromiso-profundo-con-los-objetivos-que-teniamos-y-una-muy-hermosa-camaraderia-nos-permitio-atrevernos-a-muchas-cosas-y-salir-adelante\/\" rel=\"bookmark\">Pedro Urra: \u00abUn compromiso profundo con los objetivos que ten\u00edamos y una muy hermosa camarader\u00eda nos permiti\u00f3 atrevernos a muchas cosas y salir adelante\u00bb \u00a0<\/a><span class=\"dmbs-post-fuente text-muted text-uppercase\">Fuente: <a href=\"https:\/\/files.sld.cu\/bmn\/files\/2023\/12\/Horizontes-06-2023.pdf\" target=\"_blank\" rel=\"noopener\">BMN<\/a><\/span>| <span class=\"dmbs-post-date text-muted text-uppercase\"> 9 diciembre 2023<\/span> |<\/li>\n<li class=\"card-header dmbs-post-header\"><a href=\"https:\/\/actualidad.sld.cu\/blog\/anuncio\/editorial-ciencias-medicas-35-anos-publicando-para-la-salud\/\" rel=\"bookmark\">Editorial Ciencias M\u00e9dicas: 35 a\u00f1os publicando para la salud\u00a0<\/a> <span class=\"dmbs-post-fuente text-muted text-uppercase\">Fuente: <a href=\"https:\/\/www.sld.cu\/\" target=\"_blank\" rel=\"noopener\">CNICM-Infomed<\/a><\/span>| <span class=\"dmbs-post-date text-muted text-uppercase\"> 7 septiembre 2023 <\/span><span class=\"dmbs-post-fuente text-muted text-uppercase\">Fuente: <a href=\"http:\/\/obrasaudiovisuales.sld.cu\/index.php?P=FullRecord&amp;ID=297\" target=\"_blank\" rel=\"noopener\">BVS-Cuba<\/a><\/span>| <span class=\"dmbs-post-date text-muted text-uppercase\"> 17 mayo 2023<\/span> |<\/li>\n<li class=\"card-header dmbs-post-header\"><a href=\"https:\/\/actualidad.sld.cu\/blog\/anuncio\/propuesta-de-la-bvs-a-proposito-del-170-aniversario-del-natalicio-de-jose-marti\/\" rel=\"bookmark\">Propuesta de la BVS a prop\u00f3sito del 170 aniversario del natalicio de Jos\u00e9 Mart\u00ed\u00a0<\/a><span class=\"dmbs-post-fuente text-muted text-uppercase\">Fuente: <a href=\"http:\/\/scieloprueba.sld.cu\/scielo.php?script=sci_arttext&amp;pid=S2308-01322021000100009&amp;lng=es&amp;nrm=iso\" target=\"_blank\" rel=\"noopener\">BVS-Cuba<\/a><\/span>| <span class=\"dmbs-post-date text-muted text-uppercase\"> 28 enero 2023<\/span><\/li>\n<li class=\"card-header dmbs-post-header\"><a href=\"https:\/\/actualidad.sld.cu\/blog\/anuncio\/feliz-dia-del-bibliotecario-cubano-2\/\" rel=\"bookmark\">\u00a1Feliz D\u00eda del Bibliotecario Cubano!\u00a0<\/a>Fuente: <a href=\"https:\/\/www.sld.cu\/\" target=\"_blank\" rel=\"noopener\">CNICM-Infomed<\/a>| 7 junio 2022 |<\/li>\n<li class=\"card-header dmbs-post-header\"><a href=\"https:\/\/actualidad.sld.cu\/blog\/anuncio\/una-profesion-de-sacrificio\/\" rel=\"bookmark\">Una profesi\u00f3n de sacrificio\u00a0\u00a0<\/a>Fuente: <a href=\"http:\/\/www.enfermeriacubana.sld.cu\/\" target=\"_blank\" rel=\"noopener\">CNICM-Infomed<\/a>| 3 junio 2022 |<\/li>\n<li class=\"card-header dmbs-post-header\"><a href=\"https:\/\/actualidad.sld.cu\/blog\/anuncio\/infomed-se-suma-a-la-celebracion-por-el-dia-mundial-del-medico-de-familia\/\" rel=\"bookmark\">Infomed se suma a la celebraci\u00f3n por el D\u00eda Mundial del M\u00e9dico de Familia\u00a0<\/a>Fuente: <a href=\"https:\/\/www.sld.cu\/\" target=\"_blank\" rel=\"noopener\">CNICM-Infomed<\/a>| 19 mayo 2022 |<\/li>\n<li class=\"card-header dmbs-post-header\"><a href=\"https:\/\/actualidad.sld.cu\/blog\/anuncio\/las-telecomunicaciones-y-la-sociedad-de-la-informacion-celebran-su-dia\/\" rel=\"bookmark\">Las telecomunicaciones y la Sociedad de la Informaci\u00f3n celebran su d\u00eda\u00a0<\/a> Fuente: <a href=\"https:\/\/www.itu.int\/wtisd\/es\/\" target=\"_blank\" rel=\"noopener\">CNICM-Infomed<\/a>| 17 mayo 2022 |<\/li>\n<li class=\"card-header dmbs-post-header\"><a href=\"https:\/\/actualidad.sld.cu\/blog\/anuncio\/infomed-es-tambien-el-sueno-de-fidel\/\" rel=\"bookmark\">Infomed es tambi\u00e9n el sue\u00f1o de Fidel\u00a0<\/a>Fuente: <a href=\"https:\/\/temas.sld.cu\/fidel\/2017\/11\/24\/infomed-es-tambien-el-sueno-de-fidel\/\" target=\"_blank\" rel=\"noopener\">Infomed. Fidel<\/a>| 25 noviembre 2021 |<\/li>\n<li class=\"card-header dmbs-post-header\"><a href=\"https:\/\/actualidad.sld.cu\/blog\/anuncio\/aportes-del-centro-nacional-de-informacion-de-ciencias-medicas-frente-a-la-covid-19\/\" rel=\"bookmark\">Aportes del Centro Nacional de Informaci\u00f3n de Ciencias M\u00e9dicas frente a la COVID-19\u00a0<\/a> Fuente: <a href=\"http:\/\/scielo.sld.cu\/scielo.php?script=sci_arttext&amp;pid=S2307-21132020000300010\" target=\"_blank\" rel=\"noopener\">BVS-Cuba<\/a>| 7 junio 2021 |<\/li>\n<\/ol>\n","protected":false},"excerpt":{"rendered":"<p>Noticias: Infomed de frente al futuro: Fuente: CNICM-Infomed| 1 diciembre 2023 | Infomed abre sus puertas a estudiantes de Ciencias de la Informaci\u00f3n:\u00a0 Fuente: CNICM-Infomed| 22 marzo 2024 M\u00e1s de 80 t\u00edtulos vendidos por la Editorial Ciencias M\u00e9dicas en la Feria del Libro de La Habana: Fuente: CNICM-Infomed| 1 marzo 2024 | \u00a0Culmin\u00f3 programa de [&hellip;]<\/p>\n","protected":false},"author":4,"featured_media":0,"parent":0,"menu_order":0,"comment_status":"closed","ping_status":"closed","template":"","meta":[],"_links":{"self":[{"href":"https:\/\/promociondeeventos.sld.cu\/60cnicm\/wp-json\/wp\/v2\/pages\/57"}],"collection":[{"href":"https:\/\/promociondeeventos.sld.cu\/60cnicm\/wp-json\/wp\/v2\/pages"}],"about":[{"href":"https:\/\/promociondeeventos.sld.cu\/60cnicm\/wp-json\/wp\/v2\/types\/page"}],"author":[{"embeddable":true,"href":"https:\/\/promociondeeventos.sld.cu\/60cnicm\/wp-json\/wp\/v2\/users\/4"}],"replies":[{"embeddable":true,"href":"https:\/\/promociondeeventos.sld.cu\/60cnicm\/wp-json\/wp\/v2\/comments?post=57"}],"version-history":[{"count":37,"href":"https:\/\/promociondeeventos.sld.cu\/60cnicm\/wp-json\/wp\/v2\/pages\/57\/revisions"}],"predecessor-version":[{"id":137,"href":"https:\/\/promociondeeventos.sld.cu\/60cnicm\/wp-json\/wp\/v2\/pages\/57\/revisions\/137"}],"wp:attachment":[{"href":"https:\/\/promociondeeventos.sld.cu\/60cnicm\/wp-json\/wp\/v2\/media?parent=57"}],"curies":[{"name":"wp","href":"https:\/\/api.w.org\/{rel}","templated":true}]}}