{"id":55,"date":"2024-03-26T17:10:22","date_gmt":"2024-03-26T17:10:22","guid":{"rendered":"https:\/\/promociondeeventos.sld.cu\/60cnicm\/?page_id=55"},"modified":"2024-05-30T17:38:39","modified_gmt":"2024-05-30T17:38:39","slug":"anuarios-2","status":"publish","type":"page","link":"https:\/\/promociondeeventos.sld.cu\/60cnicm\/anuarios-2\/","title":{"rendered":"Anuarios"},"content":{"rendered":"<p>Necesitamos la historia para explicarnos de d\u00f3nde venimos y hacia d\u00f3nde queremos ir para comprender mejor por qu\u00e9 estamos donde estamos y qu\u00e9 nos puede impedir ir a donde queremos.<br \/>\nParte de esa historia se recoge en los Anuarios del CNICM.<\/p>\n<table style=\"height: 448px; width: 51.7953%;\" width=\"550\" cellpadding=\"0\">\n<tbody>\n<tr style=\"height: 274px;\">\n<td style=\"text-align: left; vertical-align: top; width: 17.0574%; height: 243px;\">\n<h4><a href=\"http:\/\/librossalud.sld.cu\/FileStorage\/003324-003F-Anuario%202013.pdf\">Anuario 2013<\/a><\/h4>\n<h4><a href=\"http:\/\/promociondeeventos.sld.cu\/55aniversariocnicm\/files\/2019\/11\/anuario2013.png\"><img decoding=\"async\" loading=\"lazy\" class=\"alignnone wp-image-244\" src=\"http:\/\/promociondeeventos.sld.cu\/55aniversariocnicm\/files\/2019\/11\/anuario2013.png\" alt=\"anuario2013\" width=\"129\" height=\"209\" \/><\/a><\/h4>\n<\/td>\n<td style=\"text-align: left; vertical-align: top; width: 1.08814%; height: 243px;\"><\/td>\n<td style=\"vertical-align: top; width: 151.245%; height: 243px; text-align: left;\" colspan=\"4\">&nbsp;<\/p>\n<p>&nbsp;<\/p>\n<p>&nbsp;<\/p>\n<p><a href=\"http:\/\/librinsula.bnjm.cu\/secciones\/266\/entrevistas\/266_entrevistas_1.html\">El Centro Nacional de <\/a><a href=\"http:\/\/librinsula.bnjm.cu\/secciones\/266\/entrevistas\/266_entrevistas_1.html\">Informaci\u00f3n de Ciencias M\u00e9dicas cuenta su historia<\/a><br \/>\n<a href=\"http:\/\/librinsula.bnjm.cu\/secciones\/266\/entrevistas\/266_entrevistas_1.html\">Entrevista a las autoras del Anuario del CNICM<\/a><br \/>\n<a href=\"http:\/\/librinsula.bnjm.cu\/secciones\/266\/entrevistas\/266_entrevistas_1.html\">Por Jes\u00fas<\/a><a href=\"http:\/\/librinsula.bnjm.cu\/secciones\/266\/entrevistas\/266_entrevistas_1.html\">Due\u00f1as Becerra. Cr\u00edtico y periodista<\/a><\/td>\n<\/tr>\n<tr style=\"height: 256px;\">\n<td style=\"text-align: left; vertical-align: top; width: 17.0574%; height: 181px;\">\n<h4><a href=\"http:\/\/librossalud.sld.cu\/FileStorage\/003303-6CC3-Anuario%202012.pdf\">Anuario 2012<\/a><\/h4>\n<h4><a href=\"http:\/\/promociondeeventos.sld.cu\/55aniversariocnicm\/files\/2019\/11\/rosendo.jpg\"><img decoding=\"async\" loading=\"lazy\" class=\"alignnone wp-image-245\" src=\"http:\/\/promociondeeventos.sld.cu\/55aniversariocnicm\/files\/2019\/11\/anuario2012.png\" alt=\"anuario2012\" width=\"144\" height=\"233\" \/><\/a><\/h4>\n<\/td>\n<td style=\"text-align: left; vertical-align: top; width: 1.08814%; height: 181px;\">\n<h4><\/h4>\n<\/td>\n<td style=\"text-align: left; vertical-align: top; width: 19.2475%; height: 181px;\">\n<h4><a href=\"http:\/\/www.bvs.sld.cu\/libros\/anuario_2011\/indice_p.htm\">Anuario 2011<\/a><\/h4>\n<h4><a href=\"http:\/\/www.bvs.sld.cu\/libros\/anuario_2011\/indice_p.htm\"><img decoding=\"async\" loading=\"lazy\" class=\"alignnone wp-image-88\" src=\"http:\/\/promociondeeventos.sld.cu\/55aniversariocnicm\/files\/2019\/11\/anuario_2011_web.png\" alt=\"anuario_2011_web\" width=\"138\" height=\"188\" \/><\/a><\/h4>\n<\/td>\n<td style=\"text-align: left; vertical-align: top; width: 1.22604%; height: 181px;\"><\/td>\n<td style=\"text-align: left; vertical-align: top; width: 20.3434%; height: 181px;\">\n<h4><a href=\"http:\/\/www.bvs.sld.cu\/libros\/anuario_2010_web\/indice_p.htm\">Anuario 2010<\/a><\/h4>\n<h4><a href=\"http:\/\/www.bvs.sld.cu\/libros\/anuario_2010_web\/indice_p.htm\"><img decoding=\"async\" loading=\"lazy\" class=\"alignnone wp-image-86\" src=\"http:\/\/promociondeeventos.sld.cu\/55aniversariocnicm\/files\/2019\/11\/cubierta.png\" alt=\"cubierta\" width=\"165\" height=\"222\" \/><\/a><\/h4>\n<\/td>\n<td style=\"text-align: left; vertical-align: top; width: 110.428%; height: 181px;\">\n<h4><a href=\"http:\/\/bvs.sld.cu\/anuario_2009\/indice_p.htm\">Anuario 2009<\/a><\/h4>\n<p><a href=\"http:\/\/bvs.sld.cu\/anuario_2009\/indice_p.htm\"><img decoding=\"async\" loading=\"lazy\" class=\"wp-image-83 alignleft\" src=\"http:\/\/promociondeeventos.sld.cu\/55aniversariocnicm\/files\/2019\/11\/rosendo.jpg\" alt=\"rosendo\" width=\"151\" height=\"242\" \/><\/a><\/td>\n<\/tr>\n<tr style=\"height: 24px;\">\n<td style=\"text-align: left; vertical-align: top; width: 17.0574%; height: 24px;\"><\/td>\n<td style=\"text-align: left; vertical-align: top; width: 1.08814%; height: 24px;\"><\/td>\n<td style=\"text-align: left; vertical-align: top; width: 19.2475%; height: 24px;\"><\/td>\n<td style=\"text-align: left; vertical-align: top; width: 1.22604%; height: 24px;\"><\/td>\n<td style=\"text-align: left; vertical-align: top; width: 20.3434%; height: 24px;\"><\/td>\n<td style=\"text-align: left; vertical-align: top; width: 110.428%; height: 24px;\"><\/td>\n<\/tr>\n<\/tbody>\n<\/table>\n<p>&nbsp;<\/p>\n","protected":false},"excerpt":{"rendered":"<p>Necesitamos la historia para explicarnos de d\u00f3nde venimos y hacia d\u00f3nde queremos ir para comprender mejor por qu\u00e9 estamos donde estamos y qu\u00e9 nos puede impedir ir a donde queremos. Parte de esa historia se recoge en los Anuarios del CNICM. Anuario 2013 &nbsp; &nbsp; &nbsp; El Centro Nacional de Informaci\u00f3n de Ciencias M\u00e9dicas cuenta [&hellip;]<\/p>\n","protected":false},"author":4,"featured_media":0,"parent":0,"menu_order":0,"comment_status":"closed","ping_status":"closed","template":"","meta":[],"_links":{"self":[{"href":"https:\/\/promociondeeventos.sld.cu\/60cnicm\/wp-json\/wp\/v2\/pages\/55"}],"collection":[{"href":"https:\/\/promociondeeventos.sld.cu\/60cnicm\/wp-json\/wp\/v2\/pages"}],"about":[{"href":"https:\/\/promociondeeventos.sld.cu\/60cnicm\/wp-json\/wp\/v2\/types\/page"}],"author":[{"embeddable":true,"href":"https:\/\/promociondeeventos.sld.cu\/60cnicm\/wp-json\/wp\/v2\/users\/4"}],"replies":[{"embeddable":true,"href":"https:\/\/promociondeeventos.sld.cu\/60cnicm\/wp-json\/wp\/v2\/comments?post=55"}],"version-history":[{"count":17,"href":"https:\/\/promociondeeventos.sld.cu\/60cnicm\/wp-json\/wp\/v2\/pages\/55\/revisions"}],"predecessor-version":[{"id":230,"href":"https:\/\/promociondeeventos.sld.cu\/60cnicm\/wp-json\/wp\/v2\/pages\/55\/revisions\/230"}],"wp:attachment":[{"href":"https:\/\/promociondeeventos.sld.cu\/60cnicm\/wp-json\/wp\/v2\/media?parent=55"}],"curies":[{"name":"wp","href":"https:\/\/api.w.org\/{rel}","templated":true}]}}