{"id":53,"date":"2024-03-26T17:09:46","date_gmt":"2024-03-26T17:09:46","guid":{"rendered":"https:\/\/promociondeeventos.sld.cu\/60cnicm\/?page_id=53"},"modified":"2024-03-26T18:49:13","modified_gmt":"2024-03-26T18:49:13","slug":"premios","status":"publish","type":"page","link":"https:\/\/promociondeeventos.sld.cu\/60cnicm\/premios\/","title":{"rendered":"Premios"},"content":{"rendered":"<h4>Premios y condecoraciones<\/h4>\n<h4>2001<\/h4>\n<ul>\n<li><strong>Finalistas del Premio Betinho 2001:\u00a0<\/strong> Premio de Comunicaci\u00f3n de la Asociaci\u00f3n para el Progreso de las Comunicaciones, que reconoce a organizaciones que ejemplifiquen el uso socialmente significativo de las tecnolog\u00edas para la informaci\u00f3n y la comunicaci\u00f3n.<\/li>\n<li><strong>Reconocimiento del Programa de las Naciones Unidas para el Desarrollo:<\/strong> En el D\u00eda Internacional para la Erradicaci\u00f3n de la Pobreza, dedicado a las Tecnolog\u00edas de la Informaci\u00f3n como veh\u00edculo para potenciar la lucha por el desarrollo econ\u00f3mico y social.<\/li>\n<\/ul>\n<h4>2002<\/h4>\n<ul>\n<li><strong>Premio Stockholm Challenge en la categor\u00eda de Salud:<\/strong> Galard\u00f3n que reconoce los resultados de proyectos pioneros en la aplicaci\u00f3n de las nuevas tecnolog\u00edas de la informaci\u00f3n y las comunicaciones. Se destac\u00f3 la contribuci\u00f3n de Infomed en el movimiento global de construcci\u00f3n de una mejor Sociedad de la Informaci\u00f3n para todos.<\/li>\n<li><strong>Reconocimiento por el Premio en la Categor\u00eda de Salud:<\/strong> Otorgado por la <em>Organizaci\u00f3n Panamericana de la Salud y la Organizaci\u00f3n Mundial de la Salud<\/em> y concedido a Infomed, por la Ciudad de Estocolmo y la Comunidad Europea por el uso adecuado de las tecnolog\u00edas de la informaci\u00f3n a favor del mejoramiento de la vida y la disminuci\u00f3n de la brecha digital.<br \/>\nMoneda Conmemorativa en el 10 aniversario de la constituci\u00f3n de Infomed, 1992-2002: Otorgado por el Sindicato Nacional de Trabajadores de las Ciencias.<\/li>\n<\/ul>\n<p><strong>2003<\/strong><\/p>\n<ul>\n<li><strong>Premio Expo 2003:<\/strong> Por la exposici\u00f3n especializada en Expocuba: Pabell\u00f3n de la Salud.<\/li>\n<\/ul>\n<p><!--nextpage--><\/p>\n<h4>2005<\/h4>\n<ul>\n<li><strong>Premio del Concurso de Contenidos digitales cubanos en la categor\u00eda salud:<\/strong> Otorgado por la Oficina Nacional de Normalizaci\u00f3n.<\/li>\n<\/ul>\n<h4>2006<\/h4>\n<ul>\n<li><strong>Reconocimiento de la Organizaci\u00f3n Panamericana de la Salud y la Organizaci\u00f3n Mundial de la Salud:<\/strong> Por el 15 aniversario de ardua labor en la difusi\u00f3n de informaci\u00f3n y conocimiento en el Campo de la Salud P\u00fablica.<\/li>\n<\/ul>\n<h4>2007<\/h4>\n<ul>\n<li><strong>Reconocimiento a Infomed, por la Sociedad Cubana de Ciencias de la Informaci\u00f3n (SOCICT):<\/strong> En su 15 aniversario por la valiosa funci\u00f3n de poner la informaci\u00f3n al servicio del pa\u00eds.<\/li>\n<li><strong>Reconocimiento a Infomed:<\/strong> Por su contribuci\u00f3n al desarrollo y fortalecimiento del Sistema de Regulaci\u00f3n Sanitaria y su papel rector en la Salud P\u00fablica. Otorgado por el Bur\u00f3 Regulatorio para la Protecci\u00f3n de la Salud y el Centro Estatal de la Calidad de los Medicamentos.<\/li>\n<\/ul>\n<h4>2009<\/h4>\n<ul>\n<li><strong>Reconocimiento a Infomed, por el trabajo en la Filial de la Asociaci\u00f3n Cubana de Bibliotecarios en la provincia Ciudad de La Habana:<\/strong> Otorgado por la Asociaci\u00f3n Cubana de Bibliotecarios (ASCUBI).<\/li>\n<\/ul>\n<p><!--nextpage--><\/p>\n<h4>2016<\/h4>\n<ul>\n<li><strong>Sello Conmemorativo \u201cAntonio Bachiller y Morales\u201d:<\/strong> Otorgado al Centro Nacional de Informaci\u00f3n de Ciencias M\u00e9dicas por la Asociaci\u00f3n Cubana de Bibliotecarios (ASCUBI).<\/li>\n<li><strong>Reconocimiento por el aporte al desarrollo econ\u00f3mico y social de la provincia en el a\u00f1o 2016:<\/strong> Otorgado por la Delegaci\u00f3n Provincial del CITMA de La Habana.<\/li>\n<li><strong>Reconocimiento al Grupo Cl\u00ednica Virtual de la Universidad Virtual de Salud de Cuba del Centro Nacional de Informaci\u00f3n de Ciencias M\u00e9dicas:<\/strong> Otorgado por el Campus Virtual de Salud P\u00fablica y el Nodo Cuba. 2016.<\/li>\n<\/ul>\n<h4>2017<\/h4>\n<ul>\n<li><strong>Reconocimiento por el aporte al desarrollo econ\u00f3mico y social de la provincia en el a\u00f1o 2017:<\/strong> Otorgado por la Delegaci\u00f3n Provincial del CITMA de La Habana.<\/li>\n<li><strong>Premio Provincial de Innovaci\u00f3n 2017:<\/strong> Otorgado por la Delegaci\u00f3n Provincial del CITMA de La Habana.<\/li>\n<li><strong>Premio Internacional del Foro de seguimiento a la Cumbre Mundial de la Sociedad de la Informaci\u00f3n en la categor\u00eda E-Salud. WSIS Process2017<\/strong>.<\/li>\n<li><strong>Premio Anual de la Cr\u00edtica para la obra Gastroenterolog\u00eda y hepatolog\u00eda cl\u00ednica.<\/strong><\/li>\n<li><strong>Reconocimiento a Infomed en sus 25 a\u00f1os<\/strong>, por constituir un soporte esencial para la capacitaci\u00f3n y preparaci\u00f3n cient\u00edfica de los trabajadores del sector: Otorgado por el Ministerio de Salud P\u00fablica.<\/li>\n<\/ul>\n<p><!--nextpage--><\/p>\n<h4>2018<\/h4>\n<ul>\n<li><strong>Reconocimiento por el aporte al desarrollo econ\u00f3mico y social de la provincia en el a\u00f1o 2018:<\/strong> Otorgado por la Delegaci\u00f3n Provincial del CITMA de La Habana.<\/li>\n<li><strong>Premio Nacional a la Innovaci\u00f3n Tecnol\u00f3gica.<\/strong><\/li>\n<li><strong>Premio Nacional de Ciencias de la Informaci\u00f3n:<\/strong> Otorgado por la Sociedad Cubana de Ciencias de la Informaci\u00f3n.<\/li>\n<li>Reconocimiento al Centro Editorial del Centro Nacional de Informaci\u00f3n de Ciencias M\u00e9dicas en su 30 Aniversario: Otorgado por la Comisi\u00f3n Organizadora de la FILH 2018.<\/li>\n<li>Reconocimiento por la contribuci\u00f3n a los resultados obtenidos en la III Convenci\u00f3n Internacional Cuba Salud 2018 y XIV Feria Comercial Salud: Otorgado por el Ministerio de Salud P\u00fablica.<\/li>\n<\/ul>\n<p><strong>2019<\/strong><\/p>\n<p>Infomed recibi\u00f3\u00a0 reconocimientos otorgados por la Sociedad Cubana de Ciencias de la Informaci\u00f3n, la Organizaci\u00f3n Panamericana de la Salud y la Organizaci\u00f3n Mundial de la Salud\u00a0 en ocasi\u00f3n de su 15 aniversario.<\/p>\n<p><strong>2024<\/strong><\/p>\n<header class=\"card-header dmbs-post-header\">\n<p class=\"dmbs-post-title\"><a href=\"https:\/\/actualidad.sld.cu\/blog\/noticia\/recibe-el-centro-nacional-de-informacion-de-ciencias-medicas-reconocimiento-de-la-delegacion-territorial-del-citma\/\" rel=\"bookmark\">Recibe el Centro Nacional de Informaci\u00f3n de Ciencias M\u00e9dicas reconocimiento de la Delegaci\u00f3n Territorial del CITMA<\/a> <span class=\"dmbs-post-fuente text-muted text-uppercase\">Fuente: <a href=\"https:\/\/www.sld.cu\/\" target=\"_blank\" rel=\"noopener\">CNICM-Infomed<\/a><\/span>| <span class=\"dmbs-post-date text-muted text-uppercase\"> 28 febrero 2024<\/span> |<\/p>\n<\/header>\n","protected":false},"excerpt":{"rendered":"<p>Premios y condecoraciones 2001 Finalistas del Premio Betinho 2001:\u00a0 Premio de Comunicaci\u00f3n de la Asociaci\u00f3n para el Progreso de las Comunicaciones, que reconoce a organizaciones que ejemplifiquen el uso socialmente significativo de las tecnolog\u00edas para la informaci\u00f3n y la comunicaci\u00f3n. Reconocimiento del Programa de las Naciones Unidas para el Desarrollo: En el D\u00eda Internacional para [&hellip;]<\/p>\n","protected":false},"author":4,"featured_media":0,"parent":0,"menu_order":0,"comment_status":"closed","ping_status":"closed","template":"","meta":[],"_links":{"self":[{"href":"https:\/\/promociondeeventos.sld.cu\/60cnicm\/wp-json\/wp\/v2\/pages\/53"}],"collection":[{"href":"https:\/\/promociondeeventos.sld.cu\/60cnicm\/wp-json\/wp\/v2\/pages"}],"about":[{"href":"https:\/\/promociondeeventos.sld.cu\/60cnicm\/wp-json\/wp\/v2\/types\/page"}],"author":[{"embeddable":true,"href":"https:\/\/promociondeeventos.sld.cu\/60cnicm\/wp-json\/wp\/v2\/users\/4"}],"replies":[{"embeddable":true,"href":"https:\/\/promociondeeventos.sld.cu\/60cnicm\/wp-json\/wp\/v2\/comments?post=53"}],"version-history":[{"count":4,"href":"https:\/\/promociondeeventos.sld.cu\/60cnicm\/wp-json\/wp\/v2\/pages\/53\/revisions"}],"predecessor-version":[{"id":92,"href":"https:\/\/promociondeeventos.sld.cu\/60cnicm\/wp-json\/wp\/v2\/pages\/53\/revisions\/92"}],"wp:attachment":[{"href":"https:\/\/promociondeeventos.sld.cu\/60cnicm\/wp-json\/wp\/v2\/media?parent=53"}],"curies":[{"name":"wp","href":"https:\/\/api.w.org\/{rel}","templated":true}]}}