{"id":51,"date":"2024-03-26T17:09:34","date_gmt":"2024-03-26T17:09:34","guid":{"rendered":"https:\/\/promociondeeventos.sld.cu\/60cnicm\/?page_id=51"},"modified":"2024-04-17T19:41:56","modified_gmt":"2024-04-17T19:41:56","slug":"entrevistas","status":"publish","type":"page","link":"https:\/\/promociondeeventos.sld.cu\/60cnicm\/entrevistas\/","title":{"rendered":"Entrevistas"},"content":{"rendered":"<p>En esta secci\u00f3n aparecen las impresiones de los trabajadores acerca de la significaci\u00f3n de laborar en el CNICM.<\/p>\n<ul>\n<li><a href=\"https:\/\/actualidad.sld.cu\/blog\/anuncio\/pasion-por-el-libro\/\" rel=\"bookmark\">Pasi\u00f3n por el libro\u00a0<\/a><span class=\"dmbs-post-fuente text-muted text-uppercase\">Fuente: <a href=\"https:\/\/www.sld.cu\/\" target=\"_blank\" rel=\"noopener\">CNICM-Infomed<\/a><\/span>| <span class=\"dmbs-post-date text-muted text-uppercase\"> 7 junio 2022<\/span> |<\/li>\n<li><a href=\"https:\/\/actualidad.sld.cu\/blog\/anuncio\/pedro-urra-un-compromiso-profundo-con-los-objetivos-que-teniamos-y-una-muy-hermosa-camaraderia-nos-permitio-atrevernos-a-muchas-cosas-y-salir-adelante\/\" rel=\"bookmark\">Pedro Urra: \u00abUn compromiso profundo con los objetivos que ten\u00edamos y una muy hermosa camarader\u00eda nos permiti\u00f3 atrevernos a muchas cosas y salir adelante\u00bb \u00a0<\/a><span class=\"dmbs-post-fuente text-muted text-uppercase\">Fuente: <a href=\"https:\/\/files.sld.cu\/bmn\/files\/2023\/12\/Horizontes-06-2023.pdf\" target=\"_blank\" rel=\"noopener\">BMN<\/a><\/span>| <span class=\"dmbs-post-date text-muted text-uppercase\"> 9 diciembre 2023<\/span> |<\/li>\n<li><a href=\"https:\/\/actualidad.sld.cu\/blog\/anuncio\/graduado-de-telecomunicaciones-y-enamorado-de-infomed\/\" rel=\"bookmark\">Graduado de Telecomunicaciones y enamorado de Infomed <\/a><span class=\"dmbs-post-fuente text-muted text-uppercase\">Fuente: <a href=\"https:\/\/www.sld.cu\/\" target=\"_blank\" rel=\"noopener\">CNICM-Infomed<\/a><\/span>| <span class=\"dmbs-post-date text-muted text-uppercase\"> 6 diciembre 2023<\/span> |<\/li>\n<li><a href=\"https:\/\/actualidad.sld.cu\/blog\/noticia\/infomed-es-tambien-su-orgullo\/\">Infomed es tambi\u00e9n su orgullo:<\/a> <span class=\"dmbs-post-fuente text-muted text-uppercase\">Fuente: <a href=\"https:\/\/www.sld.cu\/\" target=\"_blank\" rel=\"noopener\">CNICM-Infomed<\/a><\/span>| <span class=\"dmbs-post-date text-muted text-uppercase\"> 20 diciembre 2023<\/span> |<\/li>\n<li><a href=\"https:\/\/actualidad.sld.cu\/blog\/anuncio\/asumir-alfa-y-omega-del-portal-de-infomed\/\" rel=\"bookmark\">Asumir Alfa y Omega del portal de Infomed\u00a0<\/a> <span class=\"dmbs-post-fuente text-muted text-uppercase\">Fuente: <a href=\"https:\/\/www.sld.cu\/\" target=\"_blank\" rel=\"noopener\">CNICM-Infomed<\/a><\/span>| <span class=\"dmbs-post-date text-muted text-uppercase\"> 22 diciembre 2023<\/span> |<\/li>\n<li><a href=\"https:\/\/actualidad.sld.cu\/blog\/anuncio\/la-continuidad-de-cencomed-o-cencomed-en-el-centro-de-su-vida\/\" rel=\"bookmark\">La continuidad de CENCOMED o CENCOMED en el centro de su vida\u00a0<\/a> <span class=\"dmbs-post-fuente text-muted text-uppercase\">Fuente: <a href=\"https:\/\/cencomed.sld.cu\/\" target=\"_blank\" rel=\"noopener\">CNICM-Infomed<\/a><\/span>| <span class=\"dmbs-post-date text-muted text-uppercase\"> 30 diciembre 2023<\/span><\/li>\n<li><a href=\"https:\/\/actualidad.sld.cu\/blog\/noticia\/infomed-y-una-historia-por-escribir-en-2024\/\" rel=\"bookmark\">Infomed y una historia por escribir en 2024 <\/a><span class=\"dmbs-post-fuente text-muted text-uppercase\">Fuente: <a href=\"https:\/\/www.sld.cu\/\" target=\"_blank\" rel=\"noopener\">CNICM-Infomed<\/a><\/span>| <span class=\"dmbs-post-date text-muted text-uppercase\"> 2 enero 2024<\/span> |<\/li>\n<li><a href=\"https:\/\/actualidad.sld.cu\/blog\/noticia\/ecimed-el-desafio-de-hacer-visible-y-comprensible-la-ciencia\/\" rel=\"bookmark\">Ecimed: el desaf\u00edo de hacer visible y comprensible la ciencia: <\/a><span class=\"dmbs-post-fuente text-muted text-uppercase\">Fuente: <a href=\"https:\/\/www.sld.cu\/\" target=\"_blank\" rel=\"noopener\">CNICM-Infomed<\/a><\/span>| <span class=\"dmbs-post-date text-muted text-uppercase\"> 8 enero 2024<\/span> |<\/li>\n<li><a href=\"https:\/\/actualidad.sld.cu\/blog\/noticia\/la-historia-de-pepe-las-revistas-son-como-mis-hijas\/\" rel=\"bookmark\">La historia de Pepe: \u00abLas revistas son como mis hijas\u00bb<\/a> <span class=\"dmbs-post-fuente text-muted text-uppercase\">Fuente: <a href=\"https:\/\/www.sld.cu\/\" target=\"_blank\" rel=\"noopener\">CNICM-Infomed<\/a><\/span>| <span class=\"dmbs-post-date text-muted text-uppercase\"> 15 enero 2024<\/span> |<\/li>\n<li><a href=\"https:\/\/actualidad.sld.cu\/blog\/anuncio\/convergencias-en-tiempo-de-infomed\/\" rel=\"bookmark\">Convergencias en tiempo de Infomed <\/a><span class=\"dmbs-post-fuente text-muted text-uppercase\">\u00a0Fuente: <a href=\"https:\/\/www.sld.cu\/\" target=\"_blank\" rel=\"noopener\">CNICM-Infomed<\/a><\/span>| <span class=\"dmbs-post-date text-muted text-uppercase\"> 13 marzo 2024<\/span> |<\/li>\n<li><a href=\"https:\/\/actualidad.sld.cu\/blog\/noticia\/la-juventud-de-arlenes-es-bienvenida-en-infomed\/\">La juventud de Arlenes es bienvenida en Infomed <\/a><span class=\"dmbs-post-fuente text-muted text-uppercase\">\u00a0Fuente: <a href=\"https:\/\/www.sld.cu\/\" target=\"_blank\" rel=\"noopener\">CNICM-Infomed<\/a><\/span>| <span class=\"dmbs-post-date text-muted text-uppercase\"> 4 abril 2024<\/span> |<\/li>\n<li><a href=\"https:\/\/actualidad.sld.cu\/blog\/noticia\/yasser-visiones-desde-el-nodo-de-infomed\/\">Yasser: visiones desde el nodo de Infomed<\/a>\u00a0 Fuente: <a href=\"https:\/\/www.sld.cu\/\" target=\"_blank\" rel=\"noopener\">CNICM-Infomed<\/a>| <span class=\"dmbs-post-date text-muted text-uppercase\">16 abril 2024<\/span> |<\/li>\n<li><\/li>\n<\/ul>\n","protected":false},"excerpt":{"rendered":"<p>En esta secci\u00f3n aparecen las impresiones de los trabajadores acerca de la significaci\u00f3n de laborar en el CNICM. Pasi\u00f3n por el libro\u00a0Fuente: CNICM-Infomed| 7 junio 2022 | Pedro Urra: \u00abUn compromiso profundo con los objetivos que ten\u00edamos y una muy hermosa camarader\u00eda nos permiti\u00f3 atrevernos a muchas cosas y salir adelante\u00bb \u00a0Fuente: BMN| 9 diciembre [&hellip;]<\/p>\n","protected":false},"author":4,"featured_media":0,"parent":0,"menu_order":0,"comment_status":"closed","ping_status":"closed","template":"","meta":[],"_links":{"self":[{"href":"https:\/\/promociondeeventos.sld.cu\/60cnicm\/wp-json\/wp\/v2\/pages\/51"}],"collection":[{"href":"https:\/\/promociondeeventos.sld.cu\/60cnicm\/wp-json\/wp\/v2\/pages"}],"about":[{"href":"https:\/\/promociondeeventos.sld.cu\/60cnicm\/wp-json\/wp\/v2\/types\/page"}],"author":[{"embeddable":true,"href":"https:\/\/promociondeeventos.sld.cu\/60cnicm\/wp-json\/wp\/v2\/users\/4"}],"replies":[{"embeddable":true,"href":"https:\/\/promociondeeventos.sld.cu\/60cnicm\/wp-json\/wp\/v2\/comments?post=51"}],"version-history":[{"count":19,"href":"https:\/\/promociondeeventos.sld.cu\/60cnicm\/wp-json\/wp\/v2\/pages\/51\/revisions"}],"predecessor-version":[{"id":163,"href":"https:\/\/promociondeeventos.sld.cu\/60cnicm\/wp-json\/wp\/v2\/pages\/51\/revisions\/163"}],"wp:attachment":[{"href":"https:\/\/promociondeeventos.sld.cu\/60cnicm\/wp-json\/wp\/v2\/media?parent=51"}],"curies":[{"name":"wp","href":"https:\/\/api.w.org\/{rel}","templated":true}]}}