{"id":164,"date":"2024-04-17T21:32:37","date_gmt":"2024-04-17T21:32:37","guid":{"rendered":"https:\/\/promociondeeventos.sld.cu\/60cnicm\/?page_id=164"},"modified":"2024-05-30T16:09:31","modified_gmt":"2024-05-30T16:09:31","slug":"programa-de-actividades","status":"publish","type":"page","link":"https:\/\/promociondeeventos.sld.cu\/60cnicm\/programa-de-actividades\/","title":{"rendered":"Programa de actividades"},"content":{"rendered":"<p><strong>Campa\u00f1a por el 60 Aniversario<\/strong><\/p>\n<p><strong>Junio 2024<\/strong><\/p>\n<ul>\n<li>Presentaci\u00f3n de la campa\u00f1a por el 60 Aniversario del CNICM:\n<ul>\n<li>Publicaci\u00f3n del sitio del Aniversario del 60 Aniversario del CNICM: Fecha: 3 de junio 2024<\/li>\n<\/ul>\n<\/li>\n<\/ul>\n<ul>\n<li>Puertas abiertas para estudiantes de la carrera Sistema de Informaci\u00f3n en Salud y FCOM.\n<ul>\n<li>Con el prop\u00f3sito de que los estudiantes conozcan el CNICM, antes de sus pruebas de ingreso, y las posibilidades de trabajo una vez graduados. Fecha: 24 de junio 2024<\/li>\n<\/ul>\n<\/li>\n<\/ul>\n<p><strong>Octubre 2024<\/strong><\/p>\n<ul>\n<li>Reconocimientos a trabajadores jubilados del centro: Fecha: 1ro de octubre\n<ul>\n<li>Entrega de reconocimientos y presentes a trabajadores jubilados del CNICM<\/li>\n<li>Presentaci\u00f3n de entrevistas biogr\u00e1ficas sobre la trayectoria y resultados laborales de los trabajadores jubilados<\/li>\n<\/ul>\n<\/li>\n<\/ul>\n<ul>\n<li>Jornada de aprendizaje en red: Fecha: 16-20 de octubre<\/li>\n<\/ul>\n<ul>\n<li>Celebraci\u00f3n por el 36 Aniversario de ECIMED: Fecha: 18 de octubre<\/li>\n<\/ul>\n<p><strong>Diciembre 2024<br \/>\n<\/strong><\/p>\n<ul>\n<li>Celebraci\u00f3n 32 Aniversario Red telem\u00e1tica de salud: Fecha: 18 de diciembre<\/li>\n<\/ul>\n<p><strong>Enero 2025<br \/>\n<\/strong><\/p>\n<ul>\n<li>Reconocimientos a mejores trabajadores del centro: Fecha: 28 de enero de 2025\n<ul>\n<li>Entrega de reconocimientos y presentes a mejores trabajadores del CNICM<\/li>\n<li>Presentaci\u00f3n de entrevistas a los mejores trabajadores<\/li>\n<\/ul>\n<\/li>\n<\/ul>\n<ul>\n<li>Jornada por el d\u00eda de la ciencia Fecha: 15-19 de enero de 2025\n<ul>\n<li>Celebrar el d\u00eda de la ciencia cubana (premio anual de salud)<\/li>\n<\/ul>\n<\/li>\n<\/ul>\n<p><strong>Marzo 2025<br \/>\n<\/strong><\/p>\n<ul>\n<li>X taller nacional de publicaci\u00f3n cient\u00edfica de la salud PubliCient2025 Fecha: 25 de marzo al 5 de abril<\/li>\n<\/ul>\n<p><strong>Abril 2025<\/strong><\/p>\n<ul>\n<li>Presentaci\u00f3n del libro sobre la historia del CNICM<\/li>\n<li>Acto por el 60 Aniversario del Centro Nacional de Informaci\u00f3n de Ciencias M\u00e9dicas<br \/>\nFecha: 29 abril 2020<\/li>\n<\/ul>\n<p>El programa incluye publicaciones diarias en los medios de comunicaci\u00f3n internos y externos. A la programaci\u00f3n se le debe a\u00f1adir el plan de actividades de cada departamento.<\/p>\n","protected":false},"excerpt":{"rendered":"<p>Campa\u00f1a por el 60 Aniversario Junio 2024 Presentaci\u00f3n de la campa\u00f1a por el 60 Aniversario del CNICM: Publicaci\u00f3n del sitio del Aniversario del 60 Aniversario del CNICM: Fecha: 3 de junio 2024 Puertas abiertas para estudiantes de la carrera Sistema de Informaci\u00f3n en Salud y FCOM. Con el prop\u00f3sito de que los estudiantes conozcan el [&hellip;]<\/p>\n","protected":false},"author":4,"featured_media":0,"parent":0,"menu_order":0,"comment_status":"closed","ping_status":"closed","template":"","meta":[],"_links":{"self":[{"href":"https:\/\/promociondeeventos.sld.cu\/60cnicm\/wp-json\/wp\/v2\/pages\/164"}],"collection":[{"href":"https:\/\/promociondeeventos.sld.cu\/60cnicm\/wp-json\/wp\/v2\/pages"}],"about":[{"href":"https:\/\/promociondeeventos.sld.cu\/60cnicm\/wp-json\/wp\/v2\/types\/page"}],"author":[{"embeddable":true,"href":"https:\/\/promociondeeventos.sld.cu\/60cnicm\/wp-json\/wp\/v2\/users\/4"}],"replies":[{"embeddable":true,"href":"https:\/\/promociondeeventos.sld.cu\/60cnicm\/wp-json\/wp\/v2\/comments?post=164"}],"version-history":[{"count":6,"href":"https:\/\/promociondeeventos.sld.cu\/60cnicm\/wp-json\/wp\/v2\/pages\/164\/revisions"}],"predecessor-version":[{"id":216,"href":"https:\/\/promociondeeventos.sld.cu\/60cnicm\/wp-json\/wp\/v2\/pages\/164\/revisions\/216"}],"wp:attachment":[{"href":"https:\/\/promociondeeventos.sld.cu\/60cnicm\/wp-json\/wp\/v2\/media?parent=164"}],"curies":[{"name":"wp","href":"https:\/\/api.w.org\/{rel}","templated":true}]}}