{"id":12,"date":"2024-02-22T21:05:15","date_gmt":"2024-02-22T21:05:15","guid":{"rendered":"https:\/\/promociondeeventos.sld.cu\/60cnicm\/?page_id=12"},"modified":"2024-05-06T20:56:51","modified_gmt":"2024-05-06T20:56:51","slug":"trabajadores-mas-jovenes","status":"publish","type":"page","link":"https:\/\/promociondeeventos.sld.cu\/60cnicm\/trabajadores-mas-jovenes\/","title":{"rendered":"Trabajadores m\u00e1s jovenes"},"content":{"rendered":"<table style=\"width: 58.653%;\" width=\"800\">\n<tbody>\n<tr>\n<td style=\"width: 20.641%;\" width=\"80\">Taymi de la Caridad Romero Calder\u00f2n<\/td>\n<td style=\"width: 10.3658%;\" width=\"80\"><\/td>\n<td style=\"width: 19.121%;\" width=\"80\">Departamento de Servicios Bibliotecarios<\/td>\n<td style=\"width: 13.9926%; text-align: center;\" width=\"80\">Grupo de Trabajo de Servicios<\/td>\n<td style=\"width: 4.85393%; text-align: center;\" width=\"80\">23<\/td>\n<\/tr>\n<tr>\n<td style=\"width: 20.641%;\">Jean Marc Vega Ruiz<\/td>\n<td style=\"width: 10.3658%;\"><\/td>\n<td style=\"width: 19.121%;\">Departamento de Desarrollo Web<\/td>\n<td style=\"width: 13.9926%; text-align: center;\">Grupo de Trabajo Web<\/td>\n<td style=\"width: 4.85393%; text-align: center;\">23<\/td>\n<\/tr>\n<tr>\n<td style=\"width: 20.641%;\">Amanda \u00c1guila Dom\u00ednguez<\/td>\n<td style=\"width: 10.3658%;\"><\/td>\n<td style=\"width: 19.121%;\">Departamento de Servicios de Informaci\u00f2n<\/td>\n<td style=\"width: 13.9926%; text-align: center;\">Grupo de Trabajo de Comunicaci\u00f3n<\/td>\n<td style=\"width: 4.85393%; text-align: center;\">23<\/td>\n<\/tr>\n<tr>\n<td style=\"width: 20.641%;\"><\/td>\n<td style=\"width: 10.3658%;\"><\/td>\n<td style=\"width: 19.121%;\"><\/td>\n<td style=\"width: 13.9926%;\"><\/td>\n<td style=\"width: 4.85393%;\"><\/td>\n<\/tr>\n<\/tbody>\n<\/table>\n","protected":false},"excerpt":{"rendered":"<p>Taymi de la Caridad Romero Calder\u00f2n Departamento de Servicios Bibliotecarios Grupo de Trabajo de Servicios 23 Jean Marc Vega Ruiz Departamento de Desarrollo Web Grupo de Trabajo Web 23 Amanda \u00c1guila Dom\u00ednguez Departamento de Servicios de Informaci\u00f2n Grupo de Trabajo de Comunicaci\u00f3n 23<\/p>\n","protected":false},"author":4,"featured_media":0,"parent":0,"menu_order":0,"comment_status":"closed","ping_status":"closed","template":"","meta":[],"_links":{"self":[{"href":"https:\/\/promociondeeventos.sld.cu\/60cnicm\/wp-json\/wp\/v2\/pages\/12"}],"collection":[{"href":"https:\/\/promociondeeventos.sld.cu\/60cnicm\/wp-json\/wp\/v2\/pages"}],"about":[{"href":"https:\/\/promociondeeventos.sld.cu\/60cnicm\/wp-json\/wp\/v2\/types\/page"}],"author":[{"embeddable":true,"href":"https:\/\/promociondeeventos.sld.cu\/60cnicm\/wp-json\/wp\/v2\/users\/4"}],"replies":[{"embeddable":true,"href":"https:\/\/promociondeeventos.sld.cu\/60cnicm\/wp-json\/wp\/v2\/comments?post=12"}],"version-history":[{"count":4,"href":"https:\/\/promociondeeventos.sld.cu\/60cnicm\/wp-json\/wp\/v2\/pages\/12\/revisions"}],"predecessor-version":[{"id":184,"href":"https:\/\/promociondeeventos.sld.cu\/60cnicm\/wp-json\/wp\/v2\/pages\/12\/revisions\/184"}],"wp:attachment":[{"href":"https:\/\/promociondeeventos.sld.cu\/60cnicm\/wp-json\/wp\/v2\/media?parent=12"}],"curies":[{"name":"wp","href":"https:\/\/api.w.org\/{rel}","templated":true}]}}