{"id":79,"date":"2019-11-11T20:39:05","date_gmt":"2019-11-11T20:39:05","guid":{"rendered":"http:\/\/promociondeeventos.sld.cu\/55aniversariocnicm\/?page_id=79"},"modified":"2024-03-26T17:24:46","modified_gmt":"2024-03-26T17:24:46","slug":"anuarios","status":"publish","type":"page","link":"https:\/\/promociondeeventos.sld.cu\/55aniversariocnicm\/anuarios\/","title":{"rendered":"Anuarios"},"content":{"rendered":"<p>Necesitamos la historia para explicarnos de d\u00f3nde venimos y hacia d\u00f3nde queremos ir para comprender mejor por qu\u00e9 estamos donde estamos y qu\u00e9 nos puede impedir ir a donde queremos.<br \/>\nParte de esa historia se recoge en los Anuarios del CNICM.<\/p>\n<table style=\"height: 577px;\" width=\"550\" cellpadding=\"0\">\n<tbody>\n<tr>\n<td style=\"text-align: left; vertical-align: top;\">\n<h4><a href=\"http:\/\/ftp.sld.cu\/pub\/anuarioscnicm\/completo_anuario2009.pdf\">Anuario 2009<\/a><\/h4>\n<p><a href=\"http:\/\/promociondeeventos.sld.cu\/55aniversariocnicm\/files\/2019\/11\/rosendo.jpg\"><img decoding=\"async\" loading=\"lazy\" class=\" wp-image-83 alignnone\" src=\"http:\/\/promociondeeventos.sld.cu\/55aniversariocnicm\/files\/2019\/11\/rosendo.jpg\" alt=\"rosendo\" width=\"120\" height=\"193\" \/><\/a><\/td>\n<td style=\"text-align: left; vertical-align: top;\"><\/td>\n<td style=\"text-align: left; vertical-align: top;\" colspan=\"4\"><a href=\"http:\/\/librinsula.bnjm.cu\/secciones\/266\/entrevistas\/266_entrevistas_1.html\">El Centro Nacional de <\/a><a href=\"http:\/\/librinsula.bnjm.cu\/secciones\/266\/entrevistas\/266_entrevistas_1.html\">Informaci\u00f3n de Ciencias M\u00e9dicas cuenta su historia<\/a><br \/>\n<a href=\"http:\/\/librinsula.bnjm.cu\/secciones\/266\/entrevistas\/266_entrevistas_1.html\">Entrevista a las autoras del Anuario del CNICM<\/a><br \/>\n<a href=\"http:\/\/librinsula.bnjm.cu\/secciones\/266\/entrevistas\/266_entrevistas_1.html\">Por Jes\u00fas<\/a><a href=\"http:\/\/librinsula.bnjm.cu\/secciones\/266\/entrevistas\/266_entrevistas_1.html\">Due\u00f1as Becerra. Cr\u00edtico y periodista<\/a><\/td>\n<\/tr>\n<tr>\n<td style=\"text-align: left; vertical-align: top;\">\n<h4><a href=\"http:\/\/ftp.sld.cu\/pub\/anuarioscnicm\/anuario_cnicm_2010.pdf\">Anuario 2010<\/a><\/h4>\n<h4><a href=\"http:\/\/promociondeeventos.sld.cu\/55aniversariocnicm\/files\/2019\/11\/cubierta.png\"><img decoding=\"async\" loading=\"lazy\" class=\"alignnone wp-image-86\" src=\"http:\/\/promociondeeventos.sld.cu\/55aniversariocnicm\/files\/2019\/11\/cubierta.png\" alt=\"cubierta\" width=\"120\" height=\"161\" \/><\/a><\/h4>\n<\/td>\n<td style=\"text-align: left; vertical-align: top;\"><\/td>\n<td style=\"text-align: left; vertical-align: top;\">\n<h4><a href=\"http:\/\/ftp.sld.cu\/pub\/anuarioscnicm\/anuario_2011.pdf\">Anuario 2011<\/a><\/h4>\n<h4><a href=\"http:\/\/promociondeeventos.sld.cu\/55aniversariocnicm\/files\/2019\/11\/anuario_2011_web.png\"><img decoding=\"async\" loading=\"lazy\" class=\"alignnone wp-image-88\" src=\"http:\/\/promociondeeventos.sld.cu\/55aniversariocnicm\/files\/2019\/11\/anuario_2011_web.png\" alt=\"anuario_2011_web\" width=\"118\" height=\"161\" \/><\/a><\/h4>\n<\/td>\n<td style=\"text-align: left; vertical-align: top;\"><\/td>\n<td style=\"text-align: left; vertical-align: top;\">\n<h4><a href=\"http:\/\/ftp.sld.cu\/pub\/anuarioscnicm\/Anuario_2012\">Anuario 2012<\/a><\/h4>\n<h4><a href=\"http:\/\/promociondeeventos.sld.cu\/55aniversariocnicm\/files\/2019\/11\/anuario2012.png\"><img decoding=\"async\" loading=\"lazy\" class=\"alignnone wp-image-245\" src=\"http:\/\/promociondeeventos.sld.cu\/55aniversariocnicm\/files\/2019\/11\/anuario2012.png\" alt=\"anuario2012\" width=\"99\" height=\"161\" \/><\/a><\/h4>\n<\/td>\n<td style=\"text-align: left; vertical-align: top;\">\n<h4><a href=\"http:\/\/ftp.sld.cu\/pub\/anuarioscnicm\/Anuario_2013\">Anuario 2013<\/a><\/h4>\n<h4><a href=\"http:\/\/promociondeeventos.sld.cu\/55aniversariocnicm\/files\/2019\/11\/anuario2013.png\"><img decoding=\"async\" loading=\"lazy\" class=\"alignnone wp-image-244\" src=\"http:\/\/promociondeeventos.sld.cu\/55aniversariocnicm\/files\/2019\/11\/anuario2013.png\" alt=\"anuario2013\" width=\"99\" height=\"161\" \/><\/a><\/h4>\n<\/td>\n<\/tr>\n<tr>\n<td style=\"text-align: left; vertical-align: top;\"><\/td>\n<td style=\"text-align: left; vertical-align: top;\"><\/td>\n<td style=\"text-align: left; vertical-align: top;\"><\/td>\n<td style=\"text-align: left; vertical-align: top;\"><\/td>\n<td style=\"text-align: left; vertical-align: top;\"><\/td>\n<td style=\"text-align: left; vertical-align: top;\"><\/td>\n<\/tr>\n<\/tbody>\n<\/table>\n<p>&nbsp;<\/p>\n","protected":false},"excerpt":{"rendered":"<p>Necesitamos la historia para explicarnos de d\u00f3nde venimos y hacia d\u00f3nde queremos ir para comprender mejor por qu\u00e9 estamos donde estamos y qu\u00e9 nos puede impedir ir a donde queremos. Parte de esa historia se recoge en los Anuarios del CNICM. Anuario 2009 El Centro Nacional de Informaci\u00f3n de Ciencias M\u00e9dicas cuenta su historia Entrevista [&hellip;]<\/p>\n","protected":false},"author":4,"featured_media":0,"parent":0,"menu_order":0,"comment_status":"closed","ping_status":"open","template":"","meta":[],"_links":{"self":[{"href":"https:\/\/promociondeeventos.sld.cu\/55aniversariocnicm\/wp-json\/wp\/v2\/pages\/79"}],"collection":[{"href":"https:\/\/promociondeeventos.sld.cu\/55aniversariocnicm\/wp-json\/wp\/v2\/pages"}],"about":[{"href":"https:\/\/promociondeeventos.sld.cu\/55aniversariocnicm\/wp-json\/wp\/v2\/types\/page"}],"author":[{"embeddable":true,"href":"https:\/\/promociondeeventos.sld.cu\/55aniversariocnicm\/wp-json\/wp\/v2\/users\/4"}],"replies":[{"embeddable":true,"href":"https:\/\/promociondeeventos.sld.cu\/55aniversariocnicm\/wp-json\/wp\/v2\/comments?post=79"}],"version-history":[{"count":42,"href":"https:\/\/promociondeeventos.sld.cu\/55aniversariocnicm\/wp-json\/wp\/v2\/pages\/79\/revisions"}],"predecessor-version":[{"id":431,"href":"https:\/\/promociondeeventos.sld.cu\/55aniversariocnicm\/wp-json\/wp\/v2\/pages\/79\/revisions\/431"}],"wp:attachment":[{"href":"https:\/\/promociondeeventos.sld.cu\/55aniversariocnicm\/wp-json\/wp\/v2\/media?parent=79"}],"curies":[{"name":"wp","href":"https:\/\/api.w.org\/{rel}","templated":true}]}}