{"id":56,"date":"2019-11-11T19:58:06","date_gmt":"2019-11-11T19:58:06","guid":{"rendered":"http:\/\/promociondeeventos.sld.cu\/55aniversariocnicm\/?page_id=56"},"modified":"2019-12-23T14:53:37","modified_gmt":"2019-12-23T14:53:37","slug":"trabajador-de-mas-edad","status":"publish","type":"page","link":"https:\/\/promociondeeventos.sld.cu\/55aniversariocnicm\/trabajadores-2\/trabajador-de-mas-edad\/","title":{"rendered":"Trabajador m\u00e1s antiguos en el centro"},"content":{"rendered":"<table style=\"height: 292px;\" width=\"433\">\n<tbody>\n<tr>\n<td style=\"text-align: left; vertical-align: top;\">\n<p><div id=\"attachment_196\" style=\"width: 222px\" class=\"wp-caption aligncenter\"><a href=\"http:\/\/promociondeeventos.sld.cu\/55aniversariocnicm\/files\/2019\/11\/margaritapovea.jpg\"><img aria-describedby=\"caption-attachment-196\" decoding=\"async\" loading=\"lazy\" class=\"wp-image-196\" src=\"http:\/\/promociondeeventos.sld.cu\/55aniversariocnicm\/files\/2019\/11\/margaritapovea-300x300.jpg\" alt=\"Margarita Povea Reyes  incorporada 1971\" width=\"212\" height=\"212\" srcset=\"https:\/\/promociondeeventos.sld.cu\/55aniversariocnicm\/files\/2019\/11\/margaritapovea-300x300.jpg 300w, https:\/\/promociondeeventos.sld.cu\/55aniversariocnicm\/files\/2019\/11\/margaritapovea-150x150.jpg 150w, https:\/\/promociondeeventos.sld.cu\/55aniversariocnicm\/files\/2019\/11\/margaritapovea-250x250.jpg 250w, https:\/\/promociondeeventos.sld.cu\/55aniversariocnicm\/files\/2019\/11\/margaritapovea.jpg 960w\" sizes=\"(max-width: 212px) 100vw, 212px\" \/><\/a><p id=\"caption-attachment-196\" class=\"wp-caption-text\">Margarita Povea Reyes incorporada 1971<\/p><\/div><\/td>\n<td style=\"text-align: left; vertical-align: top;\">\n<p><div id=\"attachment_195\" style=\"width: 151px\" class=\"wp-caption alignnone\"><a href=\"http:\/\/promociondeeventos.sld.cu\/55aniversariocnicm\/files\/2019\/11\/luciano-ortelio.jpg\"><img aria-describedby=\"caption-attachment-195\" decoding=\"async\" loading=\"lazy\" class=\"wp-image-195\" src=\"http:\/\/promociondeeventos.sld.cu\/55aniversariocnicm\/files\/2019\/11\/luciano-ortelio.jpg\" alt=\"luciano ortelio\" width=\"141\" height=\"212\" \/><\/a><p id=\"caption-attachment-195\" class=\"wp-caption-text\">Luciano Ortelio Sanchez Nu\u00f1ez Incorporado 1980<\/p><\/div><\/td>\n<\/tr>\n<\/tbody>\n<\/table>\n<p>Nota:<\/p>\n<blockquote><p>La Hemeroteca M\u00e9dica constituy\u00f3 el centro de estudios de las <strong>13 primeras estudiantes*<\/strong> de Informaci\u00f3n Cient\u00edfica para el nivel t\u00e9cnico medio, que el Centro Nacional de Informaci\u00f3n de Ciencias M\u00e9dicas gradu\u00f3 en 1969 con los requisitos establecidos por el Ministerio de Salud P\u00fablica.<\/p><\/blockquote>\n<p><sub>*Se conocen como las trece muchachitas a Amparo Zequeira Bulnes, Hilcia Reyes L\u00f3pez(Ichy), Ieana Luis Viart, Isabel Colina, Magdalena Oleaga, <strong>Margarita Pobea Reyes<\/strong>, Maricelia Su\u00e1rez, Mercedes D\u00edaz, Mireya Trujillo Rubio, Natalia Rond\u00f3n Aparicio, Nereida Rojo L\u00f3pez, Norma L\u00f3pez Regalado(Yuya) y Xiomara Alfonso.<\/sub><\/p>\n<p><sub>Fuente: Anuario 2009 (1965-2009)<\/sub><\/p>\n","protected":false},"excerpt":{"rendered":"<p>Nota: La Hemeroteca M\u00e9dica constituy\u00f3 el centro de estudios de las 13 primeras estudiantes* de Informaci\u00f3n Cient\u00edfica para el nivel t\u00e9cnico medio, que el Centro Nacional de Informaci\u00f3n de Ciencias M\u00e9dicas gradu\u00f3 en 1969 con los requisitos establecidos por el Ministerio de Salud P\u00fablica. *Se conocen como las trece muchachitas a Amparo Zequeira Bulnes, Hilcia [&hellip;]<\/p>\n","protected":false},"author":4,"featured_media":0,"parent":215,"menu_order":0,"comment_status":"closed","ping_status":"open","template":"sidebar-content.php","meta":[],"_links":{"self":[{"href":"https:\/\/promociondeeventos.sld.cu\/55aniversariocnicm\/wp-json\/wp\/v2\/pages\/56"}],"collection":[{"href":"https:\/\/promociondeeventos.sld.cu\/55aniversariocnicm\/wp-json\/wp\/v2\/pages"}],"about":[{"href":"https:\/\/promociondeeventos.sld.cu\/55aniversariocnicm\/wp-json\/wp\/v2\/types\/page"}],"author":[{"embeddable":true,"href":"https:\/\/promociondeeventos.sld.cu\/55aniversariocnicm\/wp-json\/wp\/v2\/users\/4"}],"replies":[{"embeddable":true,"href":"https:\/\/promociondeeventos.sld.cu\/55aniversariocnicm\/wp-json\/wp\/v2\/comments?post=56"}],"version-history":[{"count":13,"href":"https:\/\/promociondeeventos.sld.cu\/55aniversariocnicm\/wp-json\/wp\/v2\/pages\/56\/revisions"}],"predecessor-version":[{"id":331,"href":"https:\/\/promociondeeventos.sld.cu\/55aniversariocnicm\/wp-json\/wp\/v2\/pages\/56\/revisions\/331"}],"up":[{"embeddable":true,"href":"https:\/\/promociondeeventos.sld.cu\/55aniversariocnicm\/wp-json\/wp\/v2\/pages\/215"}],"wp:attachment":[{"href":"https:\/\/promociondeeventos.sld.cu\/55aniversariocnicm\/wp-json\/wp\/v2\/media?parent=56"}],"curies":[{"name":"wp","href":"https:\/\/api.w.org\/{rel}","templated":true}]}}