{"id":542,"date":"2020-02-18T20:50:35","date_gmt":"2020-02-18T20:50:35","guid":{"rendered":"http:\/\/promociondeeventos.sld.cu\/55aniversariocnicm\/?page_id=542"},"modified":"2020-02-19T17:11:00","modified_gmt":"2020-02-19T17:11:00","slug":"dr-c-maria-vidal-ledo","status":"publish","type":"page","link":"https:\/\/promociondeeventos.sld.cu\/55aniversariocnicm\/entrevistas\/dr-c-maria-vidal-ledo\/","title":{"rendered":"Dr.C Mar\u00eda Vidal Ledo"},"content":{"rendered":"<div id=\"attachment_545\" style=\"width: 192px\" class=\"wp-caption alignright\"><a href=\"http:\/\/promociondeeventos.sld.cu\/55aniversariocnicm\/files\/2020\/02\/doctora_m._vidal_2.jpg\"><img aria-describedby=\"caption-attachment-545\" decoding=\"async\" loading=\"lazy\" class=\"wp-image-545 size-full\" src=\"http:\/\/promociondeeventos.sld.cu\/55aniversariocnicm\/files\/2020\/02\/doctora_m._vidal_2.jpg\" alt=\"doctora_m._vidal_2\" width=\"182\" height=\"277\" \/><\/a><p id=\"caption-attachment-545\" class=\"wp-caption-text\">Dra.C. Mar\u00eda Josefina Vidal Ledo Profesora de la Escuela Nacional de Salud P\u00fablica<\/p><\/div>\n<p>La Dr.C Mar\u00eda Vidal felicita a los trabajadores del CNICM por 55 primaveras<\/p>\n<p>La Doctora Mar\u00eda J. Vidal felicit\u00f3 a los trabajadores del Centro Nacional de Informaci\u00f3n de Ciencias (CNICM) en sus 55 primaveras y enfatiz\u00f3 que sin su encomiable labor hubiese sido imposible el desarrollo cient\u00edfico t\u00e9cnico que en el campo de la salud tiene todo el pa\u00eds, con su excelente red telem\u00e1tica.<\/p>\n<p>\u00abComo me siento a\u00fan parte de este colectivo los exhorto a que sean capaces de transmitir a las nuevas generaciones el sentido de pertenencia y los mejores valores que los identifican como el amor, el deseo de brindar servicios con la mayor calidad y buscar lo m\u00e1s novedoso para seguir desarrollando el Centro Nacional de Informaci\u00f3n de Ciencias M\u00e9dicas y su red Infomed\u00bb, afirm\u00f3 la M\u00e1ster en Inform\u00e1tica de la Salud.<\/p>\n<p>Haciendo historia, Mar\u00eda J. Vidal, profesora de la Universidad Virtual de la Salud (UVS), se vincula al Centro desde su propia fundaci\u00f3n en 1965, bajo la direcci\u00f3n del doctor Rafael O. Pedraza y en ese entonces, precis\u00f3, este radicaba en el Hospital Docente Cl\u00ednico Quir\u00fargico \u00abCalixto Garc\u00eda\u00bb. Ella considera un honor que haya surgido en esa unidad hospitalaria de tan rica historia y trayectoria&#8230;.<\/p>\n<p><a href=\"https:\/\/promociondeeventos.sld.cu\/55aniversariocnicm\/entrevistas\/doctora-maria-j-vidal-ledo\/\"><strong><em>Entrevista completa.<\/em><\/strong><\/a><\/p>\n<p>Lic. Idania Rodr\u00edguez Echevarr\u00eda<\/p>\n<p>Centro Nacional de Informaci\u00f3n de Ciencias M\u00e9dicas-Infomed<\/p>\n<p>FUENTE: CNICM-Infomed 17 Febrero 2020<\/p>\n<p><strong><em>\u00a0 <\/em><\/strong><\/p>\n<p>&nbsp;<\/p>\n","protected":false},"excerpt":{"rendered":"<p>La Dr.C Mar\u00eda Vidal felicita a los trabajadores del CNICM por 55 primaveras La Doctora Mar\u00eda J. Vidal felicit\u00f3 a los trabajadores del Centro Nacional de Informaci\u00f3n de Ciencias (CNICM) en sus 55 primaveras y enfatiz\u00f3 que sin su encomiable labor hubiese sido imposible el desarrollo cient\u00edfico t\u00e9cnico que en el campo de la salud [&hellip;]<\/p>\n","protected":false},"author":4,"featured_media":0,"parent":64,"menu_order":0,"comment_status":"closed","ping_status":"closed","template":"sidebar-content.php","meta":[],"_links":{"self":[{"href":"https:\/\/promociondeeventos.sld.cu\/55aniversariocnicm\/wp-json\/wp\/v2\/pages\/542"}],"collection":[{"href":"https:\/\/promociondeeventos.sld.cu\/55aniversariocnicm\/wp-json\/wp\/v2\/pages"}],"about":[{"href":"https:\/\/promociondeeventos.sld.cu\/55aniversariocnicm\/wp-json\/wp\/v2\/types\/page"}],"author":[{"embeddable":true,"href":"https:\/\/promociondeeventos.sld.cu\/55aniversariocnicm\/wp-json\/wp\/v2\/users\/4"}],"replies":[{"embeddable":true,"href":"https:\/\/promociondeeventos.sld.cu\/55aniversariocnicm\/wp-json\/wp\/v2\/comments?post=542"}],"version-history":[{"count":6,"href":"https:\/\/promociondeeventos.sld.cu\/55aniversariocnicm\/wp-json\/wp\/v2\/pages\/542\/revisions"}],"predecessor-version":[{"id":552,"href":"https:\/\/promociondeeventos.sld.cu\/55aniversariocnicm\/wp-json\/wp\/v2\/pages\/542\/revisions\/552"}],"up":[{"embeddable":true,"href":"https:\/\/promociondeeventos.sld.cu\/55aniversariocnicm\/wp-json\/wp\/v2\/pages\/64"}],"wp:attachment":[{"href":"https:\/\/promociondeeventos.sld.cu\/55aniversariocnicm\/wp-json\/wp\/v2\/media?parent=542"}],"curies":[{"name":"wp","href":"https:\/\/api.w.org\/{rel}","templated":true}]}}