{"id":454,"date":"2020-01-28T14:07:29","date_gmt":"2020-01-28T14:07:29","guid":{"rendered":"http:\/\/promociondeeventos.sld.cu\/55aniversariocnicm\/?page_id=454"},"modified":"2020-01-29T18:11:14","modified_gmt":"2020-01-29T18:11:14","slug":"articulos","status":"publish","type":"page","link":"https:\/\/promociondeeventos.sld.cu\/55aniversariocnicm\/articulos\/","title":{"rendered":"Art\u00edculos sobre CNICM"},"content":{"rendered":"<div class=\"entry_bg\">\n<div class=\"entry_content entry-content\">\n<div class=\"pad\">\n<p><a href=\"http:\/\/promociondeeventos.sld.cu\/50cnicm\/2015\/09\/18\/acimed-diez-anos-al-servicio-del-sistema-nacional-de-informacion-de-ciencias-medicas\/\" target=\"_blank\">Acimed: diez a\u00f1os al servicio del Sistema Nacional de Informaci\u00f3n de Ciencias M\u00e9dicas<br \/>\n<\/a>ACIMED\u00a0v.10\u00a0n.1\u00a0Ciudad de La Habana\u00a0feb.\u00a02002<\/p>\n<p><a href=\"http:\/\/scielo.sld.cu\/scielo.php?script=sci_arttext&amp;pid=S1024-94352008000100001&amp;nrm=iso\" target=\"_blank\">Acimed. Una necesidad y una consecuencia<br \/>\n<\/a>L\u00f3pez Espinosa Jos\u00e9 Antonio ACIMED\u00a0 [Internet]. 2008\u00a0 Ene [citado\u00a0 2020\u00a0 Ene\u00a0 29] ;\u00a0 17( 1 )<\/p>\n<p><a href=\"http:\/\/scielo.sld.cu\/scielo.php?script=sci_arttext&amp;pid=S1024-94351995000100003&amp;lng=es\" target=\"_blank\">El Sistema Nacional de Informaci\u00f3n del Ministerio de Salud P\u00fablica y su Red de Bibliotecas M\u00e9dicas.<br \/>\n<\/a>Hern\u00e1ndez J, Oramas J. ACIMED . 1995\u00a0 Abr [citado\u00a0 5 Sep 2012]; 3(1): 15-20.<\/p>\n<p><a href=\"http:\/\/www.jmir.org\/2006\/1\/e1\/\" target=\"_blank\">A Case Analysis of INFOMED: The Cuban National Health Care Telecommunications Network and Portal<br \/>\n<\/a>S\u00e9ror,\u00a0Ann C.<\/p>\n<p><a href=\"http:\/\/scielo.sld.cu\/scielo.php?script=sci_arttext&amp;pid=S1024-94351996000100003&amp;lng=es\" target=\"_blank\">Algunas experiencias en el desarrollo de servicios especiales de informaci\u00f3n en el sector de la salud<\/a>.<br \/>\nCu\u00e9 M,\u00a0 Rodr\u00edguez JF. ACIMED . 1996\u00a0 Abr [citado\u00a0 5 Sep\u00a0 2012]; 4(1): 13-22.<\/p>\n<p><a href=\"http:\/\/www.sld.cu\/sitios\/aniversario40\/temas.php?idv=2370\" target=\"_blank\">Infomed: Aniversario 40 de Centro Nacional de Informaci\u00f3n de Ciencias M\u00e9dicas.<\/a><br \/>\nL\u00f3pez, JA. La Habana: Infomed; 1999.2012 [actualizado 7 Sep 2012; citado 7 Sep 2012].<\/p>\n<p><a href=\"http:\/\/bvs.sld.cu\/revistas\/aci\/vol9_1_01\/aci071001.htm\" target=\"_blank\">Apuntes para la historia del Centro Nacional de Informaci\u00f3n de Ciencias M\u00e9dicas de la Rep\u00fablica de Cuba.<br \/>\n<\/a>L\u00f3pez JA, Marqu\u00e9s, JN<a href=\"http:\/\/bvs.sld.cu\/revistas\/aci\/vol9_1_01\/aci071001.htm\" target=\"_blank\">.<\/a>\u00a0ACIMED.\u00a0 2001 [citado\u00a0 5 Sep\u00a0 2012]; 9(1).<\/p>\n<p><a href=\"http:\/\/bvs.sld.cu\/revistas\/aci\/vol13_3_05\/aci02305.htm\">Programa para el fortalecimiento del Sistema de Informaci\u00f3n Cient\u00edfico-T\u00e9cnica de la Salud en Cuba: una respuesta a los nuevos escenarios.<\/a> Urra P. ACIMED. 2005 [citado\u00a0 7 Sep 2012]; 13(3).<\/p>\n<p><a href=\"http:\/\/scielo.sld.cu\/scielo.php?script=sci_arttext&amp;pid=S1024-94352006000100013&amp;lng=es.%20%202007\" target=\"_blank\">Intranet del Centro Nacional de Informaci\u00f3n de Ciencias M\u00e9dicas-Infomed: un espacio de trabajo en red para el Sistema de Informaci\u00f3n en Salud de Cuba<\/a>.<br \/>\nUrra P, Rodr\u00edguez K, Concepci\u00f3n B\u00e1ez C M, Ca\u00f1edo Andalia R.ACIMED.\u00a0 2006\u00a0 Feb [citado\u00a0 7 Sep 2012]; 14(1).<\/p>\n<p><a href=\"http:\/\/www.medicc.org\/mediccreview\/articles\/mr_42.pdf\" target=\"_blank\">Cuba\u2019s National eHealth Strategy.<br \/>\n<\/a>Delgado A,\u00a0 Gorry C.<a href=\"http:\/\/www.medicc.org\/mediccreview\/articles\/mr_42.pdf\" target=\"_blank\">\u00a0<\/a> MEDICC Rev. 2008 Ene [citado\u00a0 5\u00a0 Sep\u00a0 2012]; 10(1):6-8.<\/p>\n<p><a href=\"http:\/\/www.medicc.org\/mediccreview\/index.php?issue=5&amp;id=46&amp;a=vahtml\">The Virtual Health University:\u00a0 An eLearning Model within the Cuban Health System.<\/a><br \/>\nJardines JB.MEDICC Rev .\u00a0 2008\u00a0 Ene [citado 5 Sep 2012]; 10(1): 22-8.<\/p>\n<p><a href=\"http:\/\/www.crics8.org\/agendas\/program\/public\/documents\/P7-01--CRICS8-PedroUrra-211109.pdf\" target=\"_blank\">\u00a0Innovaci\u00f3n y participaci\u00f3n en la construcci\u00f3n de sistemas de informaci\u00f3n cient\u00edfica y t\u00e9cnica en salud: Una experiencia cubana.<\/a><br \/>\nUrra PCRICS 8: Actas del Congreso;\u00a0 sep 2008, R\u00edo de Janeiro. [citado 7 Sep 2012].<\/p>\n<p><a href=\"http:\/\/bvs.sld.cu\/anuario_2009\/completo_anuario2009.pdf\">Anuario Estad\u00edstico 2009<\/a>.<br \/>\nCentro Nacional de Ciencias M\u00e9dicas- Infomed.Edici\u00f3n Especial.\u00a0 La Habana:\u00a0 ECIMED;\u00a0 2009.\u00a0 [citado 6 Sep 2012].<\/p>\n<p><a href=\"http:\/\/scielo.sld.cu\/scielo.php?script=sci_arttext&amp;pid=S1024-94352009000400001&amp;lng=es\">Centro Nacional de Informaci\u00f3n de Ciencias M\u00e9dicas: aniversario\u00a0 44 de su fundaci\u00f3n.<\/a><br \/>\nUrra Gonz\u00e1lez P.ACIMED.\u00a0 2009\u00a0 Abr [citado\u00a0 7 Sep 2012]; 19(4).<\/p>\n<p><a href=\"http:\/\/www.ecured.cu\/index.php\/Centro_Nacional_de_Informaci%C3%B3n_en_Ciencias_M%C3%A9dicas\">Infomed.\u00a0 La Habana<\/a>:<br \/>\nCentro Nacional de Informaci\u00f3n en Ciencias M\u00e9dicas Ecured;\u00a0 c 2010-12 [actualizado 7 Sep\u00a0 2012; citado 7 Sep 2012].<\/p>\n<p><a href=\"http:\/\/www.unla.edu.ar\/public\/saludColectivaNuevo\/publicacion19\/pdf\/8.pdf\">Sistemas de informaci\u00f3n en salud: di\u00e1logo con Pedro Urra Gonz\u00e1lez.<\/a><br \/>\nUrra P.Salud Colectiva . 2011 [citado\u00a0 7 Sep 2012]; 7(1).<\/p>\n<h1><\/h1>\n<h2 align=\"left\"><i>\u00a0<\/i><\/h2>\n<div class=\"spacer\"><\/div>\n<\/div>\n<\/div>\n<div class=\"spacer\"><\/div>\n<\/div>\n<div class=\"entry_bottom\"><\/div>\n","protected":false},"excerpt":{"rendered":"<p>Acimed: diez a\u00f1os al servicio del Sistema Nacional de Informaci\u00f3n de Ciencias M\u00e9dicas ACIMED\u00a0v.10\u00a0n.1\u00a0Ciudad de La Habana\u00a0feb.\u00a02002 Acimed. Una necesidad y una consecuencia L\u00f3pez Espinosa Jos\u00e9 Antonio ACIMED\u00a0 [Internet]. 2008\u00a0 Ene [citado\u00a0 2020\u00a0 Ene\u00a0 29] ;\u00a0 17( 1 ) El Sistema Nacional de Informaci\u00f3n del Ministerio de Salud P\u00fablica y su Red de Bibliotecas M\u00e9dicas. [&hellip;]<\/p>\n","protected":false},"author":4,"featured_media":0,"parent":0,"menu_order":0,"comment_status":"closed","ping_status":"closed","template":"","meta":[],"_links":{"self":[{"href":"https:\/\/promociondeeventos.sld.cu\/55aniversariocnicm\/wp-json\/wp\/v2\/pages\/454"}],"collection":[{"href":"https:\/\/promociondeeventos.sld.cu\/55aniversariocnicm\/wp-json\/wp\/v2\/pages"}],"about":[{"href":"https:\/\/promociondeeventos.sld.cu\/55aniversariocnicm\/wp-json\/wp\/v2\/types\/page"}],"author":[{"embeddable":true,"href":"https:\/\/promociondeeventos.sld.cu\/55aniversariocnicm\/wp-json\/wp\/v2\/users\/4"}],"replies":[{"embeddable":true,"href":"https:\/\/promociondeeventos.sld.cu\/55aniversariocnicm\/wp-json\/wp\/v2\/comments?post=454"}],"version-history":[{"count":7,"href":"https:\/\/promociondeeventos.sld.cu\/55aniversariocnicm\/wp-json\/wp\/v2\/pages\/454\/revisions"}],"predecessor-version":[{"id":480,"href":"https:\/\/promociondeeventos.sld.cu\/55aniversariocnicm\/wp-json\/wp\/v2\/pages\/454\/revisions\/480"}],"wp:attachment":[{"href":"https:\/\/promociondeeventos.sld.cu\/55aniversariocnicm\/wp-json\/wp\/v2\/media?parent=454"}],"curies":[{"name":"wp","href":"https:\/\/api.w.org\/{rel}","templated":true}]}}