{"id":376,"date":"2019-12-19T14:22:21","date_gmt":"2019-12-19T14:22:21","guid":{"rendered":"http:\/\/promociondeeventos.sld.cu\/55aniversariocnicm\/?page_id=376"},"modified":"2019-12-19T15:13:12","modified_gmt":"2019-12-19T15:13:12","slug":"centros-provinciales","status":"publish","type":"page","link":"https:\/\/promociondeeventos.sld.cu\/55aniversariocnicm\/centros-provinciales\/","title":{"rendered":"Centros provinciales"},"content":{"rendered":"<p>Los Centros Provinciales cumplen la misi\u00f3n del Sistema Nacional de Informaci\u00f3n en Salud al nivel territorial y bajo la orientaci\u00f3n del CNICM.<\/p>\n<table style=\"height: 269px;\" width=\"611\">\n<tbody>\n<tr>\n<td><a href=\"http:\/\/promociondeeventos.sld.cu\/55aniversariocnicm\/files\/2019\/12\/bibliotecas-y-centrosdesalud.png\"><img decoding=\"async\" loading=\"lazy\" class=\"alignleft wp-image-356 size-medium\" src=\"http:\/\/promociondeeventos.sld.cu\/55aniversariocnicm\/files\/2019\/12\/bibliotecas-y-centrosdesalud-300x182.png\" alt=\"bibliotecas y centrosdesalud\" width=\"300\" height=\"182\" srcset=\"https:\/\/promociondeeventos.sld.cu\/55aniversariocnicm\/files\/2019\/12\/bibliotecas-y-centrosdesalud-300x182.png 300w, https:\/\/promociondeeventos.sld.cu\/55aniversariocnicm\/files\/2019\/12\/bibliotecas-y-centrosdesalud-250x152.png 250w, https:\/\/promociondeeventos.sld.cu\/55aniversariocnicm\/files\/2019\/12\/bibliotecas-y-centrosdesalud.png 521w\" sizes=\"(max-width: 300px) 100vw, 300px\" \/><\/a><\/td>\n<td>\n<p><div id=\"attachment_379\" style=\"width: 213px\" class=\"wp-caption alignnone\"><a href=\"http:\/\/promociondeeventos.sld.cu\/55aniversariocnicm\/files\/2019\/12\/directorescpicm.jpg\"><img aria-describedby=\"caption-attachment-379\" decoding=\"async\" loading=\"lazy\" class=\"wp-image-379\" src=\"http:\/\/promociondeeventos.sld.cu\/55aniversariocnicm\/files\/2019\/12\/directorescpicm-300x225.jpg\" alt=\"directorescpicm\" width=\"203\" height=\"152\" srcset=\"https:\/\/promociondeeventos.sld.cu\/55aniversariocnicm\/files\/2019\/12\/directorescpicm-300x225.jpg 300w, https:\/\/promociondeeventos.sld.cu\/55aniversariocnicm\/files\/2019\/12\/directorescpicm-1024x768.jpg 1024w, https:\/\/promociondeeventos.sld.cu\/55aniversariocnicm\/files\/2019\/12\/directorescpicm-250x188.jpg 250w, https:\/\/promociondeeventos.sld.cu\/55aniversariocnicm\/files\/2019\/12\/directorescpicm.jpg 1728w\" sizes=\"(max-width: 203px) 100vw, 203px\" \/><\/a><p id=\"caption-attachment-379\" class=\"wp-caption-text\">Directores Centros Provinciales de Informaci\u00f3n de Ciencias M\u00e9dicas en Reuni\u00f3n Nacional.<\/p><\/div><\/td>\n<\/tr>\n<\/tbody>\n<\/table>\n<p><!--nextpage--><\/p>\n<p>Se accede al sitio web de cada uno de los Centros Provinciales de Informaci\u00f3n de Ciencias M\u00e9dicas mediante los siguientes enlaces:<\/p>\n<ul>\n<li><a href=\"http:\/\/www.pri.sld.cu\" target=\"_blank\">CPICM Pinar del R\u00edo<\/a><\/li>\n<li><a href=\"http:\/\/www.art.sld.cu\/\" target=\"_blank\">CPICM Artemisa<\/a><\/li>\n<li><a href=\"http:\/\/instituciones.sld.cu\/cpicmhabana\/\" target=\"_blank\">CPICM La Habana<\/a><\/li>\n<li><a href=\"http:\/\/www.may.sld.cu\/\" target=\"_blank\">CPICM Mayabeque<\/a><\/li>\n<li><a href=\"http:\/\/www.mtz.sld.cu\/\" target=\"_blank\">CPICM Matanzas<\/a><\/li>\n<li><a href=\"http:\/\/www.cfg.sld.cu\" target=\"_blank\">CPICM Cienfuegos<\/a><\/li>\n<li><a href=\"http:\/\/www.vlc.sld.cu\" target=\"_blank\">CPCIM Villa Clara<\/a><\/li>\n<li><a href=\"http:\/\/instituciones.sld.cu\/cpicmssp\/\" target=\"_blank\">CPICM Sancti Sp\u00edritus<\/a><\/li>\n<li><a href=\"http:\/\/www.infomed.cav.sld.cu\/\">CPICM Ciego de \u00c1vila<\/a><\/li>\n<li><a href=\"http:\/\/www.cmv.sld.cu\" target=\"_blank\">CPICM Camag\u00fcey<\/a><\/li>\n<li><a href=\"http:\/\/www.ltu.sld.cu\" target=\"_blank\">CPICM Las Tunas<\/a><\/li>\n<li><a href=\"http:\/\/www.infomed.hlg.sld.cu\/\" target=\"_blank\">CPICM Holgu\u00edn<\/a><\/li>\n<li><a href=\"http:\/\/instituciones.sld.cu\/cpicmgranma\/\" target=\"_blank\">CPCIM Granma<\/a><\/li>\n<li><a href=\"http:\/\/www.infomed.scu.sld.cu\" target=\"_blank\">CPICM Santiago de Cuba<\/a><\/li>\n<li><a href=\"http:\/\/www.gtm.sld.cu\" target=\"_blank\">CPICM Guant\u00e1namo<\/a><\/li>\n<li><a href=\"http:\/\/www.ijv.sld.cu\" target=\"_blank\">CPICM Isla de la Juventud<\/a><\/li>\n<\/ul>\n","protected":false},"excerpt":{"rendered":"<p>Los Centros Provinciales cumplen la misi\u00f3n del Sistema Nacional de Informaci\u00f3n en Salud al nivel territorial y bajo la orientaci\u00f3n del CNICM.<\/p>\n","protected":false},"author":4,"featured_media":0,"parent":0,"menu_order":0,"comment_status":"closed","ping_status":"closed","template":"","meta":[],"_links":{"self":[{"href":"https:\/\/promociondeeventos.sld.cu\/55aniversariocnicm\/wp-json\/wp\/v2\/pages\/376"}],"collection":[{"href":"https:\/\/promociondeeventos.sld.cu\/55aniversariocnicm\/wp-json\/wp\/v2\/pages"}],"about":[{"href":"https:\/\/promociondeeventos.sld.cu\/55aniversariocnicm\/wp-json\/wp\/v2\/types\/page"}],"author":[{"embeddable":true,"href":"https:\/\/promociondeeventos.sld.cu\/55aniversariocnicm\/wp-json\/wp\/v2\/users\/4"}],"replies":[{"embeddable":true,"href":"https:\/\/promociondeeventos.sld.cu\/55aniversariocnicm\/wp-json\/wp\/v2\/comments?post=376"}],"version-history":[{"count":7,"href":"https:\/\/promociondeeventos.sld.cu\/55aniversariocnicm\/wp-json\/wp\/v2\/pages\/376\/revisions"}],"predecessor-version":[{"id":385,"href":"https:\/\/promociondeeventos.sld.cu\/55aniversariocnicm\/wp-json\/wp\/v2\/pages\/376\/revisions\/385"}],"wp:attachment":[{"href":"https:\/\/promociondeeventos.sld.cu\/55aniversariocnicm\/wp-json\/wp\/v2\/media?parent=376"}],"curies":[{"name":"wp","href":"https:\/\/api.w.org\/{rel}","templated":true}]}}