{"id":360,"date":"2019-12-18T21:07:02","date_gmt":"2019-12-18T21:07:02","guid":{"rendered":"http:\/\/promociondeeventos.sld.cu\/55aniversariocnicm\/?page_id=360"},"modified":"2020-02-10T16:14:53","modified_gmt":"2020-02-10T16:14:53","slug":"en-la-prensa","status":"publish","type":"page","link":"https:\/\/promociondeeventos.sld.cu\/55aniversariocnicm\/en-la-prensa\/","title":{"rendered":"En la prensa"},"content":{"rendered":"<p><a href=\"http:\/\/promociondeeventos.sld.cu\/55aniversariocnicm\/files\/2019\/12\/cubaperiodistas-portada-para-web-1020x642.jpg\"><img decoding=\"async\" loading=\"lazy\" class=\"alignnone  wp-image-522\" src=\"http:\/\/promociondeeventos.sld.cu\/55aniversariocnicm\/files\/2019\/12\/cubaperiodistas-portada-para-web-1020x642-300x189.jpg\" alt=\"cubaperiodistas-portada-para-web-1020x642\" width=\"82\" height=\"52\" srcset=\"https:\/\/promociondeeventos.sld.cu\/55aniversariocnicm\/files\/2019\/12\/cubaperiodistas-portada-para-web-1020x642-300x189.jpg 300w, https:\/\/promociondeeventos.sld.cu\/55aniversariocnicm\/files\/2019\/12\/cubaperiodistas-portada-para-web-1020x642-250x157.jpg 250w, https:\/\/promociondeeventos.sld.cu\/55aniversariocnicm\/files\/2019\/12\/cubaperiodistas-portada-para-web-1020x642.jpg 1020w\" sizes=\"(max-width: 82px) 100vw, 82px\" \/><\/a><\/p>\n<p><a href=\"https:\/\/www.cubaperiodistas.cu\/index.php\/2020\/01\/actualizan-sobre-politicas-editoriales-en-ciencias-de-la-salud\/\">Actualizan sobre pol\u00edticas editoriales en Ciencias de la Salud<br \/>\n<\/a>Fecha de publicaci\u00f3n: 4 de febrero 2020<\/p>\n<hr \/>\n<p><a href=\"http:\/\/promociondeeventos.sld.cu\/55aniversariocnicm\/files\/2019\/12\/logoacn.png\"><img decoding=\"async\" loading=\"lazy\" class=\" wp-image-466 alignnone\" src=\"http:\/\/promociondeeventos.sld.cu\/55aniversariocnicm\/files\/2019\/12\/logoacn-300x61.png\" alt=\"logoacn\" width=\"118\" height=\"24\" srcset=\"https:\/\/promociondeeventos.sld.cu\/55aniversariocnicm\/files\/2019\/12\/logoacn-300x61.png 300w, https:\/\/promociondeeventos.sld.cu\/55aniversariocnicm\/files\/2019\/12\/logoacn-250x51.png 250w, https:\/\/promociondeeventos.sld.cu\/55aniversariocnicm\/files\/2019\/12\/logoacn.png 400w\" sizes=\"(max-width: 118px) 100vw, 118px\" \/><\/a><\/p>\n<p><a href=\"http:\/\/www.acn.cu\/cultura\/60826-editorial-ciencias-medicas-con-varios-textos-en-feria-del-libro\">ACN Editorial Ciencias M\u00e9dicas con varios textos en Feria del Libro<br \/>\n<\/a>Fecha de publicaci\u00f3n: 4 de febrero 2020<\/p>\n<p><a href=\"http:\/\/www.acn.cu\/salud\/60940-reconocen-a-autores-cubanos-de-libros-de-pediatria\">Reconocen a autores cubanos de libros de pediatr\u00eda<\/a><br \/>\nFecha de publicaci\u00f3n:\u00a06 de febrero 2020<\/p>\n<p><a href=\"%20http:\/\/www.acn.cu\/salud\/60979-brindar-informacion-cientifica-oportuna-y-veraz-proposito-de-infomed\">Brindar informaci\u00f3n cient\u00edfica oportuna y veraz, prop\u00f3sito de Infomed<\/a><br \/>\nFecha de publicaci\u00f3n: 7 de febrero 2020<\/p>\n<p><a href=\"http:\/\/www.acn.cu\/salud\/53091-felicita-ministro-cubano-de-salud-publica-a-infomed\">Felicita ministro cubano de Salud P\u00fablica a Info<\/a><a href=\"http:\/\/www.acn.cu\/salud\/53091-felicita-ministro-cubano-de-salud-publica-a-infomed\">med<br \/>\n<\/a>Fecha de publicaci\u00f3n: 1 de febrero 2019<\/p>\n<p><a href=\"http:\/\/www.acn.cu\/cuba\/31843-consejos-a-mama-y-papa-en-feria-internacional-del-libro-2018\">Consejos a mam\u00e1 y pap\u00e1 en Feria Internacional del Libro 2018<\/a><br \/>\nFecha de publicaci\u00f3n: 18 de diciembre 2018<\/p>\n<p><a href=\"http:\/\/www.acn.cu\/salud\/19025-convocan-a-muestra-del-audiovisual-en-ciencias-de-la-salud\">Convocan a Muestra del Audiovisual en Ciencias de la Salud <\/a><br \/>\nFecha de publicaci\u00f3n: 10 de junio 2016<\/p>\n<hr \/>\n<p><a href=\"http:\/\/promociondeeventos.sld.cu\/55aniversariocnicm\/files\/2019\/12\/raciococo1.jpg\"><img decoding=\"async\" loading=\"lazy\" class=\"alignnone  wp-image-472\" src=\"http:\/\/promociondeeventos.sld.cu\/55aniversariocnicm\/files\/2019\/12\/raciococo1.jpg\" alt=\"raciococo\" width=\"104\" height=\"48\" \/><\/a><\/p>\n<p><a href=\"http:\/\/www.radiococo.icrt.cu\/noticias\/ciencia-y-tecnica\/dedican-nuevo-sitio-web-al-aniversario-30-la-editorial-ciencias-medicas\/%20\">Dedican nuevo sitio web al aniversario 30 de la Editorial Ciencias M\u00e9dicas <\/a><br \/>\nFecha de publicaci\u00f3n: 24 de agosto de 2018<\/p>\n<hr \/>\n<p><a href=\"http:\/\/promociondeeventos.sld.cu\/xxvaniversarioinfomed\/files\/2017\/05\/logo-telesur.png\"><img decoding=\"async\" loading=\"lazy\" class=\"alignnone wp-image-817\" src=\"http:\/\/promociondeeventos.sld.cu\/xxvaniversarioinfomed\/files\/2017\/05\/logo-telesur.png\" alt=\"logo telesur\" width=\"100\" height=\"38\" \/><\/a><br \/>\n<a href=\"https:\/\/videos.telesurtv.net\/video\/666531\/atomun-666531\/\" target=\"_blank\">Atomun: La red INFOMED en Cuba<\/a><br \/>\nFecha de publicaci\u00f3n: 3 de julio de 2017<\/p>\n<hr \/>\n<p><!--nextpage--><img decoding=\"async\" loading=\"lazy\" class=\"alignnone wp-image-212\" src=\"http:\/\/promociondeeventos.sld.cu\/xxvaniversarioinfomed\/files\/2017\/05\/granma-logo.png\" alt=\"granma-logo\" width=\"100\" height=\"30\" \/><\/p>\n<p><a href=\"http:\/\/www.granma.cu\/cuba\/2018-01-27\/una-manera-virtual-de-acercar-los-saberes-medicos-27-01-2018-10-01-21\" target=\"_blank\">Una manera virtual de acercar los saberes m\u00e9dicos<\/a><br \/>\nFecha de publicaci\u00f3n: 27 de enero de 2018<\/p>\n<p><a href=\"http:\/\/www.granma.cu\/cuba\/2017-12-19\/infomed-una-red-para-ser-hacer-y-vivir-la-medicina-cubana-19-12-2017-09-12-36\" target=\"_blank\">Infomed: una red para ser, hacer y vivir la medicina cubana<\/a><br \/>\nFecha de publicaci\u00f3n: 19 de diciembre de 2017<\/p>\n<p><a href=\"http:\/\/www.granma.cu\/salud\/2017-11-10\/ciencias-medicas-y-arte-audiovisual-un-binomio-a-favor-de-la-salud-10-11-2017-00-11-32\">Ciencias m\u00e9dicas y arte audiovisual: un binomio a favor de la salud<\/a><br \/>\nFecha de publicaci\u00f3n: 10 de noviembre del 2017<\/p>\n<p><a href=\"http:\/\/www.granma.cu\/cuba\/2017-11-15\/infomed-y-el-arte-de-trascender-las-fronteras-15-11-2017-00-11-42\" target=\"_blank\">Infomed y el arte de trascender las fronteras<\/a><br \/>\nFecha de publicaci\u00f3n: 15 de noviembre de 2017<\/p>\n<p><a href=\"http:\/\/www.granma.cu\/mundo\/2017-06-13\/infomed-premio-en-la-categoria-de-e-salud-en-la-cumbre-de-la-sociedad-de-la-informacion-2017\" target=\"_blank\">Infomed: premio en la categor\u00eda de e-Salud en la Cumbre de la Sociedad de la Informaci\u00f3n 2017<\/a><br \/>\nFecha de publicaci\u00f3n: 13 de junio de 2017<\/p>\n<p><a href=\"http:\/\/www.granma.cu\/mundo\/2017-05-09\/cuba-entre-los-premios-de-la-cumbre-mundial-de-la-sociedad-de-la-informacion-09-05-2017-22-05-29\" target=\"_blank\">Cuba entre los Premios de la Cumbre Mundial de la Sociedad de la Informaci\u00f3n<\/a><br \/>\nFecha de publicaci\u00f3n: 09 de mayo de 2017<\/p>\n<p><a href=\"http:\/\/www.granma.cubaweb.cu\/secciones\/cienciaytec\/medicina\/medicina01.htm\" target=\"_blank\">Red a muchas manos<\/a><br \/>\nFecha de publicaci\u00f3n: 22 de junio de 2006<\/p>\n<p><a href=\"http:\/\/www.granma.cubaweb.cu\/secciones\/ciencia\/ciencia327.htm\" target=\"_blank\">Internet en Cuba: a\u00f1o diez<\/a><br \/>\nFecha de publicaci\u00f3n: 27 de abril de 2006<\/p>\n<p><a href=\"http:\/\/www.granma.cu\/granmad\/2002\/10\/23\/nacional\/articulo15.html\" target=\"_blank\">Premio internacional a Infomed<\/a><br \/>\nFecha de publicaci\u00f3n: 23 de octubre de 2017<\/p>\n<p><a href=\"http:\/\/www.granma.cubaweb.cu\/secciones\/ciencia\/ciencia37.htm\" target=\"_blank\">Portal con interfaz m\u00e1s intuitiva<\/a><br \/>\nFecha de publicaci\u00f3n: 12 de diciembre de 2002<\/p>\n<hr \/>\n<p><!--nextpage--><a href=\"http:\/\/www.cubadebate.cu\/noticias\/2017\/05\/09\/infomed-ecured-y-pachamama-game-jam-entre-los-proyectos-cubanos-ganadores-del-wsis-2017\/#.WSRE9zrjyM8\" target=\"_blank\"><img decoding=\"async\" loading=\"lazy\" class=\"alignnone wp-image-213\" src=\"http:\/\/promociondeeventos.sld.cu\/xxvaniversarioinfomed\/files\/2017\/05\/logo.gif\" alt=\"logo\" width=\"100\" height=\"29\" \/><\/a><\/p>\n<p><a href=\"http:\/\/www.cubadebate.cu\/noticias\/2019\/12\/18\/infomed-la-red-de-la-salud-de-cuba-cumple-su-aniversario-27\/\" rel=\"bookmark\">Infomed, la red de la salud de Cuba, cumple su aniversario 27<br \/>\n<\/a><time datetime=\"2019-12-18 09:59:00\">Fecha de publicaci\u00f3n: 18 diciembre 2019<\/time> <span class=\"separator\">|<\/span><\/p>\n<p><a href=\"http:\/\/www.cubadebate.cu\/noticias\/2017\/06\/13\/reciben-instituciones-cubanas-premios-del-wsis-2017\/\" target=\"_blank\">Reciben instituciones cubanas premios del WSIS 2017<\/a><br \/>\nFecha de publicaci\u00f3n: 13 de junio de 2017<\/p>\n<p><a href=\"http:\/\/www.cubadebate.cu\/noticias\/2017\/05\/09\/infomed-ecured-y-pachamama-game-jam-entre-los-proyectos-cubanos-ganadores-del-wsis-2017\/#.WSRE9zrjyM8\" target=\"_blank\">Infomed, Ecured y Pachamama Game Jam, entre los proyectos cubanos ganadores del WSIS 2017<\/a><br \/>\nFecha de publicaci\u00f3n: 09 de mayo de 2017<\/p>\n<p><a href=\"http:\/\/www.cubadebate.cu\/noticias\/2014\/12\/22\/pedro-urra-en-el-aniversario-de-la-red-infomed-es-un-proyecto-que-nos-sobrepaso\/#.WSRKGDrjyM8\" target=\"_blank\">Pedro Urra en el aniversario de la red Infomed: \u201cEs un proyecto que nos sobrepas\u00f3\u201d<\/a><br \/>\nFecha de publicaci\u00f3n: 22 de diciembre de 2014<\/p>\n<p><a href=\"http:\/\/www.cubadebate.cu\/noticias\/2014\/08\/20\/presentan-primera-aplicacion-cubana-sobre-salud-instrucciones\/#.WSRKCzrjyM8\" target=\"_blank\">Presentan primera aplicaci\u00f3n cubana sobre salud (+ Instrucciones)<\/a><br \/>\nFecha de publicaci\u00f3n: 20 de agosto de 2014<\/p>\n<p><a href=\"http:\/\/www.cubadebate.cu\/opinion\/2006\/01\/31\/infomed-modelo-integrador-para-la-salud\/\" target=\"_blank\">Infomed, modelo integrador para la salud<\/a><br \/>\nFecha de publicaci\u00f3n: 31 enero de 2006<\/p>\n<p><a href=\"http:\/\/www.cubadebate.cu\/opinion\/2003\/12\/10\/mision-en-ginebra\/\" target=\"_blank\">Misi\u00f3n en Ginebra<\/a><br \/>\nFecha de publicaci\u00f3n: 10 diciembre de 2003<\/p>\n<hr \/>\n<p><img decoding=\"async\" loading=\"lazy\" class=\"alignnone wp-image-214\" src=\"http:\/\/promociondeeventos.sld.cu\/xxvaniversarioinfomed\/files\/2017\/05\/logo_jr_h.png\" alt=\"logo_jr_h\" width=\"100\" height=\"29\" \/><a href=\"http:\/\/www.juventudrebelde.cu\/suplementos\/informatica\/2015-01-07\/salud-y-conocimiento-en-red\/\" target=\"_blank\"><br \/>\n<\/a><a href=\"http:\/\/www.juventudrebelde.cu\/suplementos\/en-red\/2015-08-15\/usar-el-conocimiento-por-la-salud\/\">Usar el conocimiento por la salud<\/a><br \/>\nFecha de publicaci\u00f3n: 15 de agosto de 2015<\/p>\n<p><a href=\"http:\/\/www.juventudrebelde.cu\/suplementos\/informatica\/2015-01-07\/salud-y-conocimiento-en-red\/\" target=\"_blank\">Salud y conocimiento en red<\/a><br \/>\nFecha de publicaci\u00f3n: 07 de enero de 2015<\/p>\n<p><a href=\"http:\/\/www.juventudrebelde.cu\/cuba\/2011-02-23\/infomed-convoca-a-muestra-internacional-del-audiovisual-en-salud\/\" target=\"_blank\">Infomed convoca a Muestra Internacional del Audiovisual en Salud<\/a><br \/>\nFecha de publicaci\u00f3n: 23 de febrero del 2011<\/p>\n<hr \/>\n<p><img decoding=\"async\" loading=\"lazy\" class=\"alignnone wp-image-216\" src=\"http:\/\/promociondeeventos.sld.cu\/xxvaniversarioinfomed\/files\/2017\/05\/tribuna-logotipo.png\" alt=\"tribuna-logotipo\" width=\"100\" height=\"36\" \/><a href=\"http:\/\/www.tribuna.cu\/salud\/2014-12-18\/celebra-infomed-su-aniversario-22\" target=\"_blank\"><br \/>\n<\/a><a href=\"http:\/\/www.tribuna.cu\/ciencia\/2017-06-13\/proyecto-cubano-obtiene-gran-premio-foro-informatico\" target=\"_blank\">Proyecto cubano obtiene Gran Premio en foro inform\u00e1tico<\/a><br \/>\nFecha de publicaci\u00f3n: 13 de junio de 2017<\/p>\n<p><a href=\"http:\/\/www.tribuna.cu\/salud\/2014-12-18\/celebra-infomed-su-aniversario-22\" target=\"_blank\">Celebra Infomed su aniversario 22<\/a><br \/>\nFecha de publicaci\u00f3n: 18 de diciembre de 2014<\/p>\n<p><a href=\"http:\/\/www.tribuna.cu\/capitalinas\/2014-06-05\/entregados-premios-ondi-dise-o-2014\" target=\"_blank\">Entregados Premios Ondi de Dise\u00f1o 2014<\/a><br \/>\nFecha de publicaci\u00f3n: 05 de junio de 2014<\/p>\n<hr \/>\n<p><!--nextpage--><\/p>\n<p><img decoding=\"async\" loading=\"lazy\" class=\"alignnone wp-image-215\" src=\"http:\/\/promociondeeventos.sld.cu\/xxvaniversarioinfomed\/files\/2017\/05\/logo-cubaahora.png\" alt=\"logo cubaahora\" width=\"100\" height=\"30\" \/><a href=\"http:\/\/www.cubahora.cu\/ciencia-y-tecnologia\/infomed-un-proyecto-para-una-sociedad-mejor\" target=\"_blank\"><br \/>\n<\/a><a href=\"https:\/\/www.cubahora.cu\/ciencia-y-tecnologia\/servicios-de-bibliosida-situan-a-cuba-en-el-mapa-mundial-de-bibliotecas\">Servicios de BiblioSIDA sit\u00faan a Cuba en el Mapa Mundial de Bibliotecas<\/a><br \/>\nFecha publicaci\u00f3n: 27 de enero de 2020<\/p>\n<p><a href=\"https:\/\/www.cubahora.cu\/ciencia-y-tecnologia\/en-cuba-la-salud-se-informatiza\">En Cuba: la salud se informatiza<\/a><br \/>\nFecha publicaci\u00f3n: 29 de noviembre de 2019<\/p>\n<p><a href=\"http:\/\/www.cubahora.cu\/ciencia-y-tecnologia\/infomed-un-proyecto-para-una-sociedad-mejor\" target=\"_blank\">Infomed, un proyecto para una sociedad mejor<\/a><br \/>\nFecha de publicaci\u00f3n: 19 de diciembre de 2014<\/p>\n<p><a href=\"http:\/\/www.cubahora.cu\/ciencia-y-tecnologia\/salud-cubana-basta-un-clic\" target=\"_blank\">\u00bfSalud cubana? Basta un clic\u2026<\/a><br \/>\nFecha de publicaci\u00f3n: 18 de diciembre de 2013<\/p>\n<hr \/>\n<p><a href=\"http:\/\/promociondeeventos.sld.cu\/xxvaniversarioinfomed\/files\/2017\/05\/logo-la-jiribilla.jpg\"><img decoding=\"async\" loading=\"lazy\" class=\"alignnone wp-image-341 size-full\" src=\"http:\/\/promociondeeventos.sld.cu\/xxvaniversarioinfomed\/files\/2017\/05\/logo-la-jiribilla-e1498834489919.jpg\" alt=\"logo la jiribilla\" width=\"100\" height=\"33\" \/><\/a><a href=\"http:\/\/epoca2.lajiribilla.cu\/paraimprimir\/nro84\/2299_84_imp.html\" target=\"_blank\"><br \/>\nInfomed: diez a\u00f1os por detr\u00e1s y un mundo por delante<\/a><br \/>\nFecha de publicaci\u00f3n: 2002<\/p>\n<hr \/>\n<p><img decoding=\"async\" loading=\"lazy\" class=\"alignnone wp-image-217\" src=\"http:\/\/promociondeeventos.sld.cu\/xxvaniversarioinfomed\/files\/2017\/05\/radio-agramonte.png\" alt=\"radio agramonte\" width=\"40\" height=\"60\" \/><a href=\"http:\/\/www.cadenagramonte.cu\/articulos\/ver\/27564:la-constante-batalla-de-infomed-contra-el-bloqueo\" target=\"_blank\"><br \/>\nLa constante batalla de Infomed contra el bloqueo<\/a><br \/>\nFecha de publicaci\u00f3n: 08 de noviembre de 2012<\/p>\n<hr \/>\n<p><img decoding=\"async\" loading=\"lazy\" class=\"alignnone wp-image-218\" src=\"http:\/\/promociondeeventos.sld.cu\/xxvaniversarioinfomed\/files\/2017\/05\/radiorebelde-logo.jpg\" alt=\"radiorebelde-logo\" width=\"100\" height=\"32\" \/><a href=\"http:\/\/www.radiorebelde.cu\/noticia\/visitan-mas-siete-millones-usuario-infomed-20120122\/\" target=\"_blank\"><br \/>\nVisitan m\u00e1s de siete millones de usuarios Infomed<\/a><br \/>\nFecha de publicaci\u00f3n: 22 de enero de 2012<\/p>\n<hr \/>\n<p><img decoding=\"async\" loading=\"lazy\" class=\"alignnone wp-image-219\" src=\"http:\/\/promociondeeventos.sld.cu\/xxvaniversarioinfomed\/files\/2017\/05\/dicyt.png\" alt=\"dicyt\" width=\"100\" height=\"63\" \/><a href=\"http:\/\/www.dicyt.com\/noticias\/infomed-la-experiencia-de-una-red-de-informacion-medica-en-cuba\" target=\"_blank\"><br \/>\nInfomed, la experiencia de una red de informaci\u00f3n m\u00e9dica<\/a><br \/>\nFecha de publicaci\u00f3n: 5 de septiembre de 2007<\/p>\n<div class=\"meta\">\n<hr \/>\n<\/div>\n<div class=\"meta\"><\/div>\n<div class=\"meta\"><a href=\"http:\/\/promociondeeventos.sld.cu\/55aniversariocnicm\/files\/2019\/12\/juventud-tecnica.png\"><img decoding=\"async\" loading=\"lazy\" class=\"alignnone  wp-image-368\" src=\"http:\/\/promociondeeventos.sld.cu\/55aniversariocnicm\/files\/2019\/12\/juventud-tecnica-300x152.png\" alt=\"juventud tecnica\" width=\"121\" height=\"61\" srcset=\"https:\/\/promociondeeventos.sld.cu\/55aniversariocnicm\/files\/2019\/12\/juventud-tecnica-300x152.png 300w, https:\/\/promociondeeventos.sld.cu\/55aniversariocnicm\/files\/2019\/12\/juventud-tecnica-250x127.png 250w, https:\/\/promociondeeventos.sld.cu\/55aniversariocnicm\/files\/2019\/12\/juventud-tecnica.png 331w\" sizes=\"(max-width: 121px) 100vw, 121px\" \/><\/a><\/div>\n<div class=\"meta\">\n<div class=\"meta\"><a href=\"https:\/\/medium.com\/juventud-t%C3%A9cnica\/el-pupitre-online-c81113f1c01c\">El pupitre online<\/a><\/div>\n<div class=\"meta\">Fecha de publicaci\u00f3n: 18 diciembre2017<\/div>\n<\/div>\n<div class=\"meta\">\n<hr \/>\n<\/div>\n<div class=\"meta\">\u00a0<!--nextpage--><\/div>\n<div class=\"meta\"><a href=\"http:\/\/promociondeeventos.sld.cu\/55aniversariocnicm\/files\/2019\/12\/logo.png\"><img decoding=\"async\" loading=\"lazy\" class=\"alignnone  wp-image-362\" src=\"http:\/\/promociondeeventos.sld.cu\/55aniversariocnicm\/files\/2019\/12\/logo.png\" alt=\"logo\" width=\"160\" height=\"41\" \/><\/a><\/div>\n<div class=\"meta\">\n<div class=\"title\">\n<p><a href=\"http:\/\/www.sld.cu\/noticia\/2019\/12\/18\/presentan-sitio-web-conmemorativo-por-el-aniversario-55-del-centro-nacional-de-in\">Presentan sitio web conmemorativo por el aniversario 55 del Centro Nacional de Informaci\u00f3n de Ciencias M\u00e9dicas<\/a><br \/>\nFecha de publicaci\u00f3n: 18 Diciembre 2019<br \/>\n<a href=\"http:\/\/www.sld.cu\/noticia\/2019\/12\/18\/infomed-esta-de-cumpleanos\">Infomed est\u00e1 de cumplea\u00f1os<\/a><br \/>\nFecha de publicaci\u00f3n: 18 Diciembre 2019<\/p>\n<p><a href=\"http:\/\/www.sld.cu\/noticia\/2019\/12\/18\/felicita-ministro-de-salud-publica-infomed-red-de-salud-de-cuba-en-su-27-aniversa\">Felicita Ministro de Salud P\u00fablica a Infomed, red de salud de Cuba, en su 27 aniversario<br \/>\n<\/a>Fecha de publicaci\u00f3n: 18 Diciembre 2019<\/p>\n<p>&nbsp;<\/p>\n<hr \/>\n<p><a href=\"http:\/\/promociondeeventos.sld.cu\/55aniversariocnicm\/files\/2019\/12\/logo-tvyumuri1.png\"><img decoding=\"async\" loading=\"lazy\" class=\"alignnone  wp-image-463\" src=\"http:\/\/promociondeeventos.sld.cu\/55aniversariocnicm\/files\/2019\/12\/logo-tvyumuri1.png\" alt=\"logo-tvyumuri1\" width=\"153\" height=\"51\" srcset=\"https:\/\/promociondeeventos.sld.cu\/55aniversariocnicm\/files\/2019\/12\/logo-tvyumuri1.png 288w, https:\/\/promociondeeventos.sld.cu\/55aniversariocnicm\/files\/2019\/12\/logo-tvyumuri1-250x83.png 250w\" sizes=\"(max-width: 153px) 100vw, 153px\" \/><\/a><\/p>\n<p><a href=\"http:\/\/www.tvyumuri.icrt.cu\/cuba\/abierto-concurso-fotosalud-2020\/%202019\">Abierto Concurso FotoSalud 2020<\/a><br \/>\nFecha de publicaci\u00f3n: 27 enero 2020<\/p>\n<p>&nbsp;<\/p>\n<p>&nbsp;<\/p>\n<\/div>\n<\/div>\n","protected":false},"excerpt":{"rendered":"<p>Actualizan sobre pol\u00edticas editoriales en Ciencias de la Salud Fecha de publicaci\u00f3n: 4 de febrero 2020 ACN Editorial Ciencias M\u00e9dicas con varios textos en Feria del Libro Fecha de publicaci\u00f3n: 4 de febrero 2020 Reconocen a autores cubanos de libros de pediatr\u00eda Fecha de publicaci\u00f3n:\u00a06 de febrero 2020 Brindar informaci\u00f3n cient\u00edfica oportuna y veraz, prop\u00f3sito [&hellip;]<\/p>\n","protected":false},"author":4,"featured_media":0,"parent":0,"menu_order":0,"comment_status":"closed","ping_status":"closed","template":"","meta":[],"_links":{"self":[{"href":"https:\/\/promociondeeventos.sld.cu\/55aniversariocnicm\/wp-json\/wp\/v2\/pages\/360"}],"collection":[{"href":"https:\/\/promociondeeventos.sld.cu\/55aniversariocnicm\/wp-json\/wp\/v2\/pages"}],"about":[{"href":"https:\/\/promociondeeventos.sld.cu\/55aniversariocnicm\/wp-json\/wp\/v2\/types\/page"}],"author":[{"embeddable":true,"href":"https:\/\/promociondeeventos.sld.cu\/55aniversariocnicm\/wp-json\/wp\/v2\/users\/4"}],"replies":[{"embeddable":true,"href":"https:\/\/promociondeeventos.sld.cu\/55aniversariocnicm\/wp-json\/wp\/v2\/comments?post=360"}],"version-history":[{"count":22,"href":"https:\/\/promociondeeventos.sld.cu\/55aniversariocnicm\/wp-json\/wp\/v2\/pages\/360\/revisions"}],"predecessor-version":[{"id":526,"href":"https:\/\/promociondeeventos.sld.cu\/55aniversariocnicm\/wp-json\/wp\/v2\/pages\/360\/revisions\/526"}],"wp:attachment":[{"href":"https:\/\/promociondeeventos.sld.cu\/55aniversariocnicm\/wp-json\/wp\/v2\/media?parent=360"}],"curies":[{"name":"wp","href":"https:\/\/api.w.org\/{rel}","templated":true}]}}