{"id":355,"date":"2019-12-18T20:36:28","date_gmt":"2019-12-18T20:36:28","guid":{"rendered":"http:\/\/promociondeeventos.sld.cu\/55aniversariocnicm\/?page_id=355"},"modified":"2024-03-27T17:25:02","modified_gmt":"2024-03-27T17:25:02","slug":"galeria-de-fotos","status":"publish","type":"page","link":"https:\/\/promociondeeventos.sld.cu\/55aniversariocnicm\/galeria-de-fotos\/","title":{"rendered":"Galer\u00eda de fotos"},"content":{"rendered":"<div id=\"attachment_498\" style=\"width: 510px\" class=\"wp-caption aligncenter\"><a href=\"http:\/\/promociondeeventos.sld.cu\/55aniversariocnicm\/files\/2020\/02\/escanear0028.jpg\"><img aria-describedby=\"caption-attachment-498\" decoding=\"async\" loading=\"lazy\" class=\" wp-image-498\" src=\"http:\/\/promociondeeventos.sld.cu\/55aniversariocnicm\/files\/2020\/02\/escanear0028-300x201.jpg\" alt=\"escanear0028\" width=\"500\" height=\"334\" srcset=\"https:\/\/promociondeeventos.sld.cu\/55aniversariocnicm\/files\/2020\/02\/escanear0028-300x201.jpg 300w, https:\/\/promociondeeventos.sld.cu\/55aniversariocnicm\/files\/2020\/02\/escanear0028-1024x685.jpg 1024w, https:\/\/promociondeeventos.sld.cu\/55aniversariocnicm\/files\/2020\/02\/escanear0028-250x167.jpg 250w, https:\/\/promociondeeventos.sld.cu\/55aniversariocnicm\/files\/2020\/02\/escanear0028.jpg 1431w\" sizes=\"(max-width: 500px) 100vw, 500px\" \/><\/a><p id=\"caption-attachment-498\" class=\"wp-caption-text\">Reuni\u00f3n de la Red Nacional de Informaci\u00f3n de Ciencias M\u00e9dicas. X Aniversario.<\/p><\/div>\n<p>&nbsp;<\/p>\n<p><!--nextpage--><\/p>\n<div id=\"attachment_499\" style=\"width: 510px\" class=\"wp-caption aligncenter\"><a href=\"http:\/\/promociondeeventos.sld.cu\/55aniversariocnicm\/files\/2020\/02\/escanear0013.jpg\"><img aria-describedby=\"caption-attachment-499\" decoding=\"async\" loading=\"lazy\" class=\"wp-image-499\" src=\"http:\/\/promociondeeventos.sld.cu\/55aniversariocnicm\/files\/2020\/02\/escanear0013-300x227.jpg\" alt=\"escanear0013\" width=\"500\" height=\"379\" srcset=\"https:\/\/promociondeeventos.sld.cu\/55aniversariocnicm\/files\/2020\/02\/escanear0013-300x227.jpg 300w, https:\/\/promociondeeventos.sld.cu\/55aniversariocnicm\/files\/2020\/02\/escanear0013-250x190.jpg 250w, https:\/\/promociondeeventos.sld.cu\/55aniversariocnicm\/files\/2020\/02\/escanear0013.jpg 947w\" sizes=\"(max-width: 500px) 100vw, 500px\" \/><\/a><p id=\"caption-attachment-499\" class=\"wp-caption-text\">XX Aniversario de la creaci\u00f3n del CNICM<\/p><\/div>\n<p><!--nextpage--><\/p>\n<div id=\"attachment_487\" style=\"width: 510px\" class=\"wp-caption aligncenter\"><a href=\"http:\/\/promociondeeventos.sld.cu\/55aniversariocnicm\/files\/2020\/02\/114012011-Acto-Otorgamiento-Categoria-Docente-232.jpg\"><img aria-describedby=\"caption-attachment-487\" decoding=\"async\" loading=\"lazy\" class=\"wp-image-487\" src=\"http:\/\/promociondeeventos.sld.cu\/55aniversariocnicm\/files\/2020\/02\/114012011-Acto-Otorgamiento-Categoria-Docente-232-300x225.jpg\" alt=\"114012011 Acto Otorgamiento Categoria Docente 232\" width=\"500\" height=\"375\" srcset=\"https:\/\/promociondeeventos.sld.cu\/55aniversariocnicm\/files\/2020\/02\/114012011-Acto-Otorgamiento-Categoria-Docente-232-300x225.jpg 300w, https:\/\/promociondeeventos.sld.cu\/55aniversariocnicm\/files\/2020\/02\/114012011-Acto-Otorgamiento-Categoria-Docente-232-1024x768.jpg 1024w, https:\/\/promociondeeventos.sld.cu\/55aniversariocnicm\/files\/2020\/02\/114012011-Acto-Otorgamiento-Categoria-Docente-232-250x188.jpg 250w\" sizes=\"(max-width: 500px) 100vw, 500px\" \/><\/a><p id=\"caption-attachment-487\" class=\"wp-caption-text\">Acto Otorgamiento Categor\u00eda Docente al CNCIM, 2011<\/p><\/div>\n<p><!--nextpage--><\/p>\n<div id=\"attachment_496\" style=\"width: 517px\" class=\"wp-caption aligncenter\"><a href=\"http:\/\/promociondeeventos.sld.cu\/55aniversariocnicm\/files\/2020\/02\/DSC02206.jpg\"><img aria-describedby=\"caption-attachment-496\" decoding=\"async\" loading=\"lazy\" class=\"wp-image-496 \" src=\"http:\/\/promociondeeventos.sld.cu\/55aniversariocnicm\/files\/2020\/02\/DSC02206-300x225.jpg\" alt=\"DSC02206\" width=\"507\" height=\"380\" srcset=\"https:\/\/promociondeeventos.sld.cu\/55aniversariocnicm\/files\/2020\/02\/DSC02206-300x225.jpg 300w, https:\/\/promociondeeventos.sld.cu\/55aniversariocnicm\/files\/2020\/02\/DSC02206-1024x768.jpg 1024w, https:\/\/promociondeeventos.sld.cu\/55aniversariocnicm\/files\/2020\/02\/DSC02206-250x188.jpg 250w, https:\/\/promociondeeventos.sld.cu\/55aniversariocnicm\/files\/2020\/02\/DSC02206.jpg 1280w\" sizes=\"(max-width: 507px) 100vw, 507px\" \/><\/a><p id=\"caption-attachment-496\" class=\"wp-caption-text\">Condecoraci\u00f3n con la medalla de la amistad, otorgada a David Wald por el Instituto Cubano de Amistad con los Pueblos<\/p><\/div>\n<p><!--nextpage--><\/p>\n<div id=\"attachment_527\" style=\"width: 506px\" class=\"wp-caption aligncenter\"><a href=\"http:\/\/promociondeeventos.sld.cu\/55aniversariocnicm\/files\/2019\/12\/escanear0102.jpg\"><img aria-describedby=\"caption-attachment-527\" decoding=\"async\" loading=\"lazy\" class=\" wp-image-527\" src=\"http:\/\/promociondeeventos.sld.cu\/55aniversariocnicm\/files\/2019\/12\/escanear0102-300x201.jpg\" alt=\"escanear0102\" width=\"496\" height=\"332\" srcset=\"https:\/\/promociondeeventos.sld.cu\/55aniversariocnicm\/files\/2019\/12\/escanear0102-300x201.jpg 300w, https:\/\/promociondeeventos.sld.cu\/55aniversariocnicm\/files\/2019\/12\/escanear0102-1024x685.jpg 1024w, https:\/\/promociondeeventos.sld.cu\/55aniversariocnicm\/files\/2019\/12\/escanear0102-250x167.jpg 250w, https:\/\/promociondeeventos.sld.cu\/55aniversariocnicm\/files\/2019\/12\/escanear0102.jpg 1207w\" sizes=\"(max-width: 496px) 100vw, 496px\" \/><\/a><p id=\"caption-attachment-527\" class=\"wp-caption-text\">David Wald Infomed\/ USA en la Biblioteca M\u00e9dica<\/p><\/div>\n<p><!--nextpage--><\/p>\n<div id=\"attachment_535\" style=\"width: 522px\" class=\"wp-caption aligncenter\"><a href=\"http:\/\/promociondeeventos.sld.cu\/55aniversariocnicm\/files\/2020\/02\/cenizasdavidwred1.jpg\"><img aria-describedby=\"caption-attachment-535\" decoding=\"async\" loading=\"lazy\" class=\"wp-image-535 \" src=\"http:\/\/promociondeeventos.sld.cu\/55aniversariocnicm\/files\/2020\/02\/cenizasdavidwred1-300x225.jpg\" alt=\"cenizasdavidwred\" width=\"512\" height=\"384\" srcset=\"https:\/\/promociondeeventos.sld.cu\/55aniversariocnicm\/files\/2020\/02\/cenizasdavidwred1-300x225.jpg 300w, https:\/\/promociondeeventos.sld.cu\/55aniversariocnicm\/files\/2020\/02\/cenizasdavidwred1-250x188.jpg 250w, https:\/\/promociondeeventos.sld.cu\/55aniversariocnicm\/files\/2020\/02\/cenizasdavidwred1.jpg 704w\" sizes=\"(max-width: 512px) 100vw, 512px\" \/><\/a><p id=\"caption-attachment-535\" class=\"wp-caption-text\">Homenaje Postumo a David Wald<\/p><\/div>\n<p><!--nextpage--><\/p>\n<div id=\"attachment_491\" style=\"width: 531px\" class=\"wp-caption aligncenter\"><a href=\"http:\/\/promociondeeventos.sld.cu\/55aniversariocnicm\/files\/2020\/02\/DSC00216.jpg\"><img aria-describedby=\"caption-attachment-491\" decoding=\"async\" loading=\"lazy\" class=\" wp-image-491\" src=\"http:\/\/promociondeeventos.sld.cu\/55aniversariocnicm\/files\/2020\/02\/DSC00216-300x200.jpg\" alt=\"SONY DSC\" width=\"521\" height=\"347\" srcset=\"https:\/\/promociondeeventos.sld.cu\/55aniversariocnicm\/files\/2020\/02\/DSC00216-300x200.jpg 300w, https:\/\/promociondeeventos.sld.cu\/55aniversariocnicm\/files\/2020\/02\/DSC00216-1024x683.jpg 1024w, https:\/\/promociondeeventos.sld.cu\/55aniversariocnicm\/files\/2020\/02\/DSC00216-250x167.jpg 250w, https:\/\/promociondeeventos.sld.cu\/55aniversariocnicm\/files\/2020\/02\/DSC00216.jpg 1920w\" sizes=\"(max-width: 521px) 100vw, 521px\" \/><\/a><p id=\"caption-attachment-491\" class=\"wp-caption-text\">Homenaje al Dr. Gavalda<\/p><\/div>\n<p><!--nextpage--><\/p>\n<div id=\"attachment_503\" style=\"width: 546px\" class=\"wp-caption aligncenter\"><a href=\"http:\/\/promociondeeventos.sld.cu\/55aniversariocnicm\/files\/2020\/02\/IMG_2351.jpg\"><img aria-describedby=\"caption-attachment-503\" decoding=\"async\" loading=\"lazy\" class=\" wp-image-503\" src=\"http:\/\/promociondeeventos.sld.cu\/55aniversariocnicm\/files\/2020\/02\/IMG_2351-300x225.jpg\" alt=\"IMG_2351\" width=\"536\" height=\"402\" srcset=\"https:\/\/promociondeeventos.sld.cu\/55aniversariocnicm\/files\/2020\/02\/IMG_2351-300x225.jpg 300w, https:\/\/promociondeeventos.sld.cu\/55aniversariocnicm\/files\/2020\/02\/IMG_2351-1024x768.jpg 1024w, https:\/\/promociondeeventos.sld.cu\/55aniversariocnicm\/files\/2020\/02\/IMG_2351-250x188.jpg 250w\" sizes=\"(max-width: 536px) 100vw, 536px\" \/><\/a><p id=\"caption-attachment-503\" class=\"wp-caption-text\">Reuni\u00f3n Directores<\/p><\/div>\n<p><!--nextpage--><\/p>\n<div id=\"attachment_537\" style=\"width: 533px\" class=\"wp-caption aligncenter\"><a href=\"http:\/\/promociondeeventos.sld.cu\/55aniversariocnicm\/files\/2020\/02\/DSC018461.jpg\"><img aria-describedby=\"caption-attachment-537\" decoding=\"async\" loading=\"lazy\" class=\" wp-image-537\" src=\"http:\/\/promociondeeventos.sld.cu\/55aniversariocnicm\/files\/2020\/02\/DSC018461-300x225.jpg\" alt=\"DSC01846\" width=\"523\" height=\"392\" srcset=\"https:\/\/promociondeeventos.sld.cu\/55aniversariocnicm\/files\/2020\/02\/DSC018461-300x225.jpg 300w, https:\/\/promociondeeventos.sld.cu\/55aniversariocnicm\/files\/2020\/02\/DSC018461-1024x768.jpg 1024w, https:\/\/promociondeeventos.sld.cu\/55aniversariocnicm\/files\/2020\/02\/DSC018461-250x188.jpg 250w\" sizes=\"(max-width: 523px) 100vw, 523px\" \/><\/a><p id=\"caption-attachment-537\" class=\"wp-caption-text\">Decimo aniversario de Cencomed, Centro Virtual de Convenciones de Salud<\/p><\/div>\n<p><!--nextpage--><\/p>\n<div id=\"attachment_536\" style=\"width: 530px\" class=\"wp-caption aligncenter\"><a href=\"http:\/\/promociondeeventos.sld.cu\/55aniversariocnicm\/files\/2020\/02\/Congreso-Metereolog\u00eda-2011-RNDP-Primer-dia-051.jpg\"><img aria-describedby=\"caption-attachment-536\" decoding=\"async\" loading=\"lazy\" class=\" wp-image-536\" src=\"http:\/\/promociondeeventos.sld.cu\/55aniversariocnicm\/files\/2020\/02\/Congreso-Metereolog\u00eda-2011-RNDP-Primer-dia-051-300x225.jpg\" alt=\"Congreso Metereolog\u00eda 2011 RNDP Primer dia 051\" width=\"520\" height=\"390\" srcset=\"https:\/\/promociondeeventos.sld.cu\/55aniversariocnicm\/files\/2020\/02\/Congreso-Metereolog\u00eda-2011-RNDP-Primer-dia-051-300x225.jpg 300w, https:\/\/promociondeeventos.sld.cu\/55aniversariocnicm\/files\/2020\/02\/Congreso-Metereolog\u00eda-2011-RNDP-Primer-dia-051-1024x768.jpg 1024w, https:\/\/promociondeeventos.sld.cu\/55aniversariocnicm\/files\/2020\/02\/Congreso-Metereolog\u00eda-2011-RNDP-Primer-dia-051-250x188.jpg 250w\" sizes=\"(max-width: 520px) 100vw, 520px\" \/><\/a><p id=\"caption-attachment-536\" class=\"wp-caption-text\">Reunion Nacional de Directores Provinciales, 2011<\/p><\/div>\n<div id=\"attachment_532\" style=\"width: 538px\" class=\"wp-caption aligncenter\"><a href=\"http:\/\/promociondeeventos.sld.cu\/55aniversariocnicm\/files\/2020\/02\/20200211_084142.jpg\"><img aria-describedby=\"caption-attachment-532\" decoding=\"async\" loading=\"lazy\" class=\" wp-image-532\" src=\"http:\/\/promociondeeventos.sld.cu\/55aniversariocnicm\/files\/2020\/02\/20200211_084142-300x225.jpg\" alt=\"20200211_084142\" width=\"528\" height=\"396\" srcset=\"https:\/\/promociondeeventos.sld.cu\/55aniversariocnicm\/files\/2020\/02\/20200211_084142-300x225.jpg 300w, https:\/\/promociondeeventos.sld.cu\/55aniversariocnicm\/files\/2020\/02\/20200211_084142-1024x768.jpg 1024w, https:\/\/promociondeeventos.sld.cu\/55aniversariocnicm\/files\/2020\/02\/20200211_084142-250x188.jpg 250w, https:\/\/promociondeeventos.sld.cu\/55aniversariocnicm\/files\/2020\/02\/20200211_084142.jpg 1600w\" sizes=\"(max-width: 528px) 100vw, 528px\" \/><\/a><p id=\"caption-attachment-532\" class=\"wp-caption-text\">Matutinos en el Centro Nacional de Informaci\u00f3n de Ciencias M\u00e9dicas, 2020<\/p><\/div>\n<p><!--nextpage--><\/p>\n<div id=\"attachment_538\" style=\"width: 364px\" class=\"wp-caption aligncenter\"><a href=\"http:\/\/promociondeeventos.sld.cu\/55aniversariocnicm\/files\/2019\/12\/20200211_084214.jpg\"><img aria-describedby=\"caption-attachment-538\" decoding=\"async\" loading=\"lazy\" class=\"wp-image-538 \" src=\"http:\/\/promociondeeventos.sld.cu\/55aniversariocnicm\/files\/2019\/12\/20200211_084214-225x300.jpg\" alt=\"20200211_084214\" width=\"354\" height=\"472\" srcset=\"https:\/\/promociondeeventos.sld.cu\/55aniversariocnicm\/files\/2019\/12\/20200211_084214-225x300.jpg 225w, https:\/\/promociondeeventos.sld.cu\/55aniversariocnicm\/files\/2019\/12\/20200211_084214-768x1024.jpg 768w, https:\/\/promociondeeventos.sld.cu\/55aniversariocnicm\/files\/2019\/12\/20200211_084214-250x333.jpg 250w, https:\/\/promociondeeventos.sld.cu\/55aniversariocnicm\/files\/2019\/12\/20200211_084214.jpg 1200w\" sizes=\"(max-width: 354px) 100vw, 354px\" \/><\/a><p id=\"caption-attachment-538\" class=\"wp-caption-text\">Matutinos en el Centro Nacional de Informaci\u00f3n de Ciencias M\u00e9dicas, 2020<\/p><\/div>\n<p><!--nextpage--><\/p>\n","protected":false},"excerpt":{"rendered":"<p>&nbsp;<\/p>\n","protected":false},"author":4,"featured_media":0,"parent":0,"menu_order":0,"comment_status":"closed","ping_status":"closed","template":"","meta":[],"_links":{"self":[{"href":"https:\/\/promociondeeventos.sld.cu\/55aniversariocnicm\/wp-json\/wp\/v2\/pages\/355"}],"collection":[{"href":"https:\/\/promociondeeventos.sld.cu\/55aniversariocnicm\/wp-json\/wp\/v2\/pages"}],"about":[{"href":"https:\/\/promociondeeventos.sld.cu\/55aniversariocnicm\/wp-json\/wp\/v2\/types\/page"}],"author":[{"embeddable":true,"href":"https:\/\/promociondeeventos.sld.cu\/55aniversariocnicm\/wp-json\/wp\/v2\/users\/4"}],"replies":[{"embeddable":true,"href":"https:\/\/promociondeeventos.sld.cu\/55aniversariocnicm\/wp-json\/wp\/v2\/comments?post=355"}],"version-history":[{"count":10,"href":"https:\/\/promociondeeventos.sld.cu\/55aniversariocnicm\/wp-json\/wp\/v2\/pages\/355\/revisions"}],"predecessor-version":[{"id":540,"href":"https:\/\/promociondeeventos.sld.cu\/55aniversariocnicm\/wp-json\/wp\/v2\/pages\/355\/revisions\/540"}],"wp:attachment":[{"href":"https:\/\/promociondeeventos.sld.cu\/55aniversariocnicm\/wp-json\/wp\/v2\/media?parent=355"}],"curies":[{"name":"wp","href":"https:\/\/api.w.org\/{rel}","templated":true}]}}