{"id":28,"date":"2019-11-07T21:36:54","date_gmt":"2019-11-07T21:36:54","guid":{"rendered":"http:\/\/promociondeeventos.sld.cu\/55aniversariocnicm\/?page_id=28"},"modified":"2019-12-23T15:32:44","modified_gmt":"2019-12-23T15:32:44","slug":"acerca-de-2","status":"publish","type":"page","link":"https:\/\/promociondeeventos.sld.cu\/55aniversariocnicm\/acerca-de-2\/","title":{"rendered":"Acerca de"},"content":{"rendered":"<div id=\"attachment_21\" style=\"width: 192px\" class=\"wp-caption alignright\"><a title=\"Centro Nacional de Informaci\u00f3n de Ciencias M\u00e9dicas\" href=\"http:\/\/www.sld.cu\/\" target=\"_blank\"><img aria-describedby=\"caption-attachment-21\" decoding=\"async\" loading=\"lazy\" class=\"wp-image-21\" src=\"http:\/\/promociondeeventos.sld.cu\/55aniversariocnicm\/files\/2019\/11\/260px-Infomed.jpg\" alt=\"CNICM\/INFOMED\" width=\"182\" height=\"170\" \/><\/a><p id=\"caption-attachment-21\" class=\"wp-caption-text\">Centro Nacional de Informaci\u00f3n de Ciencias M\u00e9dicas \/INFOMED<\/p><\/div>\n<p style=\"text-align: justify;\">El Centro Nacional de Informaci\u00f3n de Ciencias M\u00e9dicas, creado en el a\u00f1o 1965 para liderar el desarrollo de la informaci\u00f3n cient\u00edfica en el campo de la salud en Cuba, ha desarrollado una labor sistem\u00e1tica para garantizar el acceso equitativo a los recursos de informaci\u00f3n, fortalecer la red de bibliotecas en cada territorio, incidir en el desarrollo de la publicaci\u00f3n cient\u00edfica y estandarizar los procesos esenciales relacionados con la gesti\u00f3n de informaci\u00f3n. En este empe\u00f1o nuestro centro ha contado con profesionales comprometidos en su labor diaria de aportar sus conocimientos a la construcci\u00f3n de la organizaci\u00f3n y del Sistema Nacional de informaci\u00f3n en ciencias tecnol\u00f3gicas de la salud (SNICTS).<\/p>\n<p style=\"text-align: justify;\">El trabajo en equipo y los resultados de excelencia han sido cualidades que han identificado a la organizaci\u00f3n durante cinco d\u00e9cadas, que han caracterizado a los productos y servicios de informaci\u00f3n que satisfacen las necesidades de superaci\u00f3n y conocimiento de los profesionales de la salud; las oportunidades de aprendizaje, incentivo para el desarrollo de la publicaci\u00f3n cient\u00edfica y el uso intensivo de las tecnolog\u00edas de la informaci\u00f3n en funci\u00f3n de la gesti\u00f3n de la informaci\u00f3n y del conocimiento en salud, son los resultados que hoy acompa\u00f1an a todos los trabajadores del CNICM.<\/p>\n<p style=\"text-align: justify;\">En este sitio web dedicado al 55 aniversario del Centro Nacional de Informaci\u00f3n de Ciencias M\u00e9dicas encontrar\u00e1 informaci\u00f3n sobre la historia, las personas y los sucesos que han marcado pautas desde el surgimiento de esta instituci\u00f3n hasta nuestros d\u00edas. Es una invitaci\u00f3n a conocer el trabajo que se realiza en este centro y a reflexionar sobre la importancia de la informaci\u00f3n cient\u00edfica en el Sistema Nacional de Salud a partir de lo que cuentan los protagonistas de su historia en las diferentes secciones que se les ofrece.<\/p>\n","protected":false},"excerpt":{"rendered":"<p>El Centro Nacional de Informaci\u00f3n de Ciencias M\u00e9dicas, creado en el a\u00f1o 1965 para liderar el desarrollo de la informaci\u00f3n cient\u00edfica en el campo de la salud en Cuba, ha desarrollado una labor sistem\u00e1tica para garantizar el acceso equitativo a los recursos de informaci\u00f3n, fortalecer la red de bibliotecas en cada territorio, incidir en el [&hellip;]<\/p>\n","protected":false},"author":3262,"featured_media":0,"parent":0,"menu_order":0,"comment_status":"closed","ping_status":"open","template":"sidebar-content.php","meta":[],"_links":{"self":[{"href":"https:\/\/promociondeeventos.sld.cu\/55aniversariocnicm\/wp-json\/wp\/v2\/pages\/28"}],"collection":[{"href":"https:\/\/promociondeeventos.sld.cu\/55aniversariocnicm\/wp-json\/wp\/v2\/pages"}],"about":[{"href":"https:\/\/promociondeeventos.sld.cu\/55aniversariocnicm\/wp-json\/wp\/v2\/types\/page"}],"author":[{"embeddable":true,"href":"https:\/\/promociondeeventos.sld.cu\/55aniversariocnicm\/wp-json\/wp\/v2\/users\/3262"}],"replies":[{"embeddable":true,"href":"https:\/\/promociondeeventos.sld.cu\/55aniversariocnicm\/wp-json\/wp\/v2\/comments?post=28"}],"version-history":[{"count":8,"href":"https:\/\/promociondeeventos.sld.cu\/55aniversariocnicm\/wp-json\/wp\/v2\/pages\/28\/revisions"}],"predecessor-version":[{"id":205,"href":"https:\/\/promociondeeventos.sld.cu\/55aniversariocnicm\/wp-json\/wp\/v2\/pages\/28\/revisions\/205"}],"wp:attachment":[{"href":"https:\/\/promociondeeventos.sld.cu\/55aniversariocnicm\/wp-json\/wp\/v2\/media?parent=28"}],"curies":[{"name":"wp","href":"https:\/\/api.w.org\/{rel}","templated":true}]}}