{"id":213,"date":"2019-12-16T17:27:54","date_gmt":"2019-12-16T17:27:54","guid":{"rendered":"http:\/\/promociondeeventos.sld.cu\/55aniversariocnicm\/?page_id=213"},"modified":"2020-01-13T16:48:55","modified_gmt":"2020-01-13T16:48:55","slug":"comite-organizador-2","status":"publish","type":"page","link":"https:\/\/promociondeeventos.sld.cu\/55aniversariocnicm\/comite-organizador-2\/","title":{"rendered":"Equipo editorial"},"content":{"rendered":"<table style=\"height: 214px;\" width=\"501\">\n<tbody>\n<tr>\n<td><a href=\"http:\/\/promociondeeventos.sld.cu\/55aniversariocnicm\/files\/2019\/12\/ileana-foto.jpg\"><img decoding=\"async\" loading=\"lazy\" class=\"alignnone size-full wp-image-278\" src=\"http:\/\/promociondeeventos.sld.cu\/55aniversariocnicm\/files\/2019\/12\/ileana-foto.jpg\" alt=\"ileana-foto\" width=\"111\" height=\"115\" \/><\/a><\/td>\n<td>Dra C. Ileana R. Alfonso S\u00e1nchez<br \/>\nDirectora<br \/>\nCNCIM-Infomed<\/td>\n<\/tr>\n<tr>\n<td><a href=\"http:\/\/promociondeeventos.sld.cu\/55aniversariocnicm\/files\/2019\/12\/anagloria.jpg\"><img decoding=\"async\" loading=\"lazy\" class=\"alignnone  wp-image-280\" src=\"http:\/\/promociondeeventos.sld.cu\/55aniversariocnicm\/files\/2019\/12\/anagloria.jpg\" alt=\"anagloria\" width=\"118\" height=\"118\" srcset=\"https:\/\/promociondeeventos.sld.cu\/55aniversariocnicm\/files\/2019\/12\/anagloria.jpg 256w, https:\/\/promociondeeventos.sld.cu\/55aniversariocnicm\/files\/2019\/12\/anagloria-150x150.jpg 150w, https:\/\/promociondeeventos.sld.cu\/55aniversariocnicm\/files\/2019\/12\/anagloria-250x250.jpg 250w\" sizes=\"(max-width: 118px) 100vw, 118px\" \/><\/a><\/td>\n<td>MSc. Ana Gloria D\u00edaz Mart\u00ednez<br \/>\nGrupo Centro Convenciones Virtuales<br \/>\nDpto. Servicios Especiales de Informaci\u00f3n<br \/>\nCNCIM-Infomed<\/td>\n<\/tr>\n<tr>\n<td><a href=\"http:\/\/promociondeeventos.sld.cu\/55aniversariocnicm\/files\/2019\/12\/taimararamirez.jpg\"><img decoding=\"async\" loading=\"lazy\" class=\"alignnone  wp-image-282\" src=\"http:\/\/promociondeeventos.sld.cu\/55aniversariocnicm\/files\/2019\/12\/taimararamirez-223x300.jpg\" alt=\"taimararamirez\" width=\"113\" height=\"152\" srcset=\"https:\/\/promociondeeventos.sld.cu\/55aniversariocnicm\/files\/2019\/12\/taimararamirez-223x300.jpg 223w, https:\/\/promociondeeventos.sld.cu\/55aniversariocnicm\/files\/2019\/12\/taimararamirez-250x336.jpg 250w, https:\/\/promociondeeventos.sld.cu\/55aniversariocnicm\/files\/2019\/12\/taimararamirez.jpg 715w\" sizes=\"(max-width: 113px) 100vw, 113px\" \/><\/a><\/td>\n<td>Lic. Taimara Ram\u00edrez Acosta<br \/>\nDpto. Servicios Especiales de Informaci\u00f3n<br \/>\nCNCIM-Infomed<\/td>\n<\/tr>\n<tr>\n<td><a href=\"http:\/\/promociondeeventos.sld.cu\/55aniversariocnicm\/files\/2019\/12\/80005580_764410197358236_8271639436186353664_n.jpg\"><img decoding=\"async\" loading=\"lazy\" class=\"alignnone  wp-image-347\" src=\"http:\/\/promociondeeventos.sld.cu\/55aniversariocnicm\/files\/2019\/12\/80005580_764410197358236_8271639436186353664_n-252x300.jpg\" alt=\"80005580_764410197358236_8271639436186353664_n\" width=\"114\" height=\"135\" srcset=\"https:\/\/promociondeeventos.sld.cu\/55aniversariocnicm\/files\/2019\/12\/80005580_764410197358236_8271639436186353664_n-252x300.jpg 252w, https:\/\/promociondeeventos.sld.cu\/55aniversariocnicm\/files\/2019\/12\/80005580_764410197358236_8271639436186353664_n-250x298.jpg 250w, https:\/\/promociondeeventos.sld.cu\/55aniversariocnicm\/files\/2019\/12\/80005580_764410197358236_8271639436186353664_n.jpg 802w\" sizes=\"(max-width: 114px) 100vw, 114px\" \/><\/a><\/td>\n<td>MSc. Dra. Patricia Alonso Galb\u00e1n<br \/>\nJ\u00b4Grupo de la Red de Portales<br \/>\nDpto. Servicios Especiales de Informaci\u00f3n<br \/>\nCNICM-Infomed<\/td>\n<\/tr>\n<tr>\n<td><a href=\"http:\/\/promociondeeventos.sld.cu\/55aniversariocnicm\/files\/2019\/12\/taniaizquierdo.jpg\"><img decoding=\"async\" loading=\"lazy\" class=\"alignnone  wp-image-284\" src=\"http:\/\/promociondeeventos.sld.cu\/55aniversariocnicm\/files\/2019\/12\/taniaizquierdo.jpg\" alt=\"taniaizquierdo\" width=\"111\" height=\"134\" \/><\/a><\/td>\n<td>Lic. Tania Izquierdo Pamias<br \/>\nGrupo de la Red de Portales<br \/>\nDpto. Servicios Especiales de Informaci\u00f3n<br \/>\nCNICM-Infomed<\/td>\n<\/tr>\n<tr>\n<td><a href=\"http:\/\/promociondeeventos.sld.cu\/55aniversariocnicm\/files\/2019\/12\/pablo1.jpg\"><img decoding=\"async\" loading=\"lazy\" class=\"alignnone size-full wp-image-279\" src=\"http:\/\/promociondeeventos.sld.cu\/55aniversariocnicm\/files\/2019\/12\/pablo1.jpg\" alt=\"pablo1\" width=\"111\" height=\"115\" \/><\/a><\/td>\n<td>D.I. Pablo Montes de Oca Guti\u00e9rrez<span style=\"text-decoration: underline;\"><br \/>\n<\/span>Grupo de Trabajo Web<br \/>\nDpto. Desarrollo<br \/>\nCNICM-Infomed<\/td>\n<\/tr>\n<tr>\n<td><\/td>\n<td><\/td>\n<\/tr>\n<\/tbody>\n<\/table>\n<p>&nbsp;<\/p>\n<p>&nbsp;<\/p>\n<p>&nbsp;<\/p>\n<p>&nbsp;<\/p>\n<p>&nbsp;<\/p>\n<p>&nbsp;<\/p>\n","protected":false},"excerpt":{"rendered":"<p>Dra C. Ileana R. Alfonso S\u00e1nchez Directora CNCIM-Infomed MSc. Ana Gloria D\u00edaz Mart\u00ednez Grupo Centro Convenciones Virtuales Dpto. Servicios Especiales de Informaci\u00f3n CNCIM-Infomed Lic. Taimara Ram\u00edrez Acosta Dpto. Servicios Especiales de Informaci\u00f3n CNCIM-Infomed MSc. Dra. Patricia Alonso Galb\u00e1n J\u00b4Grupo de la Red de Portales Dpto. Servicios Especiales de Informaci\u00f3n CNICM-Infomed Lic. Tania Izquierdo Pamias Grupo [&hellip;]<\/p>\n","protected":false},"author":4,"featured_media":347,"parent":0,"menu_order":0,"comment_status":"closed","ping_status":"open","template":"sidebar-content.php","meta":[],"_links":{"self":[{"href":"https:\/\/promociondeeventos.sld.cu\/55aniversariocnicm\/wp-json\/wp\/v2\/pages\/213"}],"collection":[{"href":"https:\/\/promociondeeventos.sld.cu\/55aniversariocnicm\/wp-json\/wp\/v2\/pages"}],"about":[{"href":"https:\/\/promociondeeventos.sld.cu\/55aniversariocnicm\/wp-json\/wp\/v2\/types\/page"}],"author":[{"embeddable":true,"href":"https:\/\/promociondeeventos.sld.cu\/55aniversariocnicm\/wp-json\/wp\/v2\/users\/4"}],"replies":[{"embeddable":true,"href":"https:\/\/promociondeeventos.sld.cu\/55aniversariocnicm\/wp-json\/wp\/v2\/comments?post=213"}],"version-history":[{"count":9,"href":"https:\/\/promociondeeventos.sld.cu\/55aniversariocnicm\/wp-json\/wp\/v2\/pages\/213\/revisions"}],"predecessor-version":[{"id":440,"href":"https:\/\/promociondeeventos.sld.cu\/55aniversariocnicm\/wp-json\/wp\/v2\/pages\/213\/revisions\/440"}],"wp:featuredmedia":[{"embeddable":true,"href":"https:\/\/promociondeeventos.sld.cu\/55aniversariocnicm\/wp-json\/wp\/v2\/media\/347"}],"wp:attachment":[{"href":"https:\/\/promociondeeventos.sld.cu\/55aniversariocnicm\/wp-json\/wp\/v2\/media?parent=213"}],"curies":[{"name":"wp","href":"https:\/\/api.w.org\/{rel}","templated":true}]}}