{"id":207,"date":"2019-12-16T17:14:18","date_gmt":"2019-12-16T17:14:18","guid":{"rendered":"http:\/\/promociondeeventos.sld.cu\/55aniversariocnicm\/?page_id=207"},"modified":"2019-12-17T19:37:03","modified_gmt":"2019-12-17T19:37:03","slug":"que-significa-para-ti-el-cnicm","status":"publish","type":"page","link":"https:\/\/promociondeeventos.sld.cu\/55aniversariocnicm\/que-significa-para-ti-el-cnicm\/","title":{"rendered":"\u00bfQu\u00e9 significa para ti el CNICM?"},"content":{"rendered":"<p>Espacio de intercambio sobre el Centro Nacional de Informaci\u00f3n de Ciencias M\u00e9dicas<\/p>\n","protected":false},"excerpt":{"rendered":"<p>Espacio de intercambio sobre el Centro Nacional de Informaci\u00f3n de Ciencias M\u00e9dicas<\/p>\n","protected":false},"author":4,"featured_media":0,"parent":0,"menu_order":0,"comment_status":"open","ping_status":"closed","template":"sidebar-content.php","meta":[],"_links":{"self":[{"href":"https:\/\/promociondeeventos.sld.cu\/55aniversariocnicm\/wp-json\/wp\/v2\/pages\/207"}],"collection":[{"href":"https:\/\/promociondeeventos.sld.cu\/55aniversariocnicm\/wp-json\/wp\/v2\/pages"}],"about":[{"href":"https:\/\/promociondeeventos.sld.cu\/55aniversariocnicm\/wp-json\/wp\/v2\/types\/page"}],"author":[{"embeddable":true,"href":"https:\/\/promociondeeventos.sld.cu\/55aniversariocnicm\/wp-json\/wp\/v2\/users\/4"}],"replies":[{"embeddable":true,"href":"https:\/\/promociondeeventos.sld.cu\/55aniversariocnicm\/wp-json\/wp\/v2\/comments?post=207"}],"version-history":[{"count":3,"href":"https:\/\/promociondeeventos.sld.cu\/55aniversariocnicm\/wp-json\/wp\/v2\/pages\/207\/revisions"}],"predecessor-version":[{"id":266,"href":"https:\/\/promociondeeventos.sld.cu\/55aniversariocnicm\/wp-json\/wp\/v2\/pages\/207\/revisions\/266"}],"wp:attachment":[{"href":"https:\/\/promociondeeventos.sld.cu\/55aniversariocnicm\/wp-json\/wp\/v2\/media?parent=207"}],"curies":[{"name":"wp","href":"https:\/\/api.w.org\/{rel}","templated":true}]}}