{"id":159,"date":"2019-12-09T17:53:19","date_gmt":"2019-12-09T17:53:19","guid":{"rendered":"http:\/\/promociondeeventos.sld.cu\/55aniversariocnicm\/?page_id=159"},"modified":"2020-01-08T17:15:34","modified_gmt":"2020-01-08T17:15:34","slug":"medalla-de-internacionalista","status":"publish","type":"page","link":"https:\/\/promociondeeventos.sld.cu\/55aniversariocnicm\/trabajadores-2\/medalla-de-internacionalista\/","title":{"rendered":"Trabajadores optan por la Medalla de Internacionalista."},"content":{"rendered":"<table style=\"height: 366px;\" width=\"321\">\n<tbody>\n<tr>\n<td>Pobea Reyes Margarita<\/td>\n<\/tr>\n<tr>\n<td>Herrera Arozarena Dunia Maritza<\/td>\n<\/tr>\n<tr>\n<td>Carmona Lizana Reinier<\/td>\n<\/tr>\n<tr>\n<td>Batista Zuaznabar Yandira B\u00e1rbara<\/td>\n<\/tr>\n<tr>\n<td>Mora Fuentes Jos\u00e9 Eliades<\/td>\n<\/tr>\n<tr>\n<td>Alayo Morales Raisa de la Caridad<\/td>\n<\/tr>\n<tr>\n<td>Iglesias B\u00e9rmudez N\u00e9stor<\/td>\n<\/tr>\n<tr>\n<td>P\u00e9rez Costa Manuel<\/td>\n<\/tr>\n<tr>\n<td>Vel\u00e1zquez Miranda Jorge<\/td>\n<\/tr>\n<tr>\n<td>D\u00e1vila Carmenate Victoria Olema<\/td>\n<\/tr>\n<\/tbody>\n<\/table>\n<p>&nbsp;<\/p>\n","protected":false},"excerpt":{"rendered":"<p>Pobea Reyes Margarita Herrera Arozarena Dunia Maritza Carmona Lizana Reinier Batista Zuaznabar Yandira B\u00e1rbara Mora Fuentes Jos\u00e9 Eliades Alayo Morales Raisa de la Caridad Iglesias B\u00e9rmudez N\u00e9stor P\u00e9rez Costa Manuel Vel\u00e1zquez Miranda Jorge D\u00e1vila Carmenate Victoria Olema &nbsp;<\/p>\n","protected":false},"author":4,"featured_media":0,"parent":215,"menu_order":0,"comment_status":"closed","ping_status":"open","template":"sidebar-content.php","meta":[],"_links":{"self":[{"href":"https:\/\/promociondeeventos.sld.cu\/55aniversariocnicm\/wp-json\/wp\/v2\/pages\/159"}],"collection":[{"href":"https:\/\/promociondeeventos.sld.cu\/55aniversariocnicm\/wp-json\/wp\/v2\/pages"}],"about":[{"href":"https:\/\/promociondeeventos.sld.cu\/55aniversariocnicm\/wp-json\/wp\/v2\/types\/page"}],"author":[{"embeddable":true,"href":"https:\/\/promociondeeventos.sld.cu\/55aniversariocnicm\/wp-json\/wp\/v2\/users\/4"}],"replies":[{"embeddable":true,"href":"https:\/\/promociondeeventos.sld.cu\/55aniversariocnicm\/wp-json\/wp\/v2\/comments?post=159"}],"version-history":[{"count":5,"href":"https:\/\/promociondeeventos.sld.cu\/55aniversariocnicm\/wp-json\/wp\/v2\/pages\/159\/revisions"}],"predecessor-version":[{"id":435,"href":"https:\/\/promociondeeventos.sld.cu\/55aniversariocnicm\/wp-json\/wp\/v2\/pages\/159\/revisions\/435"}],"up":[{"embeddable":true,"href":"https:\/\/promociondeeventos.sld.cu\/55aniversariocnicm\/wp-json\/wp\/v2\/pages\/215"}],"wp:attachment":[{"href":"https:\/\/promociondeeventos.sld.cu\/55aniversariocnicm\/wp-json\/wp\/v2\/media?parent=159"}],"curies":[{"name":"wp","href":"https:\/\/api.w.org\/{rel}","templated":true}]}}