{"id":724,"date":"2015-12-02T04:17:06","date_gmt":"2015-12-02T04:17:06","guid":{"rendered":"http:\/\/promociondeeventos.sld.cu\/50cnicm\/?page_id=724"},"modified":"2015-12-02T04:40:37","modified_gmt":"2015-12-02T04:40:37","slug":"concierto-homenaje","status":"publish","type":"page","link":"https:\/\/promociondeeventos.sld.cu\/50cnicm\/concierto-homenaje\/","title":{"rendered":"Concierto Homenaje"},"content":{"rendered":"<p>El Centro Nacional de Informaci\u00f3n de Ciencias M\u00e9dicas-Infomed y el Consejo Nacional de M\u00fasica de Concierto ofrecen un Concierto Homenaje como parte de las actividades por nuestro 50 aniversario, en el teatro del Centro Hebreo Sefard\u00ed de la Habana, sito en calle 17 esquina E, con la participaci\u00f3n del\u00a0 Duo de guitarras Con-Trastes\u00a0 y el Ensamble de Vientos Nueva Camerata.<\/p>\n<p>Fecha: 3 de\u00a0 diciembre de 2015 Hora: 2:30 pm<\/p>\n","protected":false},"excerpt":{"rendered":"<p>El Centro Nacional de Informaci\u00f3n de Ciencias M\u00e9dicas-Infomed y el Consejo Nacional de M\u00fasica de Concierto ofrecen un Concierto Homenaje como parte de las actividades por nuestro 50 aniversario, en el teatro del Centro Hebreo Sefard\u00ed de la Habana, sito en calle 17 esquina E, con la participaci\u00f3n del\u00a0 Duo de guitarras Con-Trastes\u00a0 y el [&hellip;]<\/p>\n","protected":false},"author":149,"featured_media":0,"parent":0,"menu_order":0,"comment_status":"closed","ping_status":"closed","template":"","meta":[],"_links":{"self":[{"href":"https:\/\/promociondeeventos.sld.cu\/50cnicm\/wp-json\/wp\/v2\/pages\/724"}],"collection":[{"href":"https:\/\/promociondeeventos.sld.cu\/50cnicm\/wp-json\/wp\/v2\/pages"}],"about":[{"href":"https:\/\/promociondeeventos.sld.cu\/50cnicm\/wp-json\/wp\/v2\/types\/page"}],"author":[{"embeddable":true,"href":"https:\/\/promociondeeventos.sld.cu\/50cnicm\/wp-json\/wp\/v2\/users\/149"}],"replies":[{"embeddable":true,"href":"https:\/\/promociondeeventos.sld.cu\/50cnicm\/wp-json\/wp\/v2\/comments?post=724"}],"version-history":[{"count":1,"href":"https:\/\/promociondeeventos.sld.cu\/50cnicm\/wp-json\/wp\/v2\/pages\/724\/revisions"}],"predecessor-version":[{"id":725,"href":"https:\/\/promociondeeventos.sld.cu\/50cnicm\/wp-json\/wp\/v2\/pages\/724\/revisions\/725"}],"wp:attachment":[{"href":"https:\/\/promociondeeventos.sld.cu\/50cnicm\/wp-json\/wp\/v2\/media?parent=724"}],"curies":[{"name":"wp","href":"https:\/\/api.w.org\/{rel}","templated":true}]}}