{"id":7,"date":"2015-09-07T20:13:45","date_gmt":"2015-09-07T20:13:45","guid":{"rendered":"http:\/\/promociondeeventos.sld.cu\/50cnicm\/?page_id=7"},"modified":"2015-12-14T23:22:02","modified_gmt":"2015-12-14T23:22:02","slug":"acerca-de","status":"publish","type":"page","link":"https:\/\/promociondeeventos.sld.cu\/50cnicm\/acerca-de\/","title":{"rendered":"Acerca de"},"content":{"rendered":"<p style=\"text-align: justify;\">El Centro Nacional de Informaci\u00f3n de Ciencias M\u00e9dicas, creado en el a\u00f1o 1965 para liderar el desarrollo de la informaci\u00f3n cient\u00edfica en el campo de la salud en Cuba, ha desarrollado una labor sistem\u00e1tica para garantizar el acceso equitativo a los recursos de informaci\u00f3n, fortalecer la red de bibliotecas en cada territorio, incidir en el desarrollo de la publicaci\u00f3n cient\u00edfica y estandarizar los procesos esenciales relacionados con la gesti\u00f3n de informaci\u00f3n. En este empe\u00f1o nuestro centro ha contado con profesionales comprometidos en su labor diaria de aportar sus conocimientos a la construcci\u00f3n de la organizaci\u00f3n y del Sistema Nacional de informaci\u00f3n en ciencias tecnol\u00f3gicas de la salud (SNICTS).<\/p>\n<p style=\"text-align: justify;\">El trabajo en equipo y los resultados de excelencia han sido cualidades que han identificado a la organizaci\u00f3n durante cinco d\u00e9cadas, que han caracterizado a los productos y servicios de informaci\u00f3n que satisfacen las necesidades de superaci\u00f3n y conocimiento de los profesionales de la salud; las oportunidades de aprendizaje, incentivo para el desarrollo de la publicaci\u00f3n cient\u00edfica y el uso intensivo de las tecnolog\u00edas de la informaci\u00f3n en funci\u00f3n de la gesti\u00f3n de la informaci\u00f3n y del conocimiento en salud, son los resultados que hoy acompa\u00f1an a todos los trabajadores del CNICM.<\/p>\n<p style=\"text-align: justify;\">En este sitio web dedicado al 50 aniversario del Centro Nacional de Informaci\u00f3n de Ciencias M\u00e9dicas encontrar\u00e1 informaci\u00f3n sobre la historia, las personas y los sucesos que han marcado pautas desde el surgimiento de esta instituci\u00f3n hasta nuestros d\u00edas. Es una invitaci\u00f3n a conocer el trabajo que se realiza en este centro y a reflexionar sobre la importancia de la informaci\u00f3n cient\u00edfica en el Sistema Nacional de Salud a partir de lo que cuentan los protagonistas de su historia en las diferentes secciones que se les ofrece.<\/p>\n<h2 style=\"text-align: justify;\"><span style=\"color: #0099cc;\">Identidades del Centro Nacional de Informaci\u00f3n de\u00a0Ciencias M\u00e9dicas<\/span><\/h2>\n<table class=\"alignleft\" style=\"width: 600px;\" border=\"0\" align=\"center\">\n<tbody>\n<tr>\n<td><\/td>\n<td style=\"padding-left: 30px; text-align: center;\"><span style=\"font-size: medium;\"><br \/>\n<\/span><a title=\"Centro Nacional de Informaci\u00f3n de Ciencias M\u00e9dicas\" href=\"http:\/\/promociondeeventos.sld.cu\/50cnicm\/files\/2015\/09\/Logo-Centro-2.jpg\"><img decoding=\"async\" loading=\"lazy\" class=\"size-medium wp-image-374\" style=\"border: 0px none; margin: 5px;\" alt=\"Centro Nacional de Informaci\u00f3n de Ciencias M\u00e9dicas\" src=\"http:\/\/promociondeeventos.sld.cu\/50cnicm\/files\/2015\/09\/Logo-Centro-2-266x300.jpg\" width=\"82\" height=\"95\" \/><\/a><\/td>\n<td><a href=\"http:\/\/promociondeeventos.sld.cu\/50cnicm\/files\/2015\/09\/logo-infomed.png\"><img decoding=\"async\" loading=\"lazy\" class=\"aligncenter\" title=\"Red Infomed\" alt=\"Red Infomed\" src=\"http:\/\/promociondeeventos.sld.cu\/50cnicm\/files\/2015\/09\/logo-infomed.png\" width=\"208\" height=\"53\" \/><\/a><\/td>\n<\/tr>\n<tr>\n<td><\/td>\n<td><a title=\"Biblioteca M\u00e9dica Nacional\" href=\"http:\/\/promociondeeventos.sld.cu\/50cnicm\/files\/2015\/09\/Logo-Biblioteca.jpg\"><img decoding=\"async\" loading=\"lazy\" class=\"wp-image-74 aligncenter\" style=\"margin-top: 5px; margin-bottom: 5px; border: 0px none;\" alt=\"\" src=\"http:\/\/promociondeeventos.sld.cu\/50cnicm\/files\/2015\/09\/Logo-Biblioteca-300x274.jpg\" width=\"60\" height=\"50\" \/><\/a><\/td>\n<td><a title=\"Biblioteca Virtual en Salud\" href=\"http:\/\/promociondeeventos.sld.cu\/50cnicm\/files\/2015\/09\/logobvs.png\"><img decoding=\"async\" loading=\"lazy\" class=\" wp-image-376 aligncenter\" alt=\"Biblioteca Virtual en Salud\" src=\"http:\/\/promociondeeventos.sld.cu\/50cnicm\/files\/2015\/09\/logobvs.png\" width=\"56\" height=\"48\" \/><\/a><\/td>\n<\/tr>\n<tr>\n<td><\/td>\n<td>\u00a0<a title=\"Biblioteca M\u00e9dica Nacional\" href=\"http:\/\/promociondeeventos.sld.cu\/50cnicm\/files\/2015\/09\/BMN.jpg\"><img decoding=\"async\" loading=\"lazy\" class=\"size-medium wp-image-20 alignnone\" style=\"border: 0px none; margin: 5px;\" alt=\"BMN\" src=\"http:\/\/promociondeeventos.sld.cu\/50cnicm\/files\/2015\/09\/BMN-300x41.jpg\" width=\"300\" height=\"41\" srcset=\"https:\/\/promociondeeventos.sld.cu\/50cnicm\/files\/2015\/09\/BMN-300x41.jpg 300w, https:\/\/promociondeeventos.sld.cu\/50cnicm\/files\/2015\/09\/BMN.jpg 651w\" sizes=\"(max-width: 300px) 100vw, 300px\" \/><\/a><\/td>\n<td>\u00a0<a href=\"http:\/\/promociondeeventos.sld.cu\/50cnicm\/files\/2015\/09\/logoBVS.jpg\"><img decoding=\"async\" loading=\"lazy\" class=\"size-medium wp-image-377 alignright\" title=\"Biblioteca Virtual en Salud\" alt=\"Biblioteca Virtual en Salud\" src=\"http:\/\/promociondeeventos.sld.cu\/50cnicm\/files\/2015\/09\/logoBVS-300x44.jpg\" width=\"300\" height=\"44\" srcset=\"https:\/\/promociondeeventos.sld.cu\/50cnicm\/files\/2015\/09\/logoBVS-300x44.jpg 300w, https:\/\/promociondeeventos.sld.cu\/50cnicm\/files\/2015\/09\/logoBVS.jpg 835w\" sizes=\"(max-width: 300px) 100vw, 300px\" \/><\/a><\/td>\n<\/tr>\n<tr>\n<td><\/td>\n<td>\u00a0<a href=\"http:\/\/promociondeeventos.sld.cu\/50cnicm\/files\/2015\/09\/ecimed_logo.gif\"><img decoding=\"async\" loading=\"lazy\" title=\"Editorial de Ciencias M\u00e9dicas\" alt=\"Editorial de Ciencias M\u00e9dicas\" src=\"http:\/\/promociondeeventos.sld.cu\/50cnicm\/files\/2015\/09\/ecimed_logo-300x27.gif\" width=\"300\" height=\"44\" \/><\/a><\/td>\n<td><a href=\"http:\/\/promociondeeventos.sld.cu\/50cnicm\/files\/2015\/09\/uvs_logo.jpg\"><img decoding=\"async\" loading=\"lazy\" class=\"wp-image-380 alignright\" style=\"border: 0px none; margin: 5px;\" title=\"Universidad Virtual de Salud\" alt=\"Universidad Virtual de Salud\" src=\"http:\/\/promociondeeventos.sld.cu\/50cnicm\/files\/2015\/09\/uvs_logo-300x48.jpg\" width=\"300\" height=\"44\" \/><\/a><\/td>\n<\/tr>\n<tr>\n<td><\/td>\n<td>\u00a0<a href=\"http:\/\/promociondeeventos.sld.cu\/50cnicm\/files\/2015\/09\/logocencomed.png\"><img decoding=\"async\" loading=\"lazy\" class=\"size-medium wp-image-388\" title=\"Centro Virtual de Convenciones de Salud\" alt=\"Cencomed\" src=\"http:\/\/promociondeeventos.sld.cu\/50cnicm\/files\/2015\/09\/logocencomed-300x66.png\" width=\"300\" height=\"66\" srcset=\"https:\/\/promociondeeventos.sld.cu\/50cnicm\/files\/2015\/09\/logocencomed-300x66.png 300w, https:\/\/promociondeeventos.sld.cu\/50cnicm\/files\/2015\/09\/logocencomed.png 557w\" sizes=\"(max-width: 300px) 100vw, 300px\" \/><\/a><\/td>\n<td><\/td>\n<\/tr>\n<tr>\n<td><\/td>\n<td><\/td>\n<td><\/td>\n<\/tr>\n<\/tbody>\n<\/table>\n","protected":false},"excerpt":{"rendered":"<p>El Centro Nacional de Informaci\u00f3n de Ciencias M\u00e9dicas, creado en el a\u00f1o 1965 para liderar el desarrollo de la informaci\u00f3n cient\u00edfica en el campo de la salud en Cuba, ha desarrollado una labor sistem\u00e1tica para garantizar el acceso equitativo a los recursos de informaci\u00f3n, fortalecer la red de bibliotecas en cada territorio, incidir en el [&hellip;]<\/p>\n","protected":false},"author":149,"featured_media":0,"parent":0,"menu_order":2,"comment_status":"closed","ping_status":"closed","template":"","meta":[],"_links":{"self":[{"href":"https:\/\/promociondeeventos.sld.cu\/50cnicm\/wp-json\/wp\/v2\/pages\/7"}],"collection":[{"href":"https:\/\/promociondeeventos.sld.cu\/50cnicm\/wp-json\/wp\/v2\/pages"}],"about":[{"href":"https:\/\/promociondeeventos.sld.cu\/50cnicm\/wp-json\/wp\/v2\/types\/page"}],"author":[{"embeddable":true,"href":"https:\/\/promociondeeventos.sld.cu\/50cnicm\/wp-json\/wp\/v2\/users\/149"}],"replies":[{"embeddable":true,"href":"https:\/\/promociondeeventos.sld.cu\/50cnicm\/wp-json\/wp\/v2\/comments?post=7"}],"version-history":[{"count":27,"href":"https:\/\/promociondeeventos.sld.cu\/50cnicm\/wp-json\/wp\/v2\/pages\/7\/revisions"}],"predecessor-version":[{"id":482,"href":"https:\/\/promociondeeventos.sld.cu\/50cnicm\/wp-json\/wp\/v2\/pages\/7\/revisions\/482"}],"wp:attachment":[{"href":"https:\/\/promociondeeventos.sld.cu\/50cnicm\/wp-json\/wp\/v2\/media?parent=7"}],"curies":[{"name":"wp","href":"https:\/\/api.w.org\/{rel}","templated":true}]}}