{"id":487,"date":"2015-10-13T16:56:17","date_gmt":"2015-10-13T16:56:17","guid":{"rendered":"http:\/\/promociondeeventos.sld.cu\/50cnicm\/?page_id=487"},"modified":"2015-10-20T20:23:28","modified_gmt":"2015-10-20T20:23:28","slug":"trabajadora-de-reciente-incorporacion","status":"publish","type":"page","link":"https:\/\/promociondeeventos.sld.cu\/50cnicm\/trabajadora-de-reciente-incorporacion\/","title":{"rendered":"Trabajadora de reciente incorporaci\u00f3n"},"content":{"rendered":"<p>&nbsp;<\/p>\n<p><img decoding=\"async\" loading=\"lazy\" style=\"margin: 5px; float: left;\" alt=\"\" src=\"http:\/\/promociondeeventos.sld.cu\/50cnicm\/files\/2015\/10\/Monica-Gonzalez-Consuegra1.jpg\" width=\"210\" height=\"219\" \/><\/p>\n<p>&nbsp;<\/p>\n<p>&nbsp;<\/p>\n<p><strong>M\u00f3nica Gonz\u00e1lez Consuegra<\/strong><\/p>\n<p>T\u00e9cnico Superior de Adiestramiento en el departamento de Revistas de la Editorial de Ciencias M\u00e9dicas (ECIMED).<\/p>\n","protected":false},"excerpt":{"rendered":"<p>&nbsp; &nbsp; &nbsp; M\u00f3nica Gonz\u00e1lez Consuegra T\u00e9cnico Superior de Adiestramiento en el departamento de Revistas de la Editorial de Ciencias M\u00e9dicas (ECIMED).<\/p>\n","protected":false},"author":149,"featured_media":0,"parent":0,"menu_order":0,"comment_status":"closed","ping_status":"closed","template":"","meta":[],"_links":{"self":[{"href":"https:\/\/promociondeeventos.sld.cu\/50cnicm\/wp-json\/wp\/v2\/pages\/487"}],"collection":[{"href":"https:\/\/promociondeeventos.sld.cu\/50cnicm\/wp-json\/wp\/v2\/pages"}],"about":[{"href":"https:\/\/promociondeeventos.sld.cu\/50cnicm\/wp-json\/wp\/v2\/types\/page"}],"author":[{"embeddable":true,"href":"https:\/\/promociondeeventos.sld.cu\/50cnicm\/wp-json\/wp\/v2\/users\/149"}],"replies":[{"embeddable":true,"href":"https:\/\/promociondeeventos.sld.cu\/50cnicm\/wp-json\/wp\/v2\/comments?post=487"}],"version-history":[{"count":8,"href":"https:\/\/promociondeeventos.sld.cu\/50cnicm\/wp-json\/wp\/v2\/pages\/487\/revisions"}],"predecessor-version":[{"id":562,"href":"https:\/\/promociondeeventos.sld.cu\/50cnicm\/wp-json\/wp\/v2\/pages\/487\/revisions\/562"}],"wp:attachment":[{"href":"https:\/\/promociondeeventos.sld.cu\/50cnicm\/wp-json\/wp\/v2\/media?parent=487"}],"curies":[{"name":"wp","href":"https:\/\/api.w.org\/{rel}","templated":true}]}}