{"id":444,"date":"2015-10-13T14:40:46","date_gmt":"2015-10-13T14:40:46","guid":{"rendered":"http:\/\/promociondeeventos.sld.cu\/50cnicm\/?page_id=444"},"modified":"2015-11-04T18:57:10","modified_gmt":"2015-11-04T18:57:10","slug":"trabajadora-mas-joven-del-centro","status":"publish","type":"page","link":"https:\/\/promociondeeventos.sld.cu\/50cnicm\/trabajadora-mas-joven-del-centro\/","title":{"rendered":"Trabajadora m\u00e1s j\u00f3ven"},"content":{"rendered":"<p><a href=\"http:\/\/promociondeeventos.sld.cu\/50cnicm\/files\/2015\/10\/Talia1.jpg\"><br \/>\n<img decoding=\"async\" loading=\"lazy\" class=\" wp-image-492 alignleft\" style=\"margin: 5px;\" alt=\"Talia1\" src=\"http:\/\/promociondeeventos.sld.cu\/50cnicm\/files\/2015\/10\/Talia1-300x275.jpg\" width=\"210\" height=\"193\" srcset=\"https:\/\/promociondeeventos.sld.cu\/50cnicm\/files\/2015\/10\/Talia1-300x275.jpg 300w, https:\/\/promociondeeventos.sld.cu\/50cnicm\/files\/2015\/10\/Talia1.jpg 541w\" sizes=\"(max-width: 210px) 100vw, 210px\" \/><\/a><\/p>\n<p>&nbsp;<\/p>\n<p>&nbsp;<\/p>\n<p><strong>Ana Tal\u00eda Luna Mesa<\/strong><\/p>\n<p>Adiestrada que se encuentra trabajando en el \u00c1rea de Cencomed, Servicios Especiales de Informaci\u00f3n.<\/p>\n<p>&nbsp;<\/p>\n<p>&nbsp;<\/p>\n","protected":false},"excerpt":{"rendered":"<p>&nbsp; &nbsp; Ana Tal\u00eda Luna Mesa Adiestrada que se encuentra trabajando en el \u00c1rea de Cencomed, Servicios Especiales de Informaci\u00f3n. &nbsp; &nbsp;<\/p>\n","protected":false},"author":149,"featured_media":0,"parent":0,"menu_order":0,"comment_status":"closed","ping_status":"closed","template":"","meta":[],"_links":{"self":[{"href":"https:\/\/promociondeeventos.sld.cu\/50cnicm\/wp-json\/wp\/v2\/pages\/444"}],"collection":[{"href":"https:\/\/promociondeeventos.sld.cu\/50cnicm\/wp-json\/wp\/v2\/pages"}],"about":[{"href":"https:\/\/promociondeeventos.sld.cu\/50cnicm\/wp-json\/wp\/v2\/types\/page"}],"author":[{"embeddable":true,"href":"https:\/\/promociondeeventos.sld.cu\/50cnicm\/wp-json\/wp\/v2\/users\/149"}],"replies":[{"embeddable":true,"href":"https:\/\/promociondeeventos.sld.cu\/50cnicm\/wp-json\/wp\/v2\/comments?post=444"}],"version-history":[{"count":7,"href":"https:\/\/promociondeeventos.sld.cu\/50cnicm\/wp-json\/wp\/v2\/pages\/444\/revisions"}],"predecessor-version":[{"id":700,"href":"https:\/\/promociondeeventos.sld.cu\/50cnicm\/wp-json\/wp\/v2\/pages\/444\/revisions\/700"}],"wp:attachment":[{"href":"https:\/\/promociondeeventos.sld.cu\/50cnicm\/wp-json\/wp\/v2\/media?parent=444"}],"curies":[{"name":"wp","href":"https:\/\/api.w.org\/{rel}","templated":true}]}}