{"id":2,"date":"2015-09-07T19:00:53","date_gmt":"2015-09-07T19:00:53","guid":{"rendered":"http:\/\/promociondeeventos.sld.cu\/50cnicm\/?page_id=2"},"modified":"2015-12-14T23:20:37","modified_gmt":"2015-12-14T23:20:37","slug":"pagina-ejemplo-1","status":"publish","type":"page","link":"https:\/\/promociondeeventos.sld.cu\/50cnicm\/","title":{"rendered":"Centro Nacional de Informaci\u00f3n de Ciencias M\u00e9dicas: 50 a\u00f1os de Informaci\u00f3n en Ciencias de la Salud"},"content":{"rendered":"<p style=\"text-align: justify;\"><a href=\"http:\/\/promociondeeventos.sld.cu\/50cnicm\/files\/2015\/09\/foto-infomed1.jpg\"><img decoding=\"async\" loading=\"lazy\" class=\" wp-image-589 alignleft\" style=\"margin: 5px;\" alt=\"foto infomed1\" src=\"http:\/\/promociondeeventos.sld.cu\/50cnicm\/files\/2015\/09\/foto-infomed1-300x227.jpg\" width=\"218\" height=\"165\" srcset=\"https:\/\/promociondeeventos.sld.cu\/50cnicm\/files\/2015\/09\/foto-infomed1-300x227.jpg 300w, https:\/\/promociondeeventos.sld.cu\/50cnicm\/files\/2015\/09\/foto-infomed1.jpg 477w\" sizes=\"(max-width: 218px) 100vw, 218px\" \/><\/a>Es dif\u00edcil recorrer un camino sin transitar por la historia. En abril de 1965 se fundaba el Centro Nacional de Informaci\u00f3n de Ciencias M\u00e9dicas, el que m\u00e1s tarde, el 6 de junio de 1977, por Resoluci\u00f3n No. 30 del Ministerio de Salud P\u00fablica se convertir\u00eda en el \u00f3rgano rector del Sistema Nacional de Informaci\u00f3n en Ciencias M\u00e9dicas.<\/p>\n<p style=\"text-align: justify;\">La larga trayectoria de sus 50 a\u00f1os trae a la memoria a aquellas personas que de manera acertada pensaron en la necesidad de crear un sistema capaz de garantizar el funcionamiento de una estructura informacional, que respondiera a las necesidades de las tareas asistenciales, cient\u00edficas y docentes del Sistema Nacional de Salud cubano.<\/p>\n<p style=\"text-align: justify;\">Un sistema que desde sus primeros objetivos, entre los que se encontraba la fundaci\u00f3n de una revista de res\u00famenes, se ha crecido hasta convertirse en una unidad de referencia para la informaci\u00f3n cient\u00edfico \u2013 t\u00e9cnica, la docencia y la investigaci\u00f3n en tecnolog\u00edas de la informaci\u00f3n y las comunicaciones, servicios telem\u00e1ticos y soporte tecnol\u00f3gico del sistema. Una red integrada en la producci\u00f3n, edici\u00f3n, publicaci\u00f3n y diseminaci\u00f3n de la informaci\u00f3n cient\u00edfica en salud. No cabe la menor duda de que acordarse de las etapas pasadas y de la situaci\u00f3n presente, nos permite reflexionar cu\u00e1nto se ha hecho y cu\u00e1nto falta por hacer.<\/p>\n<p style=\"text-align: justify;\">Resulta atinado recordar a los que abrieron el camino por el que hoy se transita, con m\u00e1s aciertos que tropiezos. En esta necesaria evocaci\u00f3n no se puede dejar de considerar a sus directivos y trabajadores, los que han permitido que la instituci\u00f3n acumulara cinco d\u00e9cadas de labor, y es precisamente esta historia la fuente de inspiraci\u00f3n para seguir construyendo de manera colectiva un Sistema Nacional de Informaci\u00f3n en Ciencias de la Salud en beneficio de la salud de nuestro pueblo y los pueblos del mundo.<\/p>\n<p style=\"text-align: justify;\">El Centro Nacional de Informaci\u00f3n de Ciencias M\u00e9dicas y su red de instituciones seguir\u00e1 escribiendo su p\u00e1gina como parte inseparable de la historia de nuestro pa\u00eds y del Sistema Nacional de Salud cubano.<\/p>\n<p style=\"text-align: justify;\">Dra.C. Ileana R. Alfonso S\u00e1nchez<br \/>\nDirectora<\/p>\n<p style=\"text-align: justify;\">\n","protected":false},"excerpt":{"rendered":"<p>Es dif\u00edcil recorrer un camino sin transitar por la historia. En abril de 1965 se fundaba el Centro Nacional de Informaci\u00f3n de Ciencias M\u00e9dicas, el que m\u00e1s tarde, el 6 de junio de 1977, por Resoluci\u00f3n No. 30 del Ministerio de Salud P\u00fablica se convertir\u00eda en el \u00f3rgano rector del Sistema Nacional de Informaci\u00f3n en [&hellip;]<\/p>\n","protected":false},"author":149,"featured_media":0,"parent":0,"menu_order":1,"comment_status":"closed","ping_status":"closed","template":"","meta":[],"_links":{"self":[{"href":"https:\/\/promociondeeventos.sld.cu\/50cnicm\/wp-json\/wp\/v2\/pages\/2"}],"collection":[{"href":"https:\/\/promociondeeventos.sld.cu\/50cnicm\/wp-json\/wp\/v2\/pages"}],"about":[{"href":"https:\/\/promociondeeventos.sld.cu\/50cnicm\/wp-json\/wp\/v2\/types\/page"}],"author":[{"embeddable":true,"href":"https:\/\/promociondeeventos.sld.cu\/50cnicm\/wp-json\/wp\/v2\/users\/149"}],"replies":[{"embeddable":true,"href":"https:\/\/promociondeeventos.sld.cu\/50cnicm\/wp-json\/wp\/v2\/comments?post=2"}],"version-history":[{"count":20,"href":"https:\/\/promociondeeventos.sld.cu\/50cnicm\/wp-json\/wp\/v2\/pages\/2\/revisions"}],"predecessor-version":[{"id":661,"href":"https:\/\/promociondeeventos.sld.cu\/50cnicm\/wp-json\/wp\/v2\/pages\/2\/revisions\/661"}],"wp:attachment":[{"href":"https:\/\/promociondeeventos.sld.cu\/50cnicm\/wp-json\/wp\/v2\/media?parent=2"}],"curies":[{"name":"wp","href":"https:\/\/api.w.org\/{rel}","templated":true}]}}