{"id":120,"date":"2015-09-21T20:26:36","date_gmt":"2015-09-21T20:26:36","guid":{"rendered":"http:\/\/promociondeeventos.sld.cu\/50cnicm\/?page_id=120"},"modified":"2015-11-04T15:32:05","modified_gmt":"2015-11-04T15:32:05","slug":"equipo-editorial","status":"publish","type":"page","link":"https:\/\/promociondeeventos.sld.cu\/50cnicm\/equipo-editorial\/","title":{"rendered":"Equipo Editorial"},"content":{"rendered":"<table border=\"0\">\n<tbody>\n<tr>\n<td><a href=\"http:\/\/promociondeeventos.sld.cu\/50cnicm\/files\/2015\/09\/roberto11.jpg\"><img decoding=\"async\" loading=\"lazy\" class=\"alignnone  wp-image-582\" alt=\"roberto11\" src=\"http:\/\/promociondeeventos.sld.cu\/50cnicm\/files\/2015\/09\/roberto11.jpg\" width=\"126\" height=\"108\" \/><\/a><\/td>\n<td><strong>Dr. Roberto Zayas Mujica<br \/>\n<\/strong>Especialista de Segundo grado en Pediatr\u00eda<br \/>\n<span style=\"line-height: 19px;\">Vice-director del CNICM<\/span><\/td>\n<\/tr>\n<tr>\n<td><a href=\"http:\/\/promociondeeventos.sld.cu\/50cnicm\/files\/2015\/09\/patry-22.jpg\"><img decoding=\"async\" loading=\"lazy\" class=\"alignnone  wp-image-583\" alt=\"patry 22\" src=\"http:\/\/promociondeeventos.sld.cu\/50cnicm\/files\/2015\/09\/patry-22.jpg\" width=\"116\" height=\"121\" \/><\/a><\/td>\n<td><strong>Dra. MCs. Patricia Alonso Galb\u00e1n<\/strong><br \/>\nEsp. de I Grado en Medicina General Integral<br \/>\nEsp. de I Grado en Bioestad\u00edstica<br \/>\nInvestigadora Agregada<br \/>\nProfesora Asistente<br \/>\nJ\u00b4Dpto. de Servicios Especiales de Informaci\u00f3n-CNICM<\/td>\n<\/tr>\n<tr>\n<td>\u00a0<a href=\"http:\/\/promociondeeventos.sld.cu\/50cnicm\/files\/2015\/09\/foto-ana1.jpg\"><img decoding=\"async\" loading=\"lazy\" alt=\"foto ana1\" src=\"http:\/\/promociondeeventos.sld.cu\/50cnicm\/files\/2015\/09\/foto-ana1.jpg\" width=\"111\" height=\"128\" \/><\/a><\/td>\n<td><strong>Lic. MCs. Ana Gloria D\u00edaz<br \/>\n<\/strong>Licenciada en Bioqu\u00edmica<br \/>\nM\u00e1ster en Inform\u00e1tica en Salud<br \/>\nCoordinadora del Grupo Cencomed. Infomed<\/td>\n<\/tr>\n<tr>\n<td><a href=\"http:\/\/promociondeeventos.sld.cu\/50cnicm\/files\/2015\/09\/olema1.jpg\"><img decoding=\"async\" loading=\"lazy\" alt=\"olema1\" src=\"http:\/\/promociondeeventos.sld.cu\/50cnicm\/files\/2015\/09\/olema1-300x228.jpg\" width=\"144\" height=\"110\" \/><\/a><\/td>\n<td><strong><strong>Lic. Olema D\u00e1vila Carmenate<br \/>\n<\/strong><\/strong>Licenciada en Informaci\u00f3n Cient\u00edfico-T\u00e9cnica y<br \/>\nBibliotecolog\u00eda.<br \/>\nDiplomada en GIS<br \/>\nEspecialista del \u00c1rea metodol\u00f3gica.\u00a0Infomed<\/td>\n<\/tr>\n<tr>\n<td><a href=\"http:\/\/promociondeeventos.sld.cu\/50cnicm\/files\/2015\/09\/gretchen222.jpg\"><img decoding=\"async\" loading=\"lazy\" class=\"alignnone  wp-image-662\" alt=\"gretchen222\" src=\"http:\/\/promociondeeventos.sld.cu\/50cnicm\/files\/2015\/09\/gretchen222.jpg\" width=\"140\" height=\"140\" srcset=\"https:\/\/promociondeeventos.sld.cu\/50cnicm\/files\/2015\/09\/gretchen222.jpg 195w, https:\/\/promociondeeventos.sld.cu\/50cnicm\/files\/2015\/09\/gretchen222-150x150.jpg 150w\" sizes=\"(max-width: 140px) 100vw, 140px\" \/><\/a><\/td>\n<td><strong><strong>Lic. Gretchen Gonz\u00e1les Nieto<br \/>\n<\/strong><\/strong>Licenciada en lengua inglesa, especialidad pedag\u00f3gica.<br \/>\nTraductora. Diplomada en Gesti\u00f3n de Informaci\u00f3n.<br \/>\nInfomed<\/td>\n<\/tr>\n<tr>\n<td><span style=\"color: #0099cc;\"><strong>Editora del sitio web:<\/strong><\/span><\/td>\n<td><\/td>\n<\/tr>\n<tr>\n<td><a href=\"http:\/\/promociondeeventos.sld.cu\/50cnicm\/files\/2015\/09\/lourdes1.jpg\"><img decoding=\"async\" loading=\"lazy\" class=\"alignnone  wp-image-586\" alt=\"lourdes1\" src=\"http:\/\/promociondeeventos.sld.cu\/50cnicm\/files\/2015\/09\/lourdes1-300x243.jpg\" width=\"144\" height=\"117\" srcset=\"https:\/\/promociondeeventos.sld.cu\/50cnicm\/files\/2015\/09\/lourdes1-300x243.jpg 300w, https:\/\/promociondeeventos.sld.cu\/50cnicm\/files\/2015\/09\/lourdes1.jpg 515w\" sizes=\"(max-width: 144px) 100vw, 144px\" \/><\/a><\/td>\n<td><strong>Dra. MCs. Lourdes Ramos P\u00e9rez<br \/>\n<\/strong>Especialista de Segundo grado en Farmacolog\u00eda<br \/>\nProfesora Auxiliar<br \/>\nM\u00e1ster en Inform\u00e1tica en Salud<br \/>\nEspecialista del Centro Virtual de Convenciones de<br \/>\nSalud. Cencomed. Infomed<\/td>\n<\/tr>\n<tr>\n<td><\/td>\n<td><\/td>\n<\/tr>\n<\/tbody>\n<\/table>\n<p><a href=\"http:\/\/promociondeeventos.sld.cu\/50cnicm\/files\/2015\/09\/roberto1.jpg\">\u00a0<\/a><\/p>\n<p>&nbsp;<\/p>\n","protected":false},"excerpt":{"rendered":"<p>Dr. Roberto Zayas Mujica Especialista de Segundo grado en Pediatr\u00eda Vice-director del CNICM Dra. MCs. Patricia Alonso Galb\u00e1n Esp. de I Grado en Medicina General Integral Esp. de I Grado en Bioestad\u00edstica Investigadora Agregada Profesora Asistente J\u00b4Dpto. de Servicios Especiales de Informaci\u00f3n-CNICM \u00a0 Lic. MCs. Ana Gloria D\u00edaz Licenciada en Bioqu\u00edmica M\u00e1ster en Inform\u00e1tica en [&hellip;]<\/p>\n","protected":false},"author":149,"featured_media":0,"parent":0,"menu_order":0,"comment_status":"closed","ping_status":"closed","template":"","meta":[],"_links":{"self":[{"href":"https:\/\/promociondeeventos.sld.cu\/50cnicm\/wp-json\/wp\/v2\/pages\/120"}],"collection":[{"href":"https:\/\/promociondeeventos.sld.cu\/50cnicm\/wp-json\/wp\/v2\/pages"}],"about":[{"href":"https:\/\/promociondeeventos.sld.cu\/50cnicm\/wp-json\/wp\/v2\/types\/page"}],"author":[{"embeddable":true,"href":"https:\/\/promociondeeventos.sld.cu\/50cnicm\/wp-json\/wp\/v2\/users\/149"}],"replies":[{"embeddable":true,"href":"https:\/\/promociondeeventos.sld.cu\/50cnicm\/wp-json\/wp\/v2\/comments?post=120"}],"version-history":[{"count":44,"href":"https:\/\/promociondeeventos.sld.cu\/50cnicm\/wp-json\/wp\/v2\/pages\/120\/revisions"}],"predecessor-version":[{"id":664,"href":"https:\/\/promociondeeventos.sld.cu\/50cnicm\/wp-json\/wp\/v2\/pages\/120\/revisions\/664"}],"wp:attachment":[{"href":"https:\/\/promociondeeventos.sld.cu\/50cnicm\/wp-json\/wp\/v2\/media?parent=120"}],"curies":[{"name":"wp","href":"https:\/\/api.w.org\/{rel}","templated":true}]}}