{"id":102,"date":"2015-09-21T19:47:15","date_gmt":"2015-09-21T19:47:15","guid":{"rendered":"http:\/\/promociondeeventos.sld.cu\/50cnicm\/?page_id=102"},"modified":"2015-10-22T19:38:55","modified_gmt":"2015-10-22T19:38:55","slug":"anuarios","status":"publish","type":"page","link":"https:\/\/promociondeeventos.sld.cu\/50cnicm\/anuarios\/","title":{"rendered":"Anuarios"},"content":{"rendered":"<p>Necesitamos la historia para explicarnos de d\u00f3nde venimos y hacia d\u00f3nde queremos ir; para comprender mejor por qu\u00e9 estamos donde estamos y qu\u00e9 nos puede impedir ir a donde queremos.<\/p>\n<p>Parte de esa historia se recoge en los Anuarios del CNICM.<\/p>\n<p><a href=\"http:\/\/bvs.sld.cu\/anuario_2009\/indice_p.htm\" target=\"_blank\">Anuario 2009<\/a><\/p>\n<p><a href=\"http:\/\/www.bvs.sld.cu\/libros\/anuario_2010_web\/indice_p.htm\" target=\"_blank\">Anuario 2010<\/a><\/p>\n<p><a href=\"http:\/\/www.bvs.sld.cu\/libros\/anuario_2011\/indice_p.htm\" target=\"_blank\">Anuario 2011<\/a><\/p>\n","protected":false},"excerpt":{"rendered":"<p>Necesitamos la historia para explicarnos de d\u00f3nde venimos y hacia d\u00f3nde queremos ir; para comprender mejor por qu\u00e9 estamos donde estamos y qu\u00e9 nos puede impedir ir a donde queremos. Parte de esa historia se recoge en los Anuarios del CNICM. Anuario 2009 Anuario 2010 Anuario 2011<\/p>\n","protected":false},"author":149,"featured_media":0,"parent":0,"menu_order":0,"comment_status":"closed","ping_status":"closed","template":"","meta":[],"_links":{"self":[{"href":"https:\/\/promociondeeventos.sld.cu\/50cnicm\/wp-json\/wp\/v2\/pages\/102"}],"collection":[{"href":"https:\/\/promociondeeventos.sld.cu\/50cnicm\/wp-json\/wp\/v2\/pages"}],"about":[{"href":"https:\/\/promociondeeventos.sld.cu\/50cnicm\/wp-json\/wp\/v2\/types\/page"}],"author":[{"embeddable":true,"href":"https:\/\/promociondeeventos.sld.cu\/50cnicm\/wp-json\/wp\/v2\/users\/149"}],"replies":[{"embeddable":true,"href":"https:\/\/promociondeeventos.sld.cu\/50cnicm\/wp-json\/wp\/v2\/comments?post=102"}],"version-history":[{"count":9,"href":"https:\/\/promociondeeventos.sld.cu\/50cnicm\/wp-json\/wp\/v2\/pages\/102\/revisions"}],"predecessor-version":[{"id":575,"href":"https:\/\/promociondeeventos.sld.cu\/50cnicm\/wp-json\/wp\/v2\/pages\/102\/revisions\/575"}],"wp:attachment":[{"href":"https:\/\/promociondeeventos.sld.cu\/50cnicm\/wp-json\/wp\/v2\/media?parent=102"}],"curies":[{"name":"wp","href":"https:\/\/api.w.org\/{rel}","templated":true}]}}