{"id":47,"date":"2022-10-28T03:03:58","date_gmt":"2022-10-28T03:03:58","guid":{"rendered":"http:\/\/promociondeeventos.sld.cu\/30aniversarioinfomed\/?page_id=47"},"modified":"2022-12-21T21:48:11","modified_gmt":"2022-12-21T21:48:11","slug":"conmemoracion","status":"publish","type":"page","link":"https:\/\/promociondeeventos.sld.cu\/30aniversarioinfomed\/","title":{"rendered":"Convocatoria"},"content":{"rendered":"<div class=\"entry_actions\">\n<p style=\"text-align: justify;\"><code><\/code>A la luz de m\u00e1s de tres d\u00e9cadas de creada, la Red Telem\u00e1tica de Salud es el portal que contin\u00faa perfeccion\u00e1ndose con la participaci\u00f3n de talentos multidisciplinarios, utilizando las tecnolog\u00edas para el mejoramiento de la salud de Cuba y el mundo. Proyecto que ha propiciado un camino para la cooperaci\u00f3n y la colaboraci\u00f3n, el avance de la comunicaci\u00f3n cient\u00edfica, el acceso abierto a publicaciones y fuentes de informaci\u00f3n, el manejo a los datos, el aprendizaje en red y el desarrollo de la ciencia, la t\u00e9cnica y la innovaci\u00f3n.<\/p>\n<p style=\"text-align: justify;\">En este contexto del 30 aniversario, el Consejo de Direcci\u00f3n del Centro Nacional de Informaci\u00f3n de Ciencias M\u00e9dicas reconoce la labor destacada de los trabajadores del sistema nacional de informaci\u00f3n y salud, que han contribuido al desarrollo de las diferentes redes que convergen en Infomed.Resulta atinado recordar a los que abrieron el camino por el que hoy se transita, con m\u00e1s aciertos que tropiezos. En esta necesaria evocaci\u00f3n, no se puede dejar de considerar a sus editores de portales y sitios, a sus administradores de red, editores cient\u00edficos, a los especialistas de los centros provinciales de informaci\u00f3n y sobre todo a nuestros usuarios, raz\u00f3n de ser de nuestra red. El trabajo de todos, ha permitido que esta red y su centro nacional acumulara d\u00e9cadas de labor.<\/p>\n<p style=\"text-align: justify;\">Hoy, nuevos proyectos se abren paso, con el compromiso de concretar objetivos y desarrollar metas alineadas con el avance de nuestra sociedad y el Sistema Nacional de Salud Cubano. Se reflexiona en lo transitado, se determina el presente y se concibe el futuro, con la responsabilidad de ser la red que se concibi\u00f3 como proyecto social y como una forma concreta de ser y vivir la Revoluci\u00f3n.Llegue el reconocimiento, una vez m\u00e1s, a todos los que han participado y participan en la construcci\u00f3n de esta red, fundada en los principios de la dignidad de las personas, de respeto al individuo, y de compromiso con lo colectivo.<\/p>\n<p style=\"text-align: justify;\">DraC. Ileana R. Alfonso S\u00e1nchez<br \/>\nDirectora del CNICM<\/p>\n<\/div>\n<div style=\"text-align: justify;\"><\/div>\n","protected":false},"excerpt":{"rendered":"<p>A la luz de m\u00e1s de tres d\u00e9cadas de creada, la Red Telem\u00e1tica de Salud es el portal que contin\u00faa perfeccion\u00e1ndose con la participaci\u00f3n de talentos multidisciplinarios, utilizando las tecnolog\u00edas para el mejoramiento de la salud de Cuba y el mundo. Proyecto que ha propiciado un camino para la cooperaci\u00f3n y la colaboraci\u00f3n, el avance [&hellip;]<\/p>\n","protected":false},"author":3262,"featured_media":0,"parent":0,"menu_order":0,"comment_status":"closed","ping_status":"open","template":"","meta":[],"_links":{"self":[{"href":"https:\/\/promociondeeventos.sld.cu\/30aniversarioinfomed\/wp-json\/wp\/v2\/pages\/47"}],"collection":[{"href":"https:\/\/promociondeeventos.sld.cu\/30aniversarioinfomed\/wp-json\/wp\/v2\/pages"}],"about":[{"href":"https:\/\/promociondeeventos.sld.cu\/30aniversarioinfomed\/wp-json\/wp\/v2\/types\/page"}],"author":[{"embeddable":true,"href":"https:\/\/promociondeeventos.sld.cu\/30aniversarioinfomed\/wp-json\/wp\/v2\/users\/3262"}],"replies":[{"embeddable":true,"href":"https:\/\/promociondeeventos.sld.cu\/30aniversarioinfomed\/wp-json\/wp\/v2\/comments?post=47"}],"version-history":[{"count":91,"href":"https:\/\/promociondeeventos.sld.cu\/30aniversarioinfomed\/wp-json\/wp\/v2\/pages\/47\/revisions"}],"predecessor-version":[{"id":539,"href":"https:\/\/promociondeeventos.sld.cu\/30aniversarioinfomed\/wp-json\/wp\/v2\/pages\/47\/revisions\/539"}],"wp:attachment":[{"href":"https:\/\/promociondeeventos.sld.cu\/30aniversarioinfomed\/wp-json\/wp\/v2\/media?parent=47"}],"curies":[{"name":"wp","href":"https:\/\/api.w.org\/{rel}","templated":true}]}}