{"id":2,"date":"2022-10-27T21:52:34","date_gmt":"2022-10-27T21:52:34","guid":{"rendered":"http:\/\/promociondeeventos.sld.cu\/30aniversarioinfomed\/?page_id=2"},"modified":"2022-12-16T04:25:29","modified_gmt":"2022-12-16T04:25:29","slug":"pagina-ejemplo","status":"publish","type":"page","link":"https:\/\/promociondeeventos.sld.cu\/30aniversarioinfomed\/pagina-ejemplo\/","title":{"rendered":"De la historia"},"content":{"rendered":"<p><a title=\"xxv anivesario Infomed\" href=\"https:\/\/promociondeeventos.sld.cu\/xxvaniversarioinfomed\/infomed-en-la-publicacion-cientifica\/\" target=\"_blank\">Publicaciones acerca de Infomed<\/a>, en el sitio web del xxv aniversario de Infomed<\/p>\n<p><a title=\"XX aniversario Infomed\" href=\"https:\/\/promociondeeventos.sld.cu\/xxaniversarioinfomed\/2012\/09\/14\/entrevistas\/\" target=\"_blank\">Entrevista a la Lic. Mar\u00eda del Carmen Amaro Cano, <\/a>en ocasi\u00f3n del XX aniversario de Infomed<\/p>\n<p><a href=\"https:\/\/promociondeeventos.sld.cu\/12cencomed\/programa\/\" target=\"_blank\">Recuerdo del programa de actividades en ocasi\u00f3n del XIX aniversario de Infomed<\/a> y XXII de Cencomed<\/p>\n<p><a title=\"18 aniversario de Infomed y 11 de Cencomed\" href=\"https:\/\/promociondeeventos.sld.cu\/11cencomed\/\" target=\"_blank\">Sitio web del XVIII aniversario de Infomed y XXI de Cencomed<\/a><\/p>\n<p><a href=\"https:\/\/www.sld.cu\/sitios\/aniversario40\/temas.php?idv=2370\" target=\"_blank\">Rese\u00f1a acerca de Infomed, en ocasi\u00f3n del 40 aniversario del Centro Nacional de Informaci\u00f3n de Ciencias M\u00e9dicas<\/a><\/p>\n<p>&nbsp;<\/p>\n<p>&nbsp;<\/p>\n","protected":false},"excerpt":{"rendered":"<p>Publicaciones acerca de Infomed, en el sitio web del xxv aniversario de Infomed Entrevista a la Lic. Mar\u00eda del Carmen Amaro Cano, en ocasi\u00f3n del XX aniversario de Infomed Recuerdo del programa de actividades en ocasi\u00f3n del XIX aniversario de Infomed y XXII de Cencomed Sitio web del XVIII aniversario de Infomed y XXI de [&hellip;]<\/p>\n","protected":false},"author":4,"featured_media":0,"parent":0,"menu_order":0,"comment_status":"closed","ping_status":"open","template":"","meta":[],"_links":{"self":[{"href":"https:\/\/promociondeeventos.sld.cu\/30aniversarioinfomed\/wp-json\/wp\/v2\/pages\/2"}],"collection":[{"href":"https:\/\/promociondeeventos.sld.cu\/30aniversarioinfomed\/wp-json\/wp\/v2\/pages"}],"about":[{"href":"https:\/\/promociondeeventos.sld.cu\/30aniversarioinfomed\/wp-json\/wp\/v2\/types\/page"}],"author":[{"embeddable":true,"href":"https:\/\/promociondeeventos.sld.cu\/30aniversarioinfomed\/wp-json\/wp\/v2\/users\/4"}],"replies":[{"embeddable":true,"href":"https:\/\/promociondeeventos.sld.cu\/30aniversarioinfomed\/wp-json\/wp\/v2\/comments?post=2"}],"version-history":[{"count":12,"href":"https:\/\/promociondeeventos.sld.cu\/30aniversarioinfomed\/wp-json\/wp\/v2\/pages\/2\/revisions"}],"predecessor-version":[{"id":381,"href":"https:\/\/promociondeeventos.sld.cu\/30aniversarioinfomed\/wp-json\/wp\/v2\/pages\/2\/revisions\/381"}],"wp:attachment":[{"href":"https:\/\/promociondeeventos.sld.cu\/30aniversarioinfomed\/wp-json\/wp\/v2\/media?parent=2"}],"curies":[{"name":"wp","href":"https:\/\/api.w.org\/{rel}","templated":true}]}}